{"id":6496,"date":"2023-02-24T16:50:59","date_gmt":"2023-02-24T08:50:59","guid":{"rendered":"https:\/\/www.huashu-tech.com\/products\/lp8867qpwprq1\/"},"modified":"2023-02-24T16:51:02","modified_gmt":"2023-02-24T08:51:02","slug":"lp8867qpwprq1","status":"publish","type":"product","link":"https:\/\/www.huashu-tech.com\/vi\/product\/lp8867qpwprq1\/","title":{"rendered":"LP8867QPWPRQ1"},"content":{"rendered":"","protected":false},"excerpt":{"rendered":"<p>Tr\u00ecnh \u0111i\u1ec1u khi\u1ec3n \u0111\u00e8n LED \u00f4 t\u00f4 4 k\u00eanh 120 mA t\u00edch h\u1ee3p cao v\u1edbi b\u1ea3o v\u1ec7 FET \u0111\u01b0\u1eddng d\u00e2y \u0111i\u1ec7n<\/p>","protected":false},"featured_media":2187,"comment_status":"closed","ping_status":"open","template":"","meta":[],"product_cat":[126],"product_tag":[222],"acf":[],"tiered_pricing_fixed_rules":{"1":" 1.756\n","100":" 1.45\n","250":" 1.042\n","1000":" 0.784"},"tiered_pricing_percentage_rules":{"1":" 1.756\n","100":" 1.45\n","250":" 1.042\n","1000":" 0.784"},"tiered_pricing_type":"fixed","tiered_pricing_minimum":1,"_links":{"self":[{"href":"https:\/\/www.huashu-tech.com\/vi\/wp-json\/wp\/v2\/product\/6496"}],"collection":[{"href":"https:\/\/www.huashu-tech.com\/vi\/wp-json\/wp\/v2\/product"}],"about":[{"href":"https:\/\/www.huashu-tech.com\/vi\/wp-json\/wp\/v2\/types\/product"}],"replies":[{"embeddable":true,"href":"https:\/\/www.huashu-tech.com\/vi\/wp-json\/wp\/v2\/comments?post=6496"}],"wp:featuredmedia":[{"embeddable":true,"href":"https:\/\/www.huashu-tech.com\/vi\/wp-json\/wp\/v2\/media\/2187"}],"wp:attachment":[{"href":"https:\/\/www.huashu-tech.com\/vi\/wp-json\/wp\/v2\/media?parent=6496"}],"wp:term":[{"taxonomy":"product_cat","embeddable":true,"href":"https:\/\/www.huashu-tech.com\/vi\/wp-json\/wp\/v2\/product_cat?post=6496"},{"taxonomy":"product_tag","embeddable":true,"href":"https:\/\/www.huashu-tech.com\/vi\/wp-json\/wp\/v2\/product_tag?post=6496"}],"curies":[{"name":"wp","href":"https:\/\/api.w.org\/{rel}","templated":true}]}}