{"id":6325,"date":"2023-02-24T16:50:21","date_gmt":"2023-02-24T08:50:21","guid":{"rendered":"https:\/\/www.huashu-tech.com\/products\/tps3895adryr\/"},"modified":"2023-02-24T16:50:21","modified_gmt":"2023-02-24T08:50:21","slug":"tps3895adryr","status":"publish","type":"product","link":"https:\/\/www.huashu-tech.com\/vi\/product\/tps3895adryr\/","title":{"rendered":"TPS3895ADRYR"},"content":{"rendered":"","protected":false},"excerpt":{"rendered":"<p>B\u1ed9 gi\u00e1m s\u00e1t \u0111\u01a1n k\u00eanh, si\u00eau nh\u1ecf, c\u00f3 th\u1ec3 \u0111i\u1ec1u ch\u1ec9nh v\u1edbi \u0111\u1ea7u ra k\u00e9o \u0111\u1ea9y, ho\u1ea1t \u0111\u1ed9ng cao<\/p>","protected":false},"featured_media":2517,"comment_status":"closed","ping_status":"open","template":"","meta":[],"product_cat":[128],"product_tag":[222],"acf":[],"tiered_pricing_fixed_rules":{"1":" 1.134\n","100":" 0.872\n","250":" 0.642\n","1000":" 0.459"},"tiered_pricing_percentage_rules":{"1":" 1.134\n","100":" 0.872\n","250":" 0.642\n","1000":" 0.459"},"tiered_pricing_type":"fixed","tiered_pricing_minimum":1,"_links":{"self":[{"href":"https:\/\/www.huashu-tech.com\/vi\/wp-json\/wp\/v2\/product\/6325"}],"collection":[{"href":"https:\/\/www.huashu-tech.com\/vi\/wp-json\/wp\/v2\/product"}],"about":[{"href":"https:\/\/www.huashu-tech.com\/vi\/wp-json\/wp\/v2\/types\/product"}],"replies":[{"embeddable":true,"href":"https:\/\/www.huashu-tech.com\/vi\/wp-json\/wp\/v2\/comments?post=6325"}],"wp:featuredmedia":[{"embeddable":true,"href":"https:\/\/www.huashu-tech.com\/vi\/wp-json\/wp\/v2\/media\/2517"}],"wp:attachment":[{"href":"https:\/\/www.huashu-tech.com\/vi\/wp-json\/wp\/v2\/media?parent=6325"}],"wp:term":[{"taxonomy":"product_cat","embeddable":true,"href":"https:\/\/www.huashu-tech.com\/vi\/wp-json\/wp\/v2\/product_cat?post=6325"},{"taxonomy":"product_tag","embeddable":true,"href":"https:\/\/www.huashu-tech.com\/vi\/wp-json\/wp\/v2\/product_tag?post=6325"}],"curies":[{"name":"wp","href":"https:\/\/api.w.org\/{rel}","templated":true}]}}