{"id":6138,"date":"2023-02-24T16:49:32","date_gmt":"2023-02-24T08:49:32","guid":{"rendered":"https:\/\/www.huashu-tech.com\/products\/ne556n\/"},"modified":"2023-02-24T16:49:35","modified_gmt":"2023-02-24T08:49:35","slug":"ne556n","status":"publish","type":"product","link":"https:\/\/www.huashu-tech.com\/vi\/product\/ne556n\/","title":{"rendered":"NE556N"},"content":{"rendered":"","protected":false},"excerpt":{"rendered":"<p>H\u1eb9n gi\u1edd ch\u00ednh x\u00e1c k\u00e9p<\/p>","protected":false},"featured_media":2212,"comment_status":"closed","ping_status":"open","template":"","meta":[],"product_cat":[116],"product_tag":[222],"acf":[],"tiered_pricing_fixed_rules":{"1":" 0.462\n","100":" 0.314\n","250":" 0.242\n","1000":" 0.161"},"tiered_pricing_percentage_rules":{"1":" 0.462\n","100":" 0.314\n","250":" 0.242\n","1000":" 0.161"},"tiered_pricing_type":"fixed","tiered_pricing_minimum":1,"_links":{"self":[{"href":"https:\/\/www.huashu-tech.com\/vi\/wp-json\/wp\/v2\/product\/6138"}],"collection":[{"href":"https:\/\/www.huashu-tech.com\/vi\/wp-json\/wp\/v2\/product"}],"about":[{"href":"https:\/\/www.huashu-tech.com\/vi\/wp-json\/wp\/v2\/types\/product"}],"replies":[{"embeddable":true,"href":"https:\/\/www.huashu-tech.com\/vi\/wp-json\/wp\/v2\/comments?post=6138"}],"wp:featuredmedia":[{"embeddable":true,"href":"https:\/\/www.huashu-tech.com\/vi\/wp-json\/wp\/v2\/media\/2212"}],"wp:attachment":[{"href":"https:\/\/www.huashu-tech.com\/vi\/wp-json\/wp\/v2\/media?parent=6138"}],"wp:term":[{"taxonomy":"product_cat","embeddable":true,"href":"https:\/\/www.huashu-tech.com\/vi\/wp-json\/wp\/v2\/product_cat?post=6138"},{"taxonomy":"product_tag","embeddable":true,"href":"https:\/\/www.huashu-tech.com\/vi\/wp-json\/wp\/v2\/product_tag?post=6138"}],"curies":[{"name":"wp","href":"https:\/\/api.w.org\/{rel}","templated":true}]}}