{"id":6120,"date":"2023-02-24T16:49:27","date_gmt":"2023-02-24T08:49:27","guid":{"rendered":"https:\/\/www.huashu-tech.com\/products\/lp2985a-50dbvr\/"},"modified":"2023-02-24T16:49:30","modified_gmt":"2023-02-24T08:49:30","slug":"lp2985a-50dbvr","status":"publish","type":"product","link":"https:\/\/www.huashu-tech.com\/vi\/product\/lp2985a-50dbvr\/","title":{"rendered":"LP2985A-50DBVR"},"content":{"rendered":"","protected":false},"excerpt":{"rendered":"<p>B\u1ed9 \u0111i\u1ec1u ch\u1ec9nh \u0111i\u1ec7n \u00e1p 150-mA 16-V c\u00f3 \u0111\u1ed9 s\u1ee5t th\u1ea5p (LDO) c\u00f3 \u0111\u1ed9 ch\u00ednh x\u00e1c cao<\/p>","protected":false},"featured_media":2176,"comment_status":"closed","ping_status":"open","template":"","meta":[],"product_cat":[109],"product_tag":[222],"acf":[],"tiered_pricing_fixed_rules":{"1":" 0.416\n","100":" 0.283\n","250":" 0.218\n","1000":" 0.145"},"tiered_pricing_percentage_rules":{"1":" 0.416\n","100":" 0.283\n","250":" 0.218\n","1000":" 0.145"},"tiered_pricing_type":"fixed","tiered_pricing_minimum":1,"_links":{"self":[{"href":"https:\/\/www.huashu-tech.com\/vi\/wp-json\/wp\/v2\/product\/6120"}],"collection":[{"href":"https:\/\/www.huashu-tech.com\/vi\/wp-json\/wp\/v2\/product"}],"about":[{"href":"https:\/\/www.huashu-tech.com\/vi\/wp-json\/wp\/v2\/types\/product"}],"replies":[{"embeddable":true,"href":"https:\/\/www.huashu-tech.com\/vi\/wp-json\/wp\/v2\/comments?post=6120"}],"wp:featuredmedia":[{"embeddable":true,"href":"https:\/\/www.huashu-tech.com\/vi\/wp-json\/wp\/v2\/media\/2176"}],"wp:attachment":[{"href":"https:\/\/www.huashu-tech.com\/vi\/wp-json\/wp\/v2\/media?parent=6120"}],"wp:term":[{"taxonomy":"product_cat","embeddable":true,"href":"https:\/\/www.huashu-tech.com\/vi\/wp-json\/wp\/v2\/product_cat?post=6120"},{"taxonomy":"product_tag","embeddable":true,"href":"https:\/\/www.huashu-tech.com\/vi\/wp-json\/wp\/v2\/product_tag?post=6120"}],"curies":[{"name":"wp","href":"https:\/\/api.w.org\/{rel}","templated":true}]}}