{"id":5991,"date":"2023-02-24T16:49:00","date_gmt":"2023-02-24T08:49:00","guid":{"rendered":"https:\/\/www.huashu-tech.com\/products\/bq27220yzfr\/"},"modified":"2023-02-24T16:49:01","modified_gmt":"2023-02-24T08:49:01","slug":"bq27220yzfr","status":"publish","type":"product","link":"https:\/\/www.huashu-tech.com\/vi\/product\/bq27220yzfr\/","title":{"rendered":"BQ27220YZFR"},"content":{"rendered":"","protected":false},"excerpt":{"rendered":"<p>M\u00e1y \u0111o nhi\u00ean li\u1ec7u (kh\u00ed) pin CEDV ph\u00eda h\u1ec7 th\u1ed1ng\/b\u1ed9 pin \u0111\u01a1n v\u1edbi h\u1ed3 s\u01a1 h\u00f3a h\u1ecdc \u0111\u01b0\u1ee3c l\u1eadp tr\u00ecnh s\u1eb5n<\/p>","protected":false},"featured_media":0,"comment_status":"closed","ping_status":"open","template":"","meta":[],"product_cat":[78],"product_tag":[222],"acf":[],"tiered_pricing_fixed_rules":{"1":" 1.546\n","100":" 1.277\n","250":" 0.917\n","1000":" 0.69"},"tiered_pricing_percentage_rules":{"1":" 1.546\n","100":" 1.277\n","250":" 0.917\n","1000":" 0.69"},"tiered_pricing_type":"fixed","tiered_pricing_minimum":1,"_links":{"self":[{"href":"https:\/\/www.huashu-tech.com\/vi\/wp-json\/wp\/v2\/product\/5991"}],"collection":[{"href":"https:\/\/www.huashu-tech.com\/vi\/wp-json\/wp\/v2\/product"}],"about":[{"href":"https:\/\/www.huashu-tech.com\/vi\/wp-json\/wp\/v2\/types\/product"}],"replies":[{"embeddable":true,"href":"https:\/\/www.huashu-tech.com\/vi\/wp-json\/wp\/v2\/comments?post=5991"}],"wp:attachment":[{"href":"https:\/\/www.huashu-tech.com\/vi\/wp-json\/wp\/v2\/media?parent=5991"}],"wp:term":[{"taxonomy":"product_cat","embeddable":true,"href":"https:\/\/www.huashu-tech.com\/vi\/wp-json\/wp\/v2\/product_cat?post=5991"},{"taxonomy":"product_tag","embeddable":true,"href":"https:\/\/www.huashu-tech.com\/vi\/wp-json\/wp\/v2\/product_tag?post=5991"}],"curies":[{"name":"wp","href":"https:\/\/api.w.org\/{rel}","templated":true}]}}