{"id":7467,"date":"2023-05-22T09:22:30","date_gmt":"2023-05-22T01:22:30","guid":{"rendered":"https:\/\/www.huashu-tech.com\/?page_id=7467"},"modified":"2025-04-23T14:40:07","modified_gmt":"2025-04-23T06:40:07","slug":"quality","status":"publish","type":"page","link":"https:\/\/www.huashu-tech.com\/vi\/about-hs\/quality\/","title":{"rendered":"H\u1ec7 th\u1ed1ng qu\u1ea3n l\u00fd ch\u1ea5t l\u01b0\u1ee3ng"},"content":{"rendered":"<div class=\"banner has-hover hide-for-small\" id=\"banner-1866726197\">\n          <div class=\"banner-inner fill\">\n        <div class=\"banner-bg fill\" >\n            <div class=\"bg fill bg-fill\"><\/div>\n                                    \n                    <\/div>\n\t\t\n        <div class=\"banner-layers container\">\n            <div class=\"fill banner-link\"><\/div>            \n\n   <div id=\"text-box-1836559092\" class=\"text-box banner-layer x100 md-x100 lg-x100 y50 md-y50 lg-y50 res-text\">\n                                <div class=\"text-box-content text dark\">\n              \n              <div class=\"text-inner text-center\">\n                  \n\n\t<div id=\"text-3893109219\" class=\"text regular\">\n\t\t\n\n<h3>C\u00f4ng ngh\u1ec7 \u0111\u1ecbnh h\u00ecnh t\u01b0\u01a1ng lai th\u00f4ng minh<br \/>\n<\/h3>\n\t\t\n<style>\n#text-3893109219 {\n  font-size: 1rem;\n  text-align: left;\n}\n@media (min-width:550px) {\n  #text-3893109219 {\n    font-size: 1.2rem;\n  }\n}\n<\/style>\n\t<\/div>\n\t\n\t<div id=\"text-196822523\" class=\"text regular\">\n\t\t\n\n<p>K\u1ebft n\u1ed1i chu\u1ed7i cung \u1ee9ng v\u1edbi tr\u00ed t\u01b0\u1edfng t\u01b0\u1ee3ng kh\u00f4ng gi\u1edbi h\u1ea1n c\u1ee7a c\u00f4ng ngh\u1ec7 th\u00f4ng minh<\/p>\n\t\t\n<style>\n#text-196822523 {\n  font-size: 0.95rem;\n  text-align: left;\n}\n<\/style>\n\t<\/div>\n\t\n\n              <\/div>\n           <\/div>\n                            \n<style>\n#text-box-1836559092 .text-box-content {\n  background-color: rgb(19, 100, 181);\n  font-size: 100%;\n}\n#text-box-1836559092 .text-inner {\n  padding: 22px 22px 22px 22px;\n}\n#text-box-1836559092 {\n  width: 100%;\n}\n@media (min-width:550px) {\n  #text-box-1836559092 .text-inner {\n    padding: 32px 32px 32px 32px;\n  }\n  #text-box-1836559092 {\n    width: 60%;\n  }\n}\n<\/style>\n    <\/div>\n \n\n        <\/div>\n      <\/div>\n\n            \n<style>\n#banner-1866726197 {\n  padding-top: 300px;\n}\n#banner-1866726197 .bg.bg-loaded {\n  background-image: url(https:\/\/www.huashu-tech.com\/wp-content\/uploads\/about-hs-banner-scaled.webp);\n}\n#banner-1866726197 .ux-shape-divider--top svg {\n  height: 150px;\n  --divider-top-width: 100%;\n}\n#banner-1866726197 .ux-shape-divider--bottom svg {\n  height: 150px;\n  --divider-width: 100%;\n}\n<\/style>\n  <\/div>\n\n\n\n  <div class=\"banner has-hover show-for-small\" id=\"banner-1243720797\">\n          <div class=\"banner-inner fill\">\n        <div class=\"banner-bg fill\" >\n            <div class=\"bg fill bg-fill\"><\/div>\n                                    \n                    <\/div>\n\t\t\n        <div class=\"banner-layers container\">\n            <div class=\"fill banner-link\"><\/div>            \n\n   <div id=\"text-box-1706527788\" class=\"text-box banner-layer x100 md-x100 lg-x100 y50 md-y50 lg-y50 res-text\">\n                                <div class=\"text-box-content text dark\">\n              \n              <div class=\"text-inner text-center\">\n                  \n\n\t<div id=\"text-1836784818\" class=\"text regular\">\n\t\t\n\n<h3>C\u00f4ng ngh\u1ec7 \u0111\u1ecbnh h\u00ecnh t\u01b0\u01a1ng lai th\u00f4ng minh<br \/>\n<\/h3>\n\t\t\n<style>\n#text-1836784818 {\n  font-size: 1rem;\n  text-align: left;\n}\n@media (min-width:550px) {\n  #text-1836784818 {\n    font-size: 1.2rem;\n  }\n}\n<\/style>\n\t<\/div>\n\t\n\t<div id=\"text-1077999018\" class=\"text regular\">\n\t\t\n\n<p>K\u1ebft n\u1ed1i chu\u1ed7i cung \u1ee9ng v\u1edbi tr\u00ed t\u01b0\u1edfng t\u01b0\u1ee3ng kh\u00f4ng gi\u1edbi h\u1ea1n c\u1ee7a c\u00f4ng ngh\u1ec7 th\u00f4ng minh<\/p>\n\t\t\n<style>\n#text-1077999018 {\n  font-size: 0.95rem;\n  text-align: left;\n}\n<\/style>\n\t<\/div>\n\t\n\n              <\/div>\n           <\/div>\n                            \n<style>\n#text-box-1706527788 .text-box-content {\n  background-color: rgba(19, 100, 181, 0.622);\n  font-size: 100%;\n}\n#text-box-1706527788 .text-inner {\n  padding: 22px 22px 22px 22px;\n}\n#text-box-1706527788 {\n  width: 100%;\n}\n@media (min-width:550px) {\n  #text-box-1706527788 .text-inner {\n    padding: 32px 32px 32px 32px;\n  }\n  #text-box-1706527788 {\n    width: 52%;\n  }\n}\n<\/style>\n    <\/div>\n \n\n        <\/div>\n      <\/div>\n\n            \n<style>\n#banner-1243720797 {\n  padding-top: 280px;\n}\n#banner-1243720797 .bg.bg-loaded {\n  background-image: url(https:\/\/www.huashu-tech.com\/wp-content\/uploads\/about-hs-banner-scaled.webp);\n}\n#banner-1243720797 .ux-shape-divider--top svg {\n  height: 150px;\n  --divider-top-width: 100%;\n}\n#banner-1243720797 .ux-shape-divider--bottom svg {\n  height: 150px;\n  --divider-width: 100%;\n}\n@media (min-width:550px) {\n  #banner-1243720797 {\n    padding-top: 300px;\n  }\n}\n<\/style>\n  <\/div>\n\n\n\t<section class=\"section\" id=\"section_1641405627\">\n\t\t<div class=\"bg section-bg fill bg-fill  bg-loaded\" >\n\n\t\t\t\n\t\t\t\n\t\t\t\n\n\t\t<\/div>\n\n\t\t\n\n\t\t<div class=\"section-content relative\">\n\t\t\t\n<div class=\"row row-collapse\"  id=\"row-13546742\">\n\n\t<div id=\"col-1518714363\" class=\"col small-12 large-12\"  >\n\t\t\t\t<div class=\"col-inner\"  >\n\t\t\t\n\t\t\t\n\t<div id=\"stack-3291961197\" class=\"stack stack-row justify-center items-stretch\">\n\t\t\n<a href=\"https:\/\/www.huashu-tech.com\/vi\/about-hs\/\" target=\"_self\" class=\"button primary is-link\"  >\n    <span>Gi\u1edbi thi\u1ec7u v\u1ec1 HUASHU<\/span>\n  <\/a>\n\n<a href=\"https:\/\/www.huashu-tech.com\/vi\/about-hs\/why-huashu\/\" target=\"_self\" class=\"button primary is-link\"  >\n    <span>T\u1ea1i sao HUASHU<\/span>\n  <\/a>\n\n<a href=\"https:\/\/www.huashu-tech.com\/vi\/about-hs\/business\/\" target=\"_self\" class=\"button primary is-link\"  >\n    <span>Vi\u1ec7c kinh doanh<\/span>\n  <\/a>\n\n<a href=\"https:\/\/www.huashu-tech.com\/vi\/about-hs\/quality\/\" target=\"_self\" class=\"button primary is-link active\"  >\n    <span>Qu\u1ea3n l\u00fd ch\u1ea5t l\u01b0\u1ee3ng<\/span>\n  <\/a>\n\n<a href=\"https:\/\/www.huashu-tech.com\/vi\/about-hs\/duty\/\" target=\"_self\" class=\"button primary is-link\"  >\n    <span>T\u1ea7m nh\u00ecn doanh nghi\u1ec7p<\/span>\n  <\/a>\n\n\t\t\n<style>\n#stack-3291961197 > * {\n  --stack-gap: 5rem;\n}\n<\/style>\n\t<\/div>\n\t\n<div class=\"is-divider divider clearfix\" style=\"max-width:100%;height:1px;background-color:rgb(238, 238, 238);\"><\/div>\n\t\t<\/div>\n\t\t\t\t\t<\/div>\n\n\t\n<\/div>\n\t\t<\/div>\n\n\t\t\n<style>\n#section_1641405627 {\n  padding-top: 30px;\n  padding-bottom: 30px;\n}\n#section_1641405627 .ux-shape-divider--top svg {\n  height: 150px;\n  --divider-top-width: 100%;\n}\n#section_1641405627 .ux-shape-divider--bottom svg {\n  height: 150px;\n  --divider-width: 100%;\n}\n<\/style>\n\t<\/section>\n\t\n\t<section class=\"section\" id=\"section_2030519886\">\n\t\t<div class=\"bg section-bg fill bg-fill  bg-loaded\" >\n\n\t\t\t\n\t\t\t\n\t\t\t\n\n\t\t<\/div>\n\n\t\t\n\n\t\t<div class=\"section-content relative\">\n\t\t\t\n\t<div id=\"gap-1198875302\" class=\"gap-element clearfix\" style=\"display:block; height:auto;\">\n\t\t\n<style>\n#gap-1198875302 {\n  padding-top: 45px;\n}\n<\/style>\n\t<\/div>\n\t\n\n  \n    <div class=\"row large-columns-4 medium-columns-3 small-columns-2 slider row-slider slider-nav-simple slider-nav-outside slider-nav-push\"  data-flickity-options='{\"imagesLoaded\": true, \"groupCells\": \"100%\", \"dragThreshold\" : 5, \"cellAlign\": \"left\",\"wrapAround\": true,\"prevNextButtons\": true,\"percentPosition\": true,\"pageDots\": false, \"rightToLeft\": false, \"autoPlay\" : 2000}'>\n\n  <div class=\"gallery-col col\" >\n          <div class=\"col-inner\">\n                        <div class=\"box has-hover gallery-box box-normal\">\n              <div class=\"box-image image-cover\" style=\"padding-top:70%;\">\n                <img width=\"300\" height=\"203\" src=\"https:\/\/www.huashu-tech.com\/wp-content\/uploads\/hs-shenzhen-1.webp\" class=\"attachment-medium size-medium\" alt=\"\" loading=\"lazy\" ids=\"8251,8250,1629,1630,8276,8275,8335,8209\" style=\"normal\" lightbox=\"false\" type=\"slider\" slider_nav_style=\"simple\" slider_nav_position=\"outside\" auto_slide=\"2000\" image_height=\"70%\" text_align=\"center\" text_size=\"large\" \/>                                                              <\/div>\n              <div class=\"box-text text-center is-large\" >\n                 <p>V\u0103n ph\u00f2ng Th\u00e2m Quy\u1ebfn<\/p>\n              <\/div>\n            <\/div>\n                      <\/div>\n         <\/div><div class=\"gallery-col col\" >\n          <div class=\"col-inner\">\n                        <div class=\"box has-hover gallery-box box-normal\">\n              <div class=\"box-image image-cover\" style=\"padding-top:70%;\">\n                <img width=\"300\" height=\"203\" src=\"https:\/\/www.huashu-tech.com\/wp-content\/uploads\/hs-hk-workzone-1.webp\" class=\"attachment-medium size-medium\" alt=\"\" loading=\"lazy\" ids=\"8251,8250,1629,1630,8276,8275,8335,8209\" style=\"normal\" lightbox=\"false\" type=\"slider\" slider_nav_style=\"simple\" slider_nav_position=\"outside\" auto_slide=\"2000\" image_height=\"70%\" text_align=\"center\" text_size=\"large\" \/>                                                              <\/div>\n              <div class=\"box-text text-center is-large\" >\n                 <p>V\u0103n ph\u00f2ng H\u1ed3ng K\u00f4ng<\/p>\n              <\/div>\n            <\/div>\n                      <\/div>\n         <\/div><div class=\"gallery-col col\" >\n          <div class=\"col-inner\">\n                        <div class=\"box has-hover gallery-box box-normal\">\n              <div class=\"box-image image-cover\" style=\"padding-top:70%;\">\n                <img width=\"300\" height=\"200\" src=\"https:\/\/www.huashu-tech.com\/wp-content\/uploads\/2-1.webp\" class=\"attachment-medium size-medium\" alt=\"\" loading=\"lazy\" ids=\"8251,8250,1629,1630,8276,8275,8335,8209\" style=\"normal\" lightbox=\"false\" type=\"slider\" slider_nav_style=\"simple\" slider_nav_position=\"outside\" auto_slide=\"2000\" image_height=\"70%\" text_align=\"center\" text_size=\"large\" \/>                                                              <\/div>\n              <div class=\"box-text text-center is-large\" >\n                 <p>Kho Th\u00e2m Quy\u1ebfn<\/p>\n              <\/div>\n            <\/div>\n                      <\/div>\n         <\/div><div class=\"gallery-col col\" >\n          <div class=\"col-inner\">\n                        <div class=\"box has-hover gallery-box box-normal\">\n              <div class=\"box-image image-cover\" style=\"padding-top:70%;\">\n                <img width=\"300\" height=\"200\" src=\"https:\/\/www.huashu-tech.com\/wp-content\/uploads\/2-3.webp\" class=\"attachment-medium size-medium\" alt=\"\" loading=\"lazy\" ids=\"8251,8250,1629,1630,8276,8275,8335,8209\" style=\"normal\" lightbox=\"false\" type=\"slider\" slider_nav_style=\"simple\" slider_nav_position=\"outside\" auto_slide=\"2000\" image_height=\"70%\" text_align=\"center\" text_size=\"large\" \/>                                                              <\/div>\n              <div class=\"box-text text-center is-large\" >\n                 <p>Kho H\u1ed3ng K\u00f4ng<\/p>\n              <\/div>\n            <\/div>\n                      <\/div>\n         <\/div><div class=\"gallery-col col\" >\n          <div class=\"col-inner\">\n                        <div class=\"box has-hover gallery-box box-normal\">\n              <div class=\"box-image image-cover\" style=\"padding-top:70%;\">\n                <img width=\"300\" height=\"200\" src=\"https:\/\/www.huashu-tech.com\/wp-content\/uploads\/Incoming-inspection-center.webp\" class=\"attachment-medium size-medium\" alt=\"\" loading=\"lazy\" ids=\"8251,8250,1629,1630,8276,8275,8335,8209\" style=\"normal\" lightbox=\"false\" type=\"slider\" slider_nav_style=\"simple\" slider_nav_position=\"outside\" auto_slide=\"2000\" image_height=\"70%\" text_align=\"center\" text_size=\"large\" \/>                                                              <\/div>\n              <div class=\"box-text text-center is-large\" >\n                 <p>Trung t\u00e2m ki\u1ec3m tra<\/p>\n              <\/div>\n            <\/div>\n                      <\/div>\n         <\/div><div class=\"gallery-col col\" >\n          <div class=\"col-inner\">\n                        <div class=\"box has-hover gallery-box box-normal\">\n              <div class=\"box-image image-cover\" style=\"padding-top:70%;\">\n                <img width=\"300\" height=\"200\" src=\"https:\/\/www.huashu-tech.com\/wp-content\/uploads\/Test-center.webp\" class=\"attachment-medium size-medium\" alt=\"\" loading=\"lazy\" ids=\"8251,8250,1629,1630,8276,8275,8335,8209\" style=\"normal\" lightbox=\"false\" type=\"slider\" slider_nav_style=\"simple\" slider_nav_position=\"outside\" auto_slide=\"2000\" image_height=\"70%\" text_align=\"center\" text_size=\"large\" \/>                                                              <\/div>\n              <div class=\"box-text text-center is-large\" >\n                 <p>Trung t\u00e2m kh\u1ea3o th\u00ed<\/p>\n              <\/div>\n            <\/div>\n                      <\/div>\n         <\/div><div class=\"gallery-col col\" >\n          <div class=\"col-inner\">\n                        <div class=\"box has-hover gallery-box box-normal\">\n              <div class=\"box-image image-cover\" style=\"padding-top:70%;\">\n                <img width=\"300\" height=\"225\" src=\"https:\/\/www.huashu-tech.com\/wp-content\/uploads\/hsen-1-3.webp\" class=\"attachment-medium size-medium\" alt=\"\" loading=\"lazy\" ids=\"8251,8250,1629,1630,8276,8275,8335,8209\" style=\"normal\" lightbox=\"false\" type=\"slider\" slider_nav_style=\"simple\" slider_nav_position=\"outside\" auto_slide=\"2000\" image_height=\"70%\" text_align=\"center\" text_size=\"large\" \/>                                                              <\/div>\n              <div class=\"box-text text-center is-large\" >\n                 <p>Kho Th\u00e2m Quy\u1ebfn<\/p>\n              <\/div>\n            <\/div>\n                      <\/div>\n         <\/div><div class=\"gallery-col col\" >\n          <div class=\"col-inner\">\n                        <div class=\"box has-hover gallery-box box-normal\">\n              <div class=\"box-image image-cover\" style=\"padding-top:70%;\">\n                <img width=\"300\" height=\"110\" src=\"https:\/\/www.huashu-tech.com\/wp-content\/uploads\/2-6-1-e1715059014541.webp\" class=\"attachment-medium size-medium\" alt=\"\" loading=\"lazy\" ids=\"8251,8250,1629,1630,8276,8275,8335,8209\" style=\"normal\" lightbox=\"false\" type=\"slider\" slider_nav_style=\"simple\" slider_nav_position=\"outside\" auto_slide=\"2000\" image_height=\"70%\" text_align=\"center\" text_size=\"large\" \/>                                                              <\/div>\n              <div class=\"box-text text-center is-large\" >\n                 <p>Kho Th\u00e2m Quy\u1ebfn<\/p>\n              <\/div>\n            <\/div>\n                      <\/div>\n         <\/div><\/div>\n\t\t<\/div>\n\n\t\t\n<style>\n#section_2030519886 {\n  padding-top: 30px;\n  padding-bottom: 30px;\n  background-color: rgb(249, 249, 249);\n}\n#section_2030519886 .ux-shape-divider--top svg {\n  height: 150px;\n  --divider-top-width: 100%;\n}\n#section_2030519886 .ux-shape-divider--bottom svg {\n  height: 150px;\n  --divider-width: 100%;\n}\n<\/style>\n\t<\/section>\n\t\n\t<section class=\"section\" id=\"section_1683867861\">\n\t\t<div class=\"bg section-bg fill bg-fill  bg-loaded\" >\n\n\t\t\t\n\t\t\t\n\t\t\t\n\n\t\t<\/div>\n\n\t\t\n\n\t\t<div class=\"section-content relative\">\n\t\t\t\n<div class=\"row\"  id=\"row-1199140111\">\n\n\t<div id=\"col-366051666\" class=\"col small-12 large-12\"  >\n\t\t\t\t<div class=\"col-inner\"  >\n\t\t\t\n\t\t\t\n\t<div id=\"gap-1217688646\" class=\"gap-element clearfix\" style=\"display:block; height:auto;\">\n\t\t\n<style>\n#gap-1217688646 {\n  padding-top: 45px;\n}\n<\/style>\n\t<\/div>\n\t\n\t<div id=\"text-717388486\" class=\"text\">\n\t\t\n<h2>QU\u1ea2N L\u00dd QC &amp; CH\u1ee8NG CH\u1ec8<\/h2>\n\t\t\n<style>\n#text-717388486 {\n  font-size: 1.4rem;\n  text-align: left;\n}\n<\/style>\n\t<\/div>\n\t\n\t\t<\/div>\n\t\t\t\t\t<\/div>\n\n\t\n<\/div>\n<div class=\"row\"  id=\"row-533235441\">\n\n\t<div id=\"col-662360621\" class=\"col medium-6 small-12 large-6\"  >\n\t\t\t\t<div class=\"col-inner\"  >\n\t\t\t\n\t\t\t\n\t<div id=\"text-2420466666\" class=\"text\">\n\t\t\n<ul>\n<li>L\u00e0 nh\u00e0 cung c\u1ea5p ch\u00ednh trong ng\u00e0nh, vi\u1ec7c ki\u1ec3m so\u00e1t ch\u1ea5t l\u01b0\u1ee3ng nghi\u00eam ng\u1eb7t l\u00e0 ch\u00eca kh\u00f3a th\u00e0nh c\u00f4ng c\u1ee7a ch\u00fang t\u00f4i.<\/li>\n<li>Khoa h\u1ecdc v\u00e0 C\u00f4ng ngh\u1ec7 Huashu lu\u00f4n cam k\u1ebft theo \u0111u\u1ed5i h\u1ec7 th\u1ed1ng qu\u1ea3n l\u00fd ch\u1ea5t l\u01b0\u1ee3ng \u201ckh\u00f4ng khuy\u1ebft t\u1eadt\u201d. T\u1eeb qu\u1ea3n l\u00fd chu\u1ed7i cung \u1ee9ng \u0111\u1ebfn gi\u00e1m s\u00e1t giao d\u1ecbch \u0111\u01a1n l\u1ebb, t\u1eeb h\u1ec7 th\u1ed1ng ph\u00e2n lo\u1ea1i nh\u00e0 cung c\u1ea5p \u0111\u1ebfn quy tr\u00ecnh ki\u1ec3m tra ch\u1ea5t l\u01b0\u1ee3ng, ch\u00fang t\u00f4i \u0111\u00e3 thi\u1ebft l\u1eadp m\u1ed9t h\u1ec7 th\u1ed1ng qu\u1ea3n l\u00fd ch\u1ea5t l\u01b0\u1ee3ng ho\u00e0n ch\u1ec9nh. Bao g\u1ed3m:<\/li>\n<\/ul>\n<p>\u00a0 \u00a0 \u00a0 1. Qu\u1ea3n l\u00fd nh\u00e0 cung c\u1ea5p;<\/p>\n<p>\u00a0 \u00a0 \u00a0 2. Quy tr\u00ecnh ki\u1ec3m tra ch\u1ea5t l\u01b0\u1ee3ng;<\/p>\n<p>\u00a0 \u00a0 \u00a0 3. L\u01b0u tr\u1eef k\u1ef9 thu\u1eadt s\u1ed1 t\u1ea5t c\u1ea3 c\u00e1c giao d\u1ecbch;<\/p>\n<p>\u00a0 \u00a0 \u00a0 4. Kho b\u00e3i &amp; v\u1eadn chuy\u1ec3n an to\u00e0n;<\/p>\n<p>\u00a0 \u00a0 \u00a0 5. Quy tr\u00ecnh RMA.<\/p>\n<ul>\n<li>Huashu Technology \u0111\u00e3 \u0111\u1ea1t \u0111\u01b0\u1ee3c ch\u1ee9ng nh\u1eadn ISO 9001\/2015 v\u00e0 \u0111\u01b0\u1ee3c nhi\u1ec1u doanh nghi\u1ec7p n\u1ed5i ti\u1ebfng trong ng\u00e0nh c\u00f4ng nh\u1eadn l\u00e0 \u201cnh\u00e0 cung c\u1ea5p \u0111\u1ee7 ti\u00eau chu\u1ea9n\u201d<\/li>\n<li>M\u1ecdi th\u1ee9 \u0111\u1ec1u b\u1eaft \u0111\u1ea7u t\u1eeb k\u00eanh v\u00e0 chi\u1ebfn l\u01b0\u1ee3c qu\u1ea3n l\u00fd ch\u1ea5t l\u01b0\u1ee3ng v\u1eefng ch\u1eafc cho ph\u00e9p ch\u00fang t\u00f4i gi\u00e0nh \u0111\u01b0\u1ee3c danh ti\u1ebfng c\u1ee7a kh\u00e1ch h\u00e0ng trong chu\u1ed7i cung \u1ee9ng linh ki\u1ec7n \u0111i\u1ec7n t\u1eed.<\/li>\n<\/ul>\n\t\t\n<style>\n#text-2420466666 {\n  line-height: 1.8;\n}\n<\/style>\n\t<\/div>\n\t\n\t\t<\/div>\n\t\t\t\t\t<\/div>\n\n\t\n\n\t<div id=\"col-350398872\" class=\"col medium-6 small-12 large-6\"  >\n\t\t\t\t<div class=\"col-inner\"  >\n\t\t\t\n\t\t\t\n\t<div class=\"img has-hover x md-x lg-x y md-y lg-y\" id=\"image_304266259\">\n\t\t\t\t\t\t\t\t<div class=\"img-inner dark\" >\n\t\t\t<img width=\"1020\" height=\"710\" src=\"https:\/\/www.huashu-tech.com\/wp-content\/uploads\/2025-scaled.jpg\" class=\"attachment-large size-large\" alt=\"\" loading=\"lazy\" srcset=\"https:\/\/www.huashu-tech.com\/wp-content\/uploads\/2025-scaled.jpg 2560w, https:\/\/www.huashu-tech.com\/wp-content\/uploads\/2025-18x12.jpg 18w\" sizes=\"(max-width: 1020px) 100vw, 1020px\" \/>\t\t\t\t\t\t\n\t\t\t\t\t<\/div>\n\t\t\t\t\t\t\t\t\n<style>\n#image_304266259 {\n  width: 100%;\n}\n<\/style>\n\t<\/div>\n\t\n\t\t<\/div>\n\t\t\t\t\t<\/div>\n\n\t\n<\/div>\n\t\t<\/div>\n\n\t\t\n<style>\n#section_1683867861 {\n  padding-top: 30px;\n  padding-bottom: 30px;\n}\n#section_1683867861 .ux-shape-divider--top svg {\n  height: 150px;\n  --divider-top-width: 100%;\n}\n#section_1683867861 .ux-shape-divider--bottom svg {\n  height: 150px;\n  --divider-width: 100%;\n}\n<\/style>\n\t<\/section>","protected":false},"excerpt":{"rendered":"","protected":false},"author":1,"featured_media":0,"parent":1486,"menu_order":0,"comment_status":"closed","ping_status":"closed","template":"page-blank.php","meta":[],"acf":[],"_links":{"self":[{"href":"https:\/\/www.huashu-tech.com\/vi\/wp-json\/wp\/v2\/pages\/7467"}],"collection":[{"href":"https:\/\/www.huashu-tech.com\/vi\/wp-json\/wp\/v2\/pages"}],"about":[{"href":"https:\/\/www.huashu-tech.com\/vi\/wp-json\/wp\/v2\/types\/page"}],"author":[{"embeddable":true,"href":"https:\/\/www.huashu-tech.com\/vi\/wp-json\/wp\/v2\/users\/1"}],"replies":[{"embeddable":true,"href":"https:\/\/www.huashu-tech.com\/vi\/wp-json\/wp\/v2\/comments?post=7467"}],"version-history":[{"count":23,"href":"https:\/\/www.huashu-tech.com\/vi\/wp-json\/wp\/v2\/pages\/7467\/revisions"}],"predecessor-version":[{"id":8974,"href":"https:\/\/www.huashu-tech.com\/vi\/wp-json\/wp\/v2\/pages\/7467\/revisions\/8974"}],"up":[{"embeddable":true,"href":"https:\/\/www.huashu-tech.com\/vi\/wp-json\/wp\/v2\/pages\/1486"}],"wp:attachment":[{"href":"https:\/\/www.huashu-tech.com\/vi\/wp-json\/wp\/v2\/media?parent=7467"}],"curies":[{"name":"wp","href":"https:\/\/api.w.org\/{rel}","templated":true}]}}