{"id":1664,"date":"2023-01-13T12:25:32","date_gmt":"2023-01-13T04:25:32","guid":{"rendered":"https:\/\/www.huashu-tech.com\/?page_id=1664"},"modified":"2023-07-18T11:09:36","modified_gmt":"2023-07-18T03:09:36","slug":"ac-charging","status":"publish","type":"page","link":"https:\/\/www.huashu-tech.com\/vi\/solutions\/charging-pile\/ac-charging\/","title":{"rendered":"Tr\u1ea1m s\u1ea1c AC (c\u1ecdc)"},"content":{"rendered":"<div class=\"banner has-hover hide-for-small\" id=\"banner-2124356754\">\n          <div class=\"banner-inner fill\">\n        <div class=\"banner-bg fill\" >\n            <div class=\"bg fill bg-fill\"><\/div>\n                        <div class=\"overlay\"><\/div>            \n                    <\/div>\n\t\t\n        <div class=\"banner-layers container\">\n            <div class=\"fill banner-link\"><\/div>            \n\n\n        <\/div>\n      <\/div>\n\n            \n<style>\n#banner-2124356754 {\n  padding-top: 300px;\n}\n#banner-2124356754 .bg.bg-loaded {\n  background-image: url(https:\/\/www.huashu-tech.com\/wp-content\/uploads\/4-2-scaled.webp);\n}\n#banner-2124356754 .overlay {\n  background-color: rgba(19, 100, 181, 0.302);\n}\n#banner-2124356754 .ux-shape-divider--top svg {\n  height: 150px;\n  --divider-top-width: 100%;\n}\n#banner-2124356754 .ux-shape-divider--bottom svg {\n  height: 150px;\n  --divider-width: 100%;\n}\n<\/style>\n  <\/div>\n\n\n\n  <div class=\"banner has-hover show-for-small\" id=\"banner-356254896\">\n          <div class=\"banner-inner fill\">\n        <div class=\"banner-bg fill\" >\n            <div class=\"bg fill bg-fill\"><\/div>\n                        <div class=\"overlay\"><\/div>            \n                    <\/div>\n\t\t\n        <div class=\"banner-layers container\">\n            <div class=\"fill banner-link\"><\/div>            \n\n   <div id=\"text-box-1080250585\" class=\"text-box banner-layer spec-banner x0 md-x0 lg-x0 y50 md-y50 lg-y50 res-text\">\n                                <div class=\"text-box-content text dark\">\n              \n              <div class=\"text-inner text-center\">\n                  \n\n\t<div id=\"text-2142824020\" class=\"text spec\">\n\t\t\n\n<h3>\u201c\u575a\u5b9a\u4e0d\u79fb\u5efa\u8bbe\u5236\u9020\u5f3a\u56fd\u3001\u8d28\u91cf\u5f3a\u56fd\u3001\u7f51\u7edc\u5f3a\u56fd\u3001\u6570\u5b57\u4e2d\u56fd\u201d<\/h3>\n\t\t\n<style>\n#text-2142824020 {\n  font-size: 0.9rem;\n  text-align: left;\n}\n@media (min-width:550px) {\n  #text-2142824020 {\n    font-size: 1.2rem;\n  }\n}\n<\/style>\n\t<\/div>\n\t\n\t<div id=\"text-2453937062\" class=\"text\">\n\t\t\n\n<p>\u968f\u7740\u300a\u5de5\u4e1a\u4e92\u8054\u7f51\u521b\u65b0\u53d1\u5c55\u884c\u52a8\u8ba1\u5212\u300b\uff082021~2023\uff09\u7684\u53d1\u5e03,\u6807\u5fd7\u7740\u672a\u67653\u5e74\u5c06\u662f\u4e2d\u56fd\u5de5\u4e1a\u4e92\u8054\u7f51\u5feb\u901f\u6210\u957f\u671f\u7684\u5173\u952e\u671f\u3002<\/p>\n\t\t\n<style>\n#text-2453937062 {\n  font-size: 0.9rem;\n  text-align: left;\n}\n<\/style>\n\t<\/div>\n\t\n\n              <\/div>\n           <\/div>\n                            \n<style>\n#text-box-1080250585 .text-box-content {\n  background-color: rgba(20, 99, 181, 0.703);\n  font-size: 100%;\n}\n#text-box-1080250585 .text-inner {\n  padding: 20px 20px 20px 20px;\n}\n#text-box-1080250585 {\n  width: 100%;\n}\n@media (min-width:550px) {\n  #text-box-1080250585 .text-inner {\n    padding: 30px 30px 30px 30px;\n  }\n  #text-box-1080250585 {\n    width: 51%;\n  }\n}\n<\/style>\n    <\/div>\n \n\n        <\/div>\n      <\/div>\n\n            \n<style>\n#banner-356254896 {\n  padding-top: 300px;\n}\n#banner-356254896 .bg.bg-loaded {\n  background-image: url(https:\/\/www.huashu-tech.com\/wp-content\/uploads\/4-2-scaled.webp);\n}\n#banner-356254896 .overlay {\n  background-color: rgba(19, 100, 181, 0.302);\n}\n#banner-356254896 .ux-shape-divider--top svg {\n  height: 150px;\n  --divider-top-width: 100%;\n}\n#banner-356254896 .ux-shape-divider--bottom svg {\n  height: 150px;\n  --divider-width: 100%;\n}\n<\/style>\n  <\/div>\n\n\n\t<section class=\"section\" id=\"section_909733456\">\n\t\t<div class=\"bg section-bg fill bg-fill  bg-loaded\" >\n\n\t\t\t\n\t\t\t\n\t\t\t\n\n\t\t<\/div>\n\n\t\t\n\n\t\t<div class=\"section-content relative\">\n\t\t\t\n<div class=\"row\"  id=\"row-604113064\">\n\n\t<div id=\"col-607205749\" class=\"col medium-10 small-12 large-10\"  >\n\t\t\t\t<div class=\"col-inner\"  >\n\t\t\t\n\t\t\t\n\t<div id=\"text-66044667\" class=\"text\">\n\t\t\n<h2>Tr\u1ea1m s\u1ea1c AC (c\u1ecdc)<\/h2>\n\t\t\n<style>\n#text-66044667 {\n  font-size: 1.4rem;\n  text-align: left;\n}\n<\/style>\n\t<\/div>\n\t\n\t\t<\/div>\n\t\t\t\t\t<\/div>\n\n\t\n<\/div>\n<div class=\"row\"  id=\"row-987027225\">\n\n\t<div id=\"col-1189789947\" class=\"col medium-10 small-12 large-10\"  >\n\t\t\t\t<div class=\"col-inner\"  >\n\t\t\t\n\t\t\t\n\t<div id=\"text-2152028492\" class=\"text\">\n\t\t\n<h4>T\u1ed5ng quan<\/h4>\n\t\t\n<style>\n#text-2152028492 {\n  text-align: left;\n}\n<\/style>\n\t<\/div>\n\t\n\t<div id=\"text-2427709258\" class=\"text\">\n\t\t\n<p>Thi\u1ebft k\u1ebf tham chi\u1ebfu v\u00e0 m\u1ea1ch t\u00edch h\u1ee3p c\u1ee7a ch\u00fang t\u00f4i c\u00f3 th\u1ec3 gi\u00fap b\u1ea1n t\u1ea1o ra tr\u1ea1m s\u1ea1c (c\u1ecdc) AC cho xe \u0111i\u1ec7n (EV) th\u00f4ng minh v\u00e0 an to\u00e0n h\u01a1n. Cho d\u00f9 \u0111\u00f3 l\u00e0 h\u1ec7 th\u1ed1ng s\u1ea1c d\u00e2n d\u1ee5ng Lo\u1ea1i 1 hay h\u1ec7 th\u1ed1ng s\u1ea1c th\u01b0\u01a1ng m\u1ea1i Lo\u1ea1i 2, ch\u00fang t\u00f4i \u0111\u1ec1u c\u00f3 th\u1ec3 cung c\u1ea5p cho b\u1ea1n c\u00e1c b\u1ed9 ph\u1eadn ch\u00ednh x\u00e1c c\u1ea7n thi\u1ebft \u0111\u1ec3 truy\u1ec1n t\u1ea3i \u0111i\u1ec7n hi\u1ec7u qu\u1ea3 \u0111\u1ebfn \u00f4 t\u00f4 c\u1ee7a b\u1ea1n t\u1eeb \u1ed5 c\u1eafm \u0111i\u1ec7n xoay chi\u1ec1u m\u1ed9t pha ho\u1eb7c nhi\u1ec1u pha trong nh\u00e0 ho\u1eb7c v\u0103n ph\u00f2ng c\u1ee7a b\u1ea1n.<br \/>\n\t\t\n<style>\n#text-2427709258 {\n  line-height: 1.8;\n  text-align: left;\n}\n<\/style>\n\t<\/div>\n\t\n\t<div id=\"text-2375809897\" class=\"text\">\n\t\t\n<h4>Y\u00eau c\u1ea7u thi\u1ebft k\u1ebf<\/h4>\n\t\t\n<style>\n#text-2375809897 {\n  text-align: left;\n}\n<\/style>\n\t<\/div>\n\t\n\t<div id=\"text-3657232777\" class=\"text\">\n\t\t\n<p>Tr\u1ea1m s\u1ea1c (c\u1ecdc) AC m\u1edbi y\u00eau c\u1ea7u:<\/p>\n<ul>\n<li>S\u1ea1c xe \u0111i\u1ec7n nhanh h\u01a1n v\u00e0 hi\u1ec7u qu\u1ea3 h\u01a1n.<\/li>\n<li>Gi\u00e1m s\u00e1t n\u0103ng l\u01b0\u1ee3ng theo th\u1eddi gian th\u1ef1c v\u00e0 k\u1ebft n\u1ed1i v\u1edbi l\u01b0\u1edbi \u0111i\u1ec7n.<\/li>\n<li>T\u00f9y ch\u1ecdn thanh to\u00e1n li\u1ec1n m\u1ea1ch cho t\u00e0i x\u1ebf v\u00e0 nh\u00e0 \u0111i\u1ec1u h\u00e0nh.<\/li>\n<\/ul>\n\t\t\n<style>\n#text-3657232777 {\n  line-height: 1.8;\n  text-align: left;\n}\n<\/style>\n\t<\/div>\n\t\n\t\t<\/div>\n\t\t\t\t\t<\/div>\n\n\t\n\n\t<div id=\"col-924379656\" class=\"col small-12 large-12\"  >\n\t\t\t\t<div class=\"col-inner\"  >\n\t\t\t\n\t\t\t\n<div class=\"is-divider divider clearfix\" style=\"max-width:100%;height:1px;background-color:rgb(238, 238, 238);\"><\/div>\n\t\t<\/div>\n\t\t\t\t\t<\/div>\n\n\t\n\n\t<div id=\"col-549960613\" class=\"col small-12 large-12\"  >\n\t\t\t\t<div class=\"col-inner\"  >\n\t\t\t\n\t\t\t\n\t<div id=\"text-3121405078\" class=\"text\">\n\t\t\n<h3>B\u1ed9 s\u1ea1c \u0111i\u1ec7n t\u1eed ti\u00eau d\u00f9ng<\/h3>\n\t\t\n<style>\n#text-3121405078 {\n  font-size: 1.2rem;\n  text-align: left;\n}\n<\/style>\n\t<\/div>\n\t\n\t\t<\/div>\n\t\t\t\t\t<\/div>\n\n\t\n\n\t<div id=\"col-626113868\" class=\"col medium-6 small-12 large-6\"  >\n\t\t\t\t<div class=\"col-inner\"  >\n\t\t\t\n\t\t\t\n\t<div class=\"img has-hover x md-x lg-x y md-y lg-y\" id=\"image_1220727316\">\n\t\t\t\t\t\t\t\t<div class=\"img-inner dark\" >\n\t\t\t<img width=\"1020\" height=\"741\" src=\"https:\/\/www.huashu-tech.com\/wp-content\/uploads\/4-8.webp\" class=\"attachment-large size-large\" alt=\"\" loading=\"lazy\" \/>\t\t\t\t\t\t\n\t\t\t\t\t<\/div>\n\t\t\t\t\t\t\t\t\n<style>\n#image_1220727316 {\n  width: 100%;\n}\n<\/style>\n\t<\/div>\n\t\n\t\t<\/div>\n\t\t\t\t\t<\/div>\n\n\t\n\n\t<div id=\"col-1705383826\" class=\"col medium-6 small-12 large-6\"  >\n\t\t\t\t<div class=\"col-inner\"  >\n\t\t\t\n\t\t\t\n\t<div id=\"text-1370036763\" class=\"text\">\n\t\t\n<h4>Ph\u00e1t tri\u1ec3n t\u00e0i li\u1ec7u<\/h4>\n\t\t\n<style>\n#text-1370036763 {\n  font-size: 1.1rem;\n  line-height: 1.8;\n  text-align: left;\n}\n<\/style>\n\t<\/div>\n\t\n\t<div id=\"text-1233974437\" class=\"text bk-gray sjzn\">\n\t\t\n<ul>\n<li><a href=\"\/wp-content\/uploads\/solutions-1-en.pdf\" target=\"_blank\" rel=\"noopener\">B\u1eadt ngu\u1ed3n th\u00f4ng minh, c\u00e1nh c\u1eeda s\u1eed d\u1ee5ng \u0111i\u1ec7n hi\u1ec7u qu\u1ea3<\/a><\/li>\n<li><a href=\"\/wp-content\/uploads\/solutions-2-en.pdf\" target=\"_blank\" rel=\"noopener\">Xu h\u01b0\u1edbng ph\u00e1t tri\u1ec3n c\u00f4ng ngh\u1ec7 s\u1ea1c \u00f4 t\u00f4<\/a><\/li>\n<li><a href=\"\/wp-content\/uploads\/solutions-3-en.pdf\" target=\"_blank\" rel=\"noopener\">D\u00f2ng ngu\u1ed3n c\u1ef1c \u0111\u1ea1i v\u00e0 d\u00f2ng ch\u00ecm<\/a><\/li>\n<li><a href=\"\/wp-content\/uploads\/solutions-4-en.pdf\" target=\"_blank\" rel=\"noopener\">C\u1ea5u tr\u00fac cung c\u1ea5p \u0111i\u1ec7n c\u1ee7a tr\u1ea1m s\u1ea1c xe \u0111i\u1ec7n<\/a><\/li>\n<li><a href=\"\/wp-content\/uploads\/solutions-5-en.pdf\" target=\"_blank\" rel=\"noopener\">N\u1eafm b\u1eaft h\u1ec7 th\u1ed1ng s\u1ea1c c\u1ee7a xe \u0111i\u1ec7n t\u1eeb g\u00f3c \u0111\u1ed9 k\u00e9p c\u1ee7a l\u01b0\u1edbi \u0111i\u1ec7n xe<\/a><\/li>\n<\/ul>\n\t\t\n<style>\n#text-1233974437 {\n  line-height: 1.8;\n  text-align: left;\n}\n<\/style>\n\t<\/div>\n\t\n\t\t<\/div>\n\t\t\t\t\t<\/div>\n\n\t\n<\/div>\n\t\t<\/div>\n\n\t\t\n<style>\n#section_909733456 {\n  padding-top: 90px;\n  padding-bottom: 90px;\n}\n#section_909733456 .ux-shape-divider--top svg {\n  height: 150px;\n  --divider-top-width: 100%;\n}\n#section_909733456 .ux-shape-divider--bottom svg {\n  height: 150px;\n  --divider-width: 100%;\n}\n<\/style>\n\t<\/section>","protected":false},"excerpt":{"rendered":"","protected":false},"author":1,"featured_media":0,"parent":1663,"menu_order":0,"comment_status":"closed","ping_status":"closed","template":"page-blank.php","meta":[],"acf":[],"_links":{"self":[{"href":"https:\/\/www.huashu-tech.com\/vi\/wp-json\/wp\/v2\/pages\/1664"}],"collection":[{"href":"https:\/\/www.huashu-tech.com\/vi\/wp-json\/wp\/v2\/pages"}],"about":[{"href":"https:\/\/www.huashu-tech.com\/vi\/wp-json\/wp\/v2\/types\/page"}],"author":[{"embeddable":true,"href":"https:\/\/www.huashu-tech.com\/vi\/wp-json\/wp\/v2\/users\/1"}],"replies":[{"embeddable":true,"href":"https:\/\/www.huashu-tech.com\/vi\/wp-json\/wp\/v2\/comments?post=1664"}],"version-history":[{"count":5,"href":"https:\/\/www.huashu-tech.com\/vi\/wp-json\/wp\/v2\/pages\/1664\/revisions"}],"predecessor-version":[{"id":8121,"href":"https:\/\/www.huashu-tech.com\/vi\/wp-json\/wp\/v2\/pages\/1664\/revisions\/8121"}],"up":[{"embeddable":true,"href":"https:\/\/www.huashu-tech.com\/vi\/wp-json\/wp\/v2\/pages\/1663"}],"wp:attachment":[{"href":"https:\/\/www.huashu-tech.com\/vi\/wp-json\/wp\/v2\/media?parent=1664"}],"curies":[{"name":"wp","href":"https:\/\/api.w.org\/{rel}","templated":true}]}}