{"id":7467,"date":"2023-05-22T09:22:30","date_gmt":"2023-05-22T01:22:30","guid":{"rendered":"https:\/\/www.huashu-tech.com\/?page_id=7467"},"modified":"2025-04-23T14:40:07","modified_gmt":"2025-04-23T06:40:07","slug":"quality","status":"publish","type":"page","link":"https:\/\/www.huashu-tech.com\/fr\/about-hs\/quality\/","title":{"rendered":"Syst\u00e8me de gestion de la qualit\u00e9"},"content":{"rendered":"<div class=\"banner has-hover hide-for-small\" id=\"banner-349294853\">\n          <div class=\"banner-inner fill\">\n        <div class=\"banner-bg fill\" >\n            <div class=\"bg fill bg-fill\"><\/div>\n                                    \n                    <\/div>\n\t\t\n        <div class=\"banner-layers container\">\n            <div class=\"fill banner-link\"><\/div>            \n\n   <div id=\"text-box-1318110947\" class=\"text-box banner-layer x100 md-x100 lg-x100 y50 md-y50 lg-y50 res-text\">\n                                <div class=\"text-box-content text dark\">\n              \n              <div class=\"text-inner text-center\">\n                  \n\n\t<div id=\"text-1302286376\" class=\"text regular\">\n\t\t\n\n<h3>La technologie fa\u00e7onne l\u2019avenir intelligent<br \/>\n<\/h3>\n\t\t\n<style>\n#text-1302286376 {\n  font-size: 1rem;\n  text-align: left;\n}\n@media (min-width:550px) {\n  #text-1302286376 {\n    font-size: 1.2rem;\n  }\n}\n<\/style>\n\t<\/div>\n\t\n\t<div id=\"text-710202531\" class=\"text regular\">\n\t\t\n\n<p>Connecter la cha\u00eene d&#039;approvisionnement avec l&#039;imagination illimit\u00e9e de la technologie intelligente<\/p>\n\t\t\n<style>\n#text-710202531 {\n  font-size: 0.95rem;\n  text-align: left;\n}\n<\/style>\n\t<\/div>\n\t\n\n              <\/div>\n           <\/div>\n                            \n<style>\n#text-box-1318110947 .text-box-content {\n  background-color: rgb(19, 100, 181);\n  font-size: 100%;\n}\n#text-box-1318110947 .text-inner {\n  padding: 22px 22px 22px 22px;\n}\n#text-box-1318110947 {\n  width: 100%;\n}\n@media (min-width:550px) {\n  #text-box-1318110947 .text-inner {\n    padding: 32px 32px 32px 32px;\n  }\n  #text-box-1318110947 {\n    width: 60%;\n  }\n}\n<\/style>\n    <\/div>\n \n\n        <\/div>\n      <\/div>\n\n            \n<style>\n#banner-349294853 {\n  padding-top: 300px;\n}\n#banner-349294853 .bg.bg-loaded {\n  background-image: url(https:\/\/www.huashu-tech.com\/wp-content\/uploads\/about-hs-banner-scaled.webp);\n}\n#banner-349294853 .ux-shape-divider--top svg {\n  height: 150px;\n  --divider-top-width: 100%;\n}\n#banner-349294853 .ux-shape-divider--bottom svg {\n  height: 150px;\n  --divider-width: 100%;\n}\n<\/style>\n  <\/div>\n\n\n\n  <div class=\"banner has-hover show-for-small\" id=\"banner-387894460\">\n          <div class=\"banner-inner fill\">\n        <div class=\"banner-bg fill\" >\n            <div class=\"bg fill bg-fill\"><\/div>\n                                    \n                    <\/div>\n\t\t\n        <div class=\"banner-layers container\">\n            <div class=\"fill banner-link\"><\/div>            \n\n   <div id=\"text-box-2021393602\" class=\"text-box banner-layer x100 md-x100 lg-x100 y50 md-y50 lg-y50 res-text\">\n                                <div class=\"text-box-content text dark\">\n              \n              <div class=\"text-inner text-center\">\n                  \n\n\t<div id=\"text-1381716125\" class=\"text regular\">\n\t\t\n\n<h3>La technologie fa\u00e7onne l\u2019avenir intelligent<br \/>\n<\/h3>\n\t\t\n<style>\n#text-1381716125 {\n  font-size: 1rem;\n  text-align: left;\n}\n@media (min-width:550px) {\n  #text-1381716125 {\n    font-size: 1.2rem;\n  }\n}\n<\/style>\n\t<\/div>\n\t\n\t<div id=\"text-3679751558\" class=\"text regular\">\n\t\t\n\n<p>Connecter la cha\u00eene d&#039;approvisionnement avec l&#039;imagination illimit\u00e9e de la technologie intelligente<\/p>\n\t\t\n<style>\n#text-3679751558 {\n  font-size: 0.95rem;\n  text-align: left;\n}\n<\/style>\n\t<\/div>\n\t\n\n              <\/div>\n           <\/div>\n                            \n<style>\n#text-box-2021393602 .text-box-content {\n  background-color: rgba(19, 100, 181, 0.622);\n  font-size: 100%;\n}\n#text-box-2021393602 .text-inner {\n  padding: 22px 22px 22px 22px;\n}\n#text-box-2021393602 {\n  width: 100%;\n}\n@media (min-width:550px) {\n  #text-box-2021393602 .text-inner {\n    padding: 32px 32px 32px 32px;\n  }\n  #text-box-2021393602 {\n    width: 52%;\n  }\n}\n<\/style>\n    <\/div>\n \n\n        <\/div>\n      <\/div>\n\n            \n<style>\n#banner-387894460 {\n  padding-top: 280px;\n}\n#banner-387894460 .bg.bg-loaded {\n  background-image: url(https:\/\/www.huashu-tech.com\/wp-content\/uploads\/about-hs-banner-scaled.webp);\n}\n#banner-387894460 .ux-shape-divider--top svg {\n  height: 150px;\n  --divider-top-width: 100%;\n}\n#banner-387894460 .ux-shape-divider--bottom svg {\n  height: 150px;\n  --divider-width: 100%;\n}\n@media (min-width:550px) {\n  #banner-387894460 {\n    padding-top: 300px;\n  }\n}\n<\/style>\n  <\/div>\n\n\n\t<section class=\"section\" id=\"section_1430286157\">\n\t\t<div class=\"bg section-bg fill bg-fill  bg-loaded\" >\n\n\t\t\t\n\t\t\t\n\t\t\t\n\n\t\t<\/div>\n\n\t\t\n\n\t\t<div class=\"section-content relative\">\n\t\t\t\n<div class=\"row row-collapse\"  id=\"row-1493162529\">\n\n\t<div id=\"col-1646643830\" class=\"col small-12 large-12\"  >\n\t\t\t\t<div class=\"col-inner\"  >\n\t\t\t\n\t\t\t\n\t<div id=\"stack-1176445652\" class=\"stack stack-row justify-center items-stretch\">\n\t\t\n<a href=\"https:\/\/www.huashu-tech.com\/fr\/about-hs\/\" target=\"_self\" class=\"button primary is-link\"  >\n    <span>\u00c0 propos de HUASHU<\/span>\n  <\/a>\n\n<a href=\"https:\/\/www.huashu-tech.com\/fr\/about-hs\/why-huashu\/\" target=\"_self\" class=\"button primary is-link\"  >\n    <span>Pourquoi HUASHU<\/span>\n  <\/a>\n\n<a href=\"https:\/\/www.huashu-tech.com\/fr\/about-hs\/business\/\" target=\"_self\" class=\"button primary is-link\"  >\n    <span>Entreprise<\/span>\n  <\/a>\n\n<a href=\"https:\/\/www.huashu-tech.com\/fr\/about-hs\/quality\/\" target=\"_self\" class=\"button primary is-link active\"  >\n    <span>Gestion du CQ<\/span>\n  <\/a>\n\n<a href=\"https:\/\/www.huashu-tech.com\/fr\/about-hs\/duty\/\" target=\"_self\" class=\"button primary is-link\"  >\n    <span>Vision d&#039;entreprise<\/span>\n  <\/a>\n\n\t\t\n<style>\n#stack-1176445652 > * {\n  --stack-gap: 5rem;\n}\n<\/style>\n\t<\/div>\n\t\n<div class=\"is-divider divider clearfix\" style=\"max-width:100%;height:1px;background-color:rgb(238, 238, 238);\"><\/div>\n\t\t<\/div>\n\t\t\t\t\t<\/div>\n\n\t\n<\/div>\n\t\t<\/div>\n\n\t\t\n<style>\n#section_1430286157 {\n  padding-top: 30px;\n  padding-bottom: 30px;\n}\n#section_1430286157 .ux-shape-divider--top svg {\n  height: 150px;\n  --divider-top-width: 100%;\n}\n#section_1430286157 .ux-shape-divider--bottom svg {\n  height: 150px;\n  --divider-width: 100%;\n}\n<\/style>\n\t<\/section>\n\t\n\t<section class=\"section\" id=\"section_1775510424\">\n\t\t<div class=\"bg section-bg fill bg-fill  bg-loaded\" >\n\n\t\t\t\n\t\t\t\n\t\t\t\n\n\t\t<\/div>\n\n\t\t\n\n\t\t<div class=\"section-content relative\">\n\t\t\t\n\t<div id=\"gap-472571937\" class=\"gap-element clearfix\" style=\"display:block; height:auto;\">\n\t\t\n<style>\n#gap-472571937 {\n  padding-top: 45px;\n}\n<\/style>\n\t<\/div>\n\t\n\n  \n    <div class=\"row large-columns-4 medium-columns-3 small-columns-2 slider row-slider slider-nav-simple slider-nav-outside slider-nav-push\"  data-flickity-options='{\"imagesLoaded\": true, \"groupCells\": \"100%\", \"dragThreshold\" : 5, \"cellAlign\": \"left\",\"wrapAround\": true,\"prevNextButtons\": true,\"percentPosition\": true,\"pageDots\": false, \"rightToLeft\": false, \"autoPlay\" : 2000}'>\n\n  <div class=\"gallery-col col\" >\n          <div class=\"col-inner\">\n                        <div class=\"box has-hover gallery-box box-normal\">\n              <div class=\"box-image image-cover\" style=\"padding-top:70%;\">\n                <img width=\"300\" height=\"203\" src=\"https:\/\/www.huashu-tech.com\/wp-content\/uploads\/hs-shenzhen-1.webp\" class=\"attachment-medium size-medium\" alt=\"\" loading=\"lazy\" ids=\"8251,8250,1629,1630,8276,8275,8335,8209\" style=\"normal\" lightbox=\"false\" type=\"slider\" slider_nav_style=\"simple\" slider_nav_position=\"outside\" auto_slide=\"2000\" image_height=\"70%\" text_align=\"center\" text_size=\"large\" \/>                                                              <\/div>\n              <div class=\"box-text text-center is-large\" >\n                 <p>Bureau de Shenzhen<\/p>\n              <\/div>\n            <\/div>\n                      <\/div>\n         <\/div><div class=\"gallery-col col\" >\n          <div class=\"col-inner\">\n                        <div class=\"box has-hover gallery-box box-normal\">\n              <div class=\"box-image image-cover\" style=\"padding-top:70%;\">\n                <img width=\"300\" height=\"203\" src=\"https:\/\/www.huashu-tech.com\/wp-content\/uploads\/hs-hk-workzone-1.webp\" class=\"attachment-medium size-medium\" alt=\"\" loading=\"lazy\" ids=\"8251,8250,1629,1630,8276,8275,8335,8209\" style=\"normal\" lightbox=\"false\" type=\"slider\" slider_nav_style=\"simple\" slider_nav_position=\"outside\" auto_slide=\"2000\" image_height=\"70%\" text_align=\"center\" text_size=\"large\" \/>                                                              <\/div>\n              <div class=\"box-text text-center is-large\" >\n                 <p>Bureau de Hong Kong<\/p>\n              <\/div>\n            <\/div>\n                      <\/div>\n         <\/div><div class=\"gallery-col col\" >\n          <div class=\"col-inner\">\n                        <div class=\"box has-hover gallery-box box-normal\">\n              <div class=\"box-image image-cover\" style=\"padding-top:70%;\">\n                <img width=\"300\" height=\"200\" src=\"https:\/\/www.huashu-tech.com\/wp-content\/uploads\/2-1.webp\" class=\"attachment-medium size-medium\" alt=\"\" loading=\"lazy\" ids=\"8251,8250,1629,1630,8276,8275,8335,8209\" style=\"normal\" lightbox=\"false\" type=\"slider\" slider_nav_style=\"simple\" slider_nav_position=\"outside\" auto_slide=\"2000\" image_height=\"70%\" text_align=\"center\" text_size=\"large\" \/>                                                              <\/div>\n              <div class=\"box-text text-center is-large\" >\n                 <p>Entrep\u00f4t de Shenzhen<\/p>\n              <\/div>\n            <\/div>\n                      <\/div>\n         <\/div><div class=\"gallery-col col\" >\n          <div class=\"col-inner\">\n                        <div class=\"box has-hover gallery-box box-normal\">\n              <div class=\"box-image image-cover\" style=\"padding-top:70%;\">\n                <img width=\"300\" height=\"200\" src=\"https:\/\/www.huashu-tech.com\/wp-content\/uploads\/2-3.webp\" class=\"attachment-medium size-medium\" alt=\"\" loading=\"lazy\" ids=\"8251,8250,1629,1630,8276,8275,8335,8209\" style=\"normal\" lightbox=\"false\" type=\"slider\" slider_nav_style=\"simple\" slider_nav_position=\"outside\" auto_slide=\"2000\" image_height=\"70%\" text_align=\"center\" text_size=\"large\" \/>                                                              <\/div>\n              <div class=\"box-text text-center is-large\" >\n                 <p>Entrep\u00f4t de Hong Kong<\/p>\n              <\/div>\n            <\/div>\n                      <\/div>\n         <\/div><div class=\"gallery-col col\" >\n          <div class=\"col-inner\">\n                        <div class=\"box has-hover gallery-box box-normal\">\n              <div class=\"box-image image-cover\" style=\"padding-top:70%;\">\n                <img width=\"300\" height=\"200\" src=\"https:\/\/www.huashu-tech.com\/wp-content\/uploads\/Incoming-inspection-center.webp\" class=\"attachment-medium size-medium\" alt=\"\" loading=\"lazy\" ids=\"8251,8250,1629,1630,8276,8275,8335,8209\" style=\"normal\" lightbox=\"false\" type=\"slider\" slider_nav_style=\"simple\" slider_nav_position=\"outside\" auto_slide=\"2000\" image_height=\"70%\" text_align=\"center\" text_size=\"large\" \/>                                                              <\/div>\n              <div class=\"box-text text-center is-large\" >\n                 <p>Centre de contr\u00f4le<\/p>\n              <\/div>\n            <\/div>\n                      <\/div>\n         <\/div><div class=\"gallery-col col\" >\n          <div class=\"col-inner\">\n                        <div class=\"box has-hover gallery-box box-normal\">\n              <div class=\"box-image image-cover\" style=\"padding-top:70%;\">\n                <img width=\"300\" height=\"200\" src=\"https:\/\/www.huashu-tech.com\/wp-content\/uploads\/Test-center.webp\" class=\"attachment-medium size-medium\" alt=\"\" loading=\"lazy\" ids=\"8251,8250,1629,1630,8276,8275,8335,8209\" style=\"normal\" lightbox=\"false\" type=\"slider\" slider_nav_style=\"simple\" slider_nav_position=\"outside\" auto_slide=\"2000\" image_height=\"70%\" text_align=\"center\" text_size=\"large\" \/>                                                              <\/div>\n              <div class=\"box-text text-center is-large\" >\n                 <p>Centre d&#039;essais<\/p>\n              <\/div>\n            <\/div>\n                      <\/div>\n         <\/div><div class=\"gallery-col col\" >\n          <div class=\"col-inner\">\n                        <div class=\"box has-hover gallery-box box-normal\">\n              <div class=\"box-image image-cover\" style=\"padding-top:70%;\">\n                <img width=\"300\" height=\"225\" src=\"https:\/\/www.huashu-tech.com\/wp-content\/uploads\/hsen-1-3.webp\" class=\"attachment-medium size-medium\" alt=\"\" loading=\"lazy\" ids=\"8251,8250,1629,1630,8276,8275,8335,8209\" style=\"normal\" lightbox=\"false\" type=\"slider\" slider_nav_style=\"simple\" slider_nav_position=\"outside\" auto_slide=\"2000\" image_height=\"70%\" text_align=\"center\" text_size=\"large\" \/>                                                              <\/div>\n              <div class=\"box-text text-center is-large\" >\n                 <p>Entrep\u00f4t de Shenzhen<\/p>\n              <\/div>\n            <\/div>\n                      <\/div>\n         <\/div><div class=\"gallery-col col\" >\n          <div class=\"col-inner\">\n                        <div class=\"box has-hover gallery-box box-normal\">\n              <div class=\"box-image image-cover\" style=\"padding-top:70%;\">\n                <img width=\"300\" height=\"110\" src=\"https:\/\/www.huashu-tech.com\/wp-content\/uploads\/2-6-1-e1715059014541.webp\" class=\"attachment-medium size-medium\" alt=\"\" loading=\"lazy\" ids=\"8251,8250,1629,1630,8276,8275,8335,8209\" style=\"normal\" lightbox=\"false\" type=\"slider\" slider_nav_style=\"simple\" slider_nav_position=\"outside\" auto_slide=\"2000\" image_height=\"70%\" text_align=\"center\" text_size=\"large\" \/>                                                              <\/div>\n              <div class=\"box-text text-center is-large\" >\n                 <p>Entrep\u00f4t de Shenzhen<\/p>\n              <\/div>\n            <\/div>\n                      <\/div>\n         <\/div><\/div>\n\t\t<\/div>\n\n\t\t\n<style>\n#section_1775510424 {\n  padding-top: 30px;\n  padding-bottom: 30px;\n  background-color: rgb(249, 249, 249);\n}\n#section_1775510424 .ux-shape-divider--top svg {\n  height: 150px;\n  --divider-top-width: 100%;\n}\n#section_1775510424 .ux-shape-divider--bottom svg {\n  height: 150px;\n  --divider-width: 100%;\n}\n<\/style>\n\t<\/section>\n\t\n\t<section class=\"section\" id=\"section_2068333742\">\n\t\t<div class=\"bg section-bg fill bg-fill  bg-loaded\" >\n\n\t\t\t\n\t\t\t\n\t\t\t\n\n\t\t<\/div>\n\n\t\t\n\n\t\t<div class=\"section-content relative\">\n\t\t\t\n<div class=\"row\"  id=\"row-1541897548\">\n\n\t<div id=\"col-1341074788\" class=\"col small-12 large-12\"  >\n\t\t\t\t<div class=\"col-inner\"  >\n\t\t\t\n\t\t\t\n\t<div id=\"gap-563938174\" class=\"gap-element clearfix\" style=\"display:block; height:auto;\">\n\t\t\n<style>\n#gap-563938174 {\n  padding-top: 45px;\n}\n<\/style>\n\t<\/div>\n\t\n\t<div id=\"text-2125803911\" class=\"text\">\n\t\t\n<h2>GESTION DU CQ ET CERTIFICATS<\/h2>\n\t\t\n<style>\n#text-2125803911 {\n  font-size: 1.4rem;\n  text-align: left;\n}\n<\/style>\n\t<\/div>\n\t\n\t\t<\/div>\n\t\t\t\t\t<\/div>\n\n\t\n<\/div>\n<div class=\"row\"  id=\"row-1644955636\">\n\n\t<div id=\"col-113023839\" class=\"col medium-6 small-12 large-6\"  >\n\t\t\t\t<div class=\"col-inner\"  >\n\t\t\t\n\t\t\t\n\t<div id=\"text-681417506\" class=\"text\">\n\t\t\n<ul>\n<li>En tant que fournisseur principal du secteur, un contr\u00f4le qualit\u00e9 strict est la cl\u00e9 de notre succ\u00e8s.<\/li>\n<li>Huashu Science and Technology s&#039;est toujours engag\u00e9 \u00e0 poursuivre un syst\u00e8me de gestion de la qualit\u00e9 \u00ab z\u00e9ro d\u00e9faut \u00bb. De la gestion de la cha\u00eene d&#039;approvisionnement \u00e0 la surveillance d&#039;une transaction unique, du syst\u00e8me de notation des fournisseurs au processus d&#039;inspection de la qualit\u00e9, nous avons \u00e9tabli un syst\u00e8me complet de gestion de la qualit\u00e9. Y compris:<\/li>\n<\/ul>\n<p>\u00a0 \u00a0 \u00a0 1. Gestion des fournisseurs\u00a0;<\/p>\n<p>\u00a0 \u00a0 \u00a0 2. Processus d&#039;inspection de la qualit\u00e9\u00a0;<\/p>\n<p>\u00a0 \u00a0 \u00a0 3. Stockage num\u00e9rique de toutes les transactions\u00a0;<\/p>\n<p>\u00a0 \u00a0 \u00a0 4. Entreposage et exp\u00e9dition s\u00e9curis\u00e9s\u00a0;<\/p>\n<p>\u00a0 \u00a0 \u00a0 5. Processus RMA.<\/p>\n<ul>\n<li>Huashu Technology a obtenu la certification ISO 9001\/2015 et a \u00e9t\u00e9 reconnue comme \u00ab fournisseur qualifi\u00e9 \u00bb par de nombreuses entreprises renomm\u00e9es du secteur.<\/li>\n<li>Tout commence par le canal, et la strat\u00e9gie de gestion de la qualit\u00e9 de l&#039;entreprise nous permet de gagner la r\u00e9putation des clients dans la cha\u00eene d&#039;approvisionnement des composants \u00e9lectroniques.<\/li>\n<\/ul>\n\t\t\n<style>\n#text-681417506 {\n  line-height: 1.8;\n}\n<\/style>\n\t<\/div>\n\t\n\t\t<\/div>\n\t\t\t\t\t<\/div>\n\n\t\n\n\t<div id=\"col-703304514\" class=\"col medium-6 small-12 large-6\"  >\n\t\t\t\t<div class=\"col-inner\"  >\n\t\t\t\n\t\t\t\n\t<div class=\"img has-hover x md-x lg-x y md-y lg-y\" id=\"image_1655760224\">\n\t\t\t\t\t\t\t\t<div class=\"img-inner dark\" >\n\t\t\t<img width=\"1020\" height=\"710\" src=\"https:\/\/www.huashu-tech.com\/wp-content\/uploads\/2025-scaled.jpg\" class=\"attachment-large size-large\" alt=\"\" loading=\"lazy\" srcset=\"https:\/\/www.huashu-tech.com\/wp-content\/uploads\/2025-scaled.jpg 2560w, https:\/\/www.huashu-tech.com\/wp-content\/uploads\/2025-18x12.jpg 18w\" sizes=\"(max-width: 1020px) 100vw, 1020px\" \/>\t\t\t\t\t\t\n\t\t\t\t\t<\/div>\n\t\t\t\t\t\t\t\t\n<style>\n#image_1655760224 {\n  width: 100%;\n}\n<\/style>\n\t<\/div>\n\t\n\t\t<\/div>\n\t\t\t\t\t<\/div>\n\n\t\n<\/div>\n\t\t<\/div>\n\n\t\t\n<style>\n#section_2068333742 {\n  padding-top: 30px;\n  padding-bottom: 30px;\n}\n#section_2068333742 .ux-shape-divider--top svg {\n  height: 150px;\n  --divider-top-width: 100%;\n}\n#section_2068333742 .ux-shape-divider--bottom svg {\n  height: 150px;\n  --divider-width: 100%;\n}\n<\/style>\n\t<\/section>","protected":false},"excerpt":{"rendered":"","protected":false},"author":1,"featured_media":0,"parent":1486,"menu_order":0,"comment_status":"closed","ping_status":"closed","template":"page-blank.php","meta":[],"acf":[],"_links":{"self":[{"href":"https:\/\/www.huashu-tech.com\/fr\/wp-json\/wp\/v2\/pages\/7467"}],"collection":[{"href":"https:\/\/www.huashu-tech.com\/fr\/wp-json\/wp\/v2\/pages"}],"about":[{"href":"https:\/\/www.huashu-tech.com\/fr\/wp-json\/wp\/v2\/types\/page"}],"author":[{"embeddable":true,"href":"https:\/\/www.huashu-tech.com\/fr\/wp-json\/wp\/v2\/users\/1"}],"replies":[{"embeddable":true,"href":"https:\/\/www.huashu-tech.com\/fr\/wp-json\/wp\/v2\/comments?post=7467"}],"version-history":[{"count":23,"href":"https:\/\/www.huashu-tech.com\/fr\/wp-json\/wp\/v2\/pages\/7467\/revisions"}],"predecessor-version":[{"id":8974,"href":"https:\/\/www.huashu-tech.com\/fr\/wp-json\/wp\/v2\/pages\/7467\/revisions\/8974"}],"up":[{"embeddable":true,"href":"https:\/\/www.huashu-tech.com\/fr\/wp-json\/wp\/v2\/pages\/1486"}],"wp:attachment":[{"href":"https:\/\/www.huashu-tech.com\/fr\/wp-json\/wp\/v2\/media?parent=7467"}],"curies":[{"name":"wp","href":"https:\/\/api.w.org\/{rel}","templated":true}]}}