{"id":1835,"date":"2023-02-01T17:00:25","date_gmt":"2023-02-01T09:00:25","guid":{"rendered":"https:\/\/www.huashu-tech.com\/?page_id=1835"},"modified":"2023-09-27T11:32:01","modified_gmt":"2023-09-27T03:32:01","slug":"job","status":"publish","type":"page","link":"https:\/\/www.huashu-tech.com\/fr\/about-hs\/job\/","title":{"rendered":"Talent Recruitment"},"content":{"rendered":"<div class=\"banner has-hover hide-for-small\" id=\"banner-220170760\">\n          <div class=\"banner-inner fill\">\n        <div class=\"banner-bg fill\" >\n            <div class=\"bg fill bg-fill\"><\/div>\n                                    \n                    <\/div>\n\t\t\n        <div class=\"banner-layers container\">\n            <div class=\"fill banner-link\"><\/div>            \n\n   <div id=\"text-box-812467095\" class=\"text-box banner-layer x100 md-x100 lg-x100 y50 md-y50 lg-y50 res-text\">\n                                <div class=\"text-box-content text dark\">\n              \n              <div class=\"text-inner text-center\">\n                  \n\n\t<div id=\"text-1392925708\" class=\"text regular\">\n\t\t\n\n<h3>La technologie fa\u00e7onne l\u2019avenir intelligent<br \/>\n<\/h3>\n\t\t\n<style>\n#text-1392925708 {\n  font-size: 1rem;\n  text-align: left;\n}\n@media (min-width:550px) {\n  #text-1392925708 {\n    font-size: 1.2rem;\n  }\n}\n<\/style>\n\t<\/div>\n\t\n\t<div id=\"text-1914611732\" class=\"text regular\">\n\t\t\n\n<p>Connecter la cha\u00eene d&#039;approvisionnement avec l&#039;imagination illimit\u00e9e de la technologie intelligente<\/p>\n\t\t\n<style>\n#text-1914611732 {\n  font-size: 0.95rem;\n  text-align: left;\n}\n<\/style>\n\t<\/div>\n\t\n\n              <\/div>\n           <\/div>\n                            \n<style>\n#text-box-812467095 .text-box-content {\n  background-color: rgb(19, 100, 181);\n  font-size: 100%;\n}\n#text-box-812467095 .text-inner {\n  padding: 22px 22px 22px 22px;\n}\n#text-box-812467095 {\n  width: 100%;\n}\n@media (min-width:550px) {\n  #text-box-812467095 .text-inner {\n    padding: 32px 32px 32px 32px;\n  }\n  #text-box-812467095 {\n    width: 60%;\n  }\n}\n<\/style>\n    <\/div>\n \n\n        <\/div>\n      <\/div>\n\n            \n<style>\n#banner-220170760 {\n  padding-top: 300px;\n}\n#banner-220170760 .bg.bg-loaded {\n  background-image: url(https:\/\/www.huashu-tech.com\/wp-content\/uploads\/about-hs-banner-scaled.webp);\n}\n#banner-220170760 .ux-shape-divider--top svg {\n  height: 150px;\n  --divider-top-width: 100%;\n}\n#banner-220170760 .ux-shape-divider--bottom svg {\n  height: 150px;\n  --divider-width: 100%;\n}\n<\/style>\n  <\/div>\n\n\n\n  <div class=\"banner has-hover show-for-small\" id=\"banner-1618588729\">\n          <div class=\"banner-inner fill\">\n        <div class=\"banner-bg fill\" >\n            <div class=\"bg fill bg-fill\"><\/div>\n                                    \n                    <\/div>\n\t\t\n        <div class=\"banner-layers container\">\n            <div class=\"fill banner-link\"><\/div>            \n\n   <div id=\"text-box-345661986\" class=\"text-box banner-layer x100 md-x100 lg-x100 y50 md-y50 lg-y50 res-text\">\n                                <div class=\"text-box-content text dark\">\n              \n              <div class=\"text-inner text-center\">\n                  \n\n\t<div id=\"text-853554925\" class=\"text regular\">\n\t\t\n\n<h3>La technologie fa\u00e7onne l\u2019avenir intelligent<br \/>\n<\/h3>\n\t\t\n<style>\n#text-853554925 {\n  font-size: 1rem;\n  text-align: left;\n}\n@media (min-width:550px) {\n  #text-853554925 {\n    font-size: 1.2rem;\n  }\n}\n<\/style>\n\t<\/div>\n\t\n\t<div id=\"text-4220561112\" class=\"text regular\">\n\t\t\n\n<p>Connecter la cha\u00eene d&#039;approvisionnement avec l&#039;imagination illimit\u00e9e de la technologie intelligente<\/p>\n\t\t\n<style>\n#text-4220561112 {\n  font-size: 0.95rem;\n  text-align: left;\n}\n<\/style>\n\t<\/div>\n\t\n\n              <\/div>\n           <\/div>\n                            \n<style>\n#text-box-345661986 .text-box-content {\n  background-color: rgba(19, 100, 181, 0.622);\n  font-size: 100%;\n}\n#text-box-345661986 .text-inner {\n  padding: 22px 22px 22px 22px;\n}\n#text-box-345661986 {\n  width: 100%;\n}\n@media (min-width:550px) {\n  #text-box-345661986 .text-inner {\n    padding: 32px 32px 32px 32px;\n  }\n  #text-box-345661986 {\n    width: 52%;\n  }\n}\n<\/style>\n    <\/div>\n \n\n        <\/div>\n      <\/div>\n\n            \n<style>\n#banner-1618588729 {\n  padding-top: 280px;\n}\n#banner-1618588729 .bg.bg-loaded {\n  background-image: url(https:\/\/www.huashu-tech.com\/wp-content\/uploads\/about-hs-banner-scaled.webp);\n}\n#banner-1618588729 .ux-shape-divider--top svg {\n  height: 150px;\n  --divider-top-width: 100%;\n}\n#banner-1618588729 .ux-shape-divider--bottom svg {\n  height: 150px;\n  --divider-width: 100%;\n}\n@media (min-width:550px) {\n  #banner-1618588729 {\n    padding-top: 300px;\n  }\n}\n<\/style>\n  <\/div>\n\n\n\t<section class=\"section\" id=\"section_90986517\">\n\t\t<div class=\"bg section-bg fill bg-fill  bg-loaded\" >\n\n\t\t\t\n\t\t\t\n\t\t\t\n\n\t\t<\/div>\n\n\t\t\n\n\t\t<div class=\"section-content relative\">\n\t\t\t\n<div class=\"row\"  id=\"row-560151009\">\n\n\t<div id=\"col-1620016871\" class=\"col small-12 large-12\"  >\n\t\t\t\t<div class=\"col-inner\"  >\n\t\t\t\n\t\t\t\n\t<div id=\"gap-990542746\" class=\"gap-element clearfix\" style=\"display:block; height:auto;\">\n\t\t\n<style>\n#gap-990542746 {\n  padding-top: 45px;\n}\n<\/style>\n\t<\/div>\n\t\n\t<div id=\"text-50384255\" class=\"text\">\n\t\t\n<h2>RECRUTER<\/h2>\n\t\t\n<style>\n#text-50384255 {\n  font-size: 1.4rem;\n  text-align: center;\n}\n<\/style>\n\t<\/div>\n\t\n\t\t<\/div>\n\t\t\t\t\t<\/div>\n\n\t\n<\/div>\n\t\t<\/div>\n\n\t\t\n<style>\n#section_90986517 {\n  padding-top: 0px;\n  padding-bottom: 0px;\n}\n#section_90986517 .ux-shape-divider--top svg {\n  height: 150px;\n  --divider-top-width: 100%;\n}\n#section_90986517 .ux-shape-divider--bottom svg {\n  height: 150px;\n  --divider-width: 100%;\n}\n<\/style>\n\t<\/section>\n\t\n\t<section class=\"section\" id=\"section_1412444166\">\n\t\t<div class=\"bg section-bg fill bg-fill  bg-loaded\" >\n\n\t\t\t\n\t\t\t\n\t\t\t\n\n\t\t<\/div>\n\n\t\t\n\n\t\t<div class=\"section-content relative\">\n\t\t\t\n<div class=\"row align-center\"  id=\"row-1732728075\">\n\n\t<div id=\"col-1455722256\" class=\"col medium-10 small-12 large-10\"  >\n\t\t\t\t<div class=\"col-inner\"  >\n\t\t\t\n\t\t\t\n\t<div id=\"text-2654802040\" class=\"text\">\n\t\t\n<p>HUASHU se concentre depuis longtemps sur les composants \u00e9lectroniques et poss\u00e8de la qualification d&#039;agent, qui est le principal fournisseur de composants sur le march\u00e9. Ce recrutement s&#039;adresse principalement \u00e0 des postes de d\u00e9veloppement et de maintenance client usine de terminaux, d&#039;ing\u00e9nieurs commerciaux poss\u00e9dant certaines qualifications de l&#039;industrie, n\u00e9cessitant de bonnes comp\u00e9tences en communication. Bienvenue \u00e0 soumettre votre CV\u00a0!<\/p>\n\t\t\n<style>\n#text-2654802040 {\n  font-size: 1rem;\n  line-height: 1.8;\n}\n<\/style>\n\t<\/div>\n\t\n<div class=\"is-divider divider clearfix\" ><\/div>\n\t<div id=\"text-1143432017\" class=\"text\">\n\t\t\n<h3><strong>Ing\u00e9nieur Commercial Terminal<\/strong><\/h3>\n\t\t\n<style>\n#text-1143432017 {\n  font-size: 1.2rem;\n}\n<\/style>\n\t<\/div>\n\t\n\t<div id=\"text-1507565858\" class=\"text\">\n\t\t\n<p><strong>T\u00e2ches du poste\u00a0:<\/strong><br \/>1. responsable du travail de promotion des ventes de puces et de gammes de produits avantageux de l&#039;agent de l&#039;entreprise, pour les clients de l&#039;\u00e9lectronique automobile et le d\u00e9veloppement des clients des appareils \u00e9lectrom\u00e9nagers intelligents\u00a0;<br \/>2. par t\u00e9l\u00e9phone, e-mail, visites sur place pour explorer les fabricants mondiaux d&#039;\u00e9lectronique OEM\/ODM\/EMS et \u00e9tablir des relations de coop\u00e9ration, pour comprendre leur processus de production en cas de p\u00e9nurie de composants \u00e9lectroniques ;<br \/>3. maintenir les clients existants de l&#039;entreprise ainsi que d\u00e9velopper de nouveaux clients, traiter les exigences mat\u00e9rielles de la nomenclature des clients, les n\u00e9gociations de prix, pour faciliter les commandes\u00a0;<br \/>4. responsable de la collecte d&#039;informations sur l&#039;industrie, de la recherche de clients potentiels et de la demande, de la recherche d&#039;opportunit\u00e9s de coop\u00e9ration\u00a0; 5. suivi des commandes et suivi des stocks.<br \/>5. suivi des commandes et ventes de stocks, collecte en temps opportun des paiements des clients\u00a0;<br \/>6. Fournir aux clients un bon service de vente, y compris la tarification des produits, l&#039;acc\u00e8s aux donn\u00e9es sur les produits\/l&#039;analyse des remplacements compatibles, les pr\u00e9visions de stocks\u00a0;<br \/>7. R\u00e9daction et analyse de rapports li\u00e9s aux ventes.<\/p>\n\t\t\n<style>\n#text-1507565858 {\n  font-size: 1rem;\n  line-height: 1.8;\n}\n<\/style>\n\t<\/div>\n\t\n\t<div id=\"text-366949582\" class=\"text\">\n\t\t\n<p><strong>Exigences de l&#039;emploi:<\/strong><br \/>1. familier avec toutes sortes de composants \u00e9lectroniques tels que (gestion de l&#039;alimentation PUM IC, DC-DC, AC-DC, MCU, Mosfet, etc.) et marques (telles que TI, ON, NXP, Toshiba, etc\u2026)<br \/>2. Familier avec TI, le march\u00e9 de l&#039;industrie Bluetooth, plus de 3 ans d&#039;exp\u00e9rience dans la vente de composants \u00e9lectroniques et d&#039;exp\u00e9rience dans la vente aux clients d&#039;usine, capable de d\u00e9velopper ind\u00e9pendamment des clients, les ressources clients OEM\/ODM\/EMS sont pr\u00e9f\u00e9r\u00e9es\u00a0;<br \/>3. avoir la capacit\u00e9 de faire face aux crises, d&#039;analyser le march\u00e9 des clients et de prendre conscience du service \u00e0 la client\u00e8le, bon en mati\u00e8re de contr\u00f4le des risques avant la vente, peut r\u00e9soudre de mani\u00e8re ind\u00e9pendante d&#039;autres probl\u00e8mes li\u00e9s \u00e0 la vente et \u00e0 l&#039;apr\u00e8s-vente.<\/p>\n\t\t\n<style>\n#text-366949582 {\n  font-size: 1rem;\n  line-height: 1.8;\n}\n<\/style>\n\t<\/div>\n\t\n\t<div id=\"text-1103653495\" class=\"text\">\n\t\t\n<p><strong>R\u00e9mun\u00e9ration:<\/strong><br \/>Salaire + commission + bonus<br \/>Week-end double vacances, avantages vacances, constitution de groupes de voyages r\u00e9guliers.<\/p>\n\t\t\n<style>\n#text-1103653495 {\n  font-size: 1rem;\n  line-height: 1.8;\n}\n<\/style>\n\t<\/div>\n\t\n\t\t<\/div>\n\t\t\t\t\t<\/div>\n\n\t\n<\/div>\n\t\t<\/div>\n\n\t\t\n<style>\n#section_1412444166 {\n  padding-top: 30px;\n  padding-bottom: 30px;\n}\n#section_1412444166 .ux-shape-divider--top svg {\n  height: 150px;\n  --divider-top-width: 100%;\n}\n#section_1412444166 .ux-shape-divider--bottom svg {\n  height: 150px;\n  --divider-width: 100%;\n}\n<\/style>\n\t<\/section>\n\t\n\t<section class=\"section\" id=\"section_1517616329\">\n\t\t<div class=\"bg section-bg fill bg-fill  bg-loaded\" >\n\n\t\t\t\n\t\t\t\n\t\t\t\n\n\t\t<\/div>\n\n\t\t\n\n\t\t<div class=\"section-content relative\">\n\t\t\t\n<div class=\"row align-center\"  id=\"row-1500867687\">\n\n\t<div id=\"col-1344211416\" class=\"col medium-10 small-12 large-10\"  >\n\t\t\t\t<div class=\"col-inner\"  >\n\t\t\t\n\t\t\t\n\t<div id=\"gap-1703340093\" class=\"gap-element clearfix\" style=\"display:block; height:auto;\">\n\t\t\n<style>\n#gap-1703340093 {\n  padding-top: 30px;\n}\n<\/style>\n\t<\/div>\n\t\n\t<div id=\"text-2275080497\" class=\"text\">\n\t\t\n<h3><strong>Ventes du commerce ext\u00e9rieur<\/strong><\/h3>\n\t\t\n<style>\n#text-2275080497 {\n  font-size: 1.2rem;\n}\n<\/style>\n\t<\/div>\n\t\n\t<div id=\"text-213912080\" class=\"text\">\n\t\t\n<p><strong>T\u00e2ches du poste\u00a0:<\/strong><br \/>1. familier avec la gestion d&#039;une grande plate-forme de r\u00e9seau de commerce ext\u00e9rieur et peut rechercher la plate-forme pour d\u00e9velopper de nouveaux clients, entretenir des relations avec les clients \u00e0 l&#039;\u00e9tranger et compl\u00e9ter le plan de vente annuel\u00a0;<br \/>2. responsable de la collecte d&#039;informations sur les march\u00e9s \u00e9trangers, du d\u00e9veloppement de la demande \u00e9trang\u00e8re de clients IC et des clients des usines de terminaux\u00a0;<br \/>3. aux ventes de t\u00e9l\u00e9phones et de r\u00e9seaux de bureau, en traitant avec les clients \u00e9trangers toutes sortes de demandes de demandes de composants \u00e9lectroniques et en suivant les intentions des clients, en contribuant \u00e0 l&#039;atterrissage des commandes\u00a0;<br \/>4. signature du contrat, ma\u00eetrise des liens entre les processus commerciaux du commerce ext\u00e9rieur, pour assurer la bonne mise en \u0153uvre du contrat et garantir que le paiement est collect\u00e9 \u00e0 temps\u00a0;<br \/>5. r\u00e9sumer et rapporter r\u00e9guli\u00e8rement les donn\u00e9es de vente, les ressources statistiques clients, la publicit\u00e9 et la promotion de la marque de l&#039;entreprise, \u00e9tablir et entretenir des relations clients.<\/p>\n\t\t\n<style>\n#text-213912080 {\n  font-size: 1rem;\n  line-height: 1.8;\n}\n<\/style>\n\t<\/div>\n\t\n\t<div id=\"text-3600823231\" class=\"text\">\n\t\t\n<p><strong>Exigences de l&#039;emploi:<\/strong><br \/>1. Baccalaur\u00e9at ou sup\u00e9rieur, CET-4 ou CET-6, parlant couramment l&#039;anglais, capable de communiquer avec des hommes d&#039;affaires \u00e9trangers sans obstacles dans la communication verbale et la communication textuelle commerciale, comme r\u00e9pondre aux e-mails en anglais standard\u00a0;<br \/>2. familier avec les plates-formes commerciales de commerce ext\u00e9rieur et les comp\u00e9tences op\u00e9rationnelles associ\u00e9es, exp\u00e9rience dans l&#039;industrie du commerce ext\u00e9rieur, familier avec les processus commerciaux du commerce ext\u00e9rieur, bon d\u00e9veloppement des clients du commerce ext\u00e9rieur et utilisation des plates-formes commerciales IC \u00e9trang\u00e8res\u00a0;<br \/>3. familier avec les composants \u00e9lectroniques, le march\u00e9 \u00e9tranger de l&#039;industrie \u00e9lectronique a une certaine capacit\u00e9 d&#039;analyse et d&#039;identification, peut d\u00e9velopper ind\u00e9pendamment des activit\u00e9s sur les march\u00e9s \u00e9trangers ;<br \/>4, personnalit\u00e9 joyeuse et g\u00e9n\u00e9reuse, travail s\u00e9rieux et responsable, travailleur acharn\u00e9, conscience du service \u00e0 la client\u00e8le, avoir un fort int\u00e9r\u00eat pour la vente et un d\u00e9sir de r\u00e9ussir, une exp\u00e9rience dans la vente \u00e0 l&#039;\u00e9tranger ou dans une autre industrie du commerce ext\u00e9rieur est pr\u00e9f\u00e9rable\u00a0;<\/p>\n\t\t\n<style>\n#text-3600823231 {\n  font-size: 1rem;\n  line-height: 1.8;\n}\n<\/style>\n\t<\/div>\n\t\n\t<div id=\"text-1201278440\" class=\"text\">\n\t\t\n<p><strong>R\u00e9mun\u00e9ration:<\/strong><br \/>Salaire + commission + bonus<br \/>Week-end double vacances, avantages vacances, constitution de groupes de voyages r\u00e9guliers.<\/p>\n\t\t\n<style>\n#text-1201278440 {\n  font-size: 1rem;\n  line-height: 1.8;\n}\n<\/style>\n\t<\/div>\n\t\n\t\t<\/div>\n\t\t\t\t\t<\/div>\n\n\t\n<\/div>\n\t\t<\/div>\n\n\t\t\n<style>\n#section_1517616329 {\n  padding-top: 30px;\n  padding-bottom: 30px;\n  background-color: rgb(249, 249, 249);\n}\n#section_1517616329 .ux-shape-divider--top svg {\n  height: 150px;\n  --divider-top-width: 100%;\n}\n#section_1517616329 .ux-shape-divider--bottom svg {\n  height: 150px;\n  --divider-width: 100%;\n}\n<\/style>\n\t<\/section>\n\t\n\t<section class=\"section\" id=\"section_1814310102\">\n\t\t<div class=\"bg section-bg fill bg-fill  bg-loaded\" >\n\n\t\t\t\n\t\t\t\n\t\t\t\n\n\t\t<\/div>\n\n\t\t\n\n\t\t<div class=\"section-content relative\">\n\t\t\t\n<div class=\"row align-center\"  id=\"row-750531017\">\n\n\t<div id=\"col-694883076\" class=\"col medium-10 small-12 large-10\"  >\n\t\t\t\t<div class=\"col-inner\"  >\n\t\t\t\n\t\t\t\n\t<div id=\"gap-830470537\" class=\"gap-element clearfix\" style=\"display:block; height:auto;\">\n\t\t\n<style>\n#gap-830470537 {\n  padding-top: 30px;\n}\n<\/style>\n\t<\/div>\n\t\n\t<div id=\"text-1397087905\" class=\"text\">\n\t\t\n<h3><strong>Ing\u00e9nieur FAE puce Bluetooth<\/strong><\/h3>\n\t\t\n<style>\n#text-1397087905 {\n  font-size: 1.2rem;\n}\n<\/style>\n\t<\/div>\n\t\n\t<div id=\"text-2226315324\" class=\"text\">\n\t\t\n<p><strong>T\u00e2ches du poste\u00a0:<\/strong><br \/>1. Responsable du d\u00e9veloppement du client final de la puce Bluetooth, prendre l&#039;initiative d&#039;explorer le march\u00e9 des produits et les clients, d&#039;analyser et de localiser les probl\u00e8mes des clients et de proposer des solutions\u00a0;<br \/>2, recherche d&#039;informations sur les clients de l&#039;industrie et s\u00e9lection des clients \u00e9ligibles \u00e0 visiter, n\u00e9gocier la coop\u00e9ration, faciliter les commandes\u00a0;<br \/>3, pour comprendre et collecter les pairs de l&#039;industrie et les informations dynamiques sur les produits comp\u00e9titifs\u00a0;<br \/>4, afin de prot\u00e9ger les int\u00e9r\u00eats de l&#039;entreprise, est responsable de la n\u00e9gociation des questions de coop\u00e9ration commerciale entre l&#039;entreprise et les clients\u00a0;<br \/>5, \u00e9tape apr\u00e8s-vente de maintenance client, suivi et maintenance continus du projet ainsi que optimisation<br \/>6\u3001R\u00e9daction et analyse de rapports li\u00e9s aux ventes<\/p>\n\t\t\n<style>\n#text-2226315324 {\n  font-size: 1rem;\n  line-height: 1.8;\n}\n<\/style>\n\t<\/div>\n\t\n\t<div id=\"text-1205012186\" class=\"text\">\n\t\t\n<p><strong>Exigences de l&#039;emploi:<\/strong><br \/>1, professionnel de l&#039;\u00e9lectronique, de l&#039;informatique et des communications, dans l&#039;industrie des composants \u00e9lectroniques depuis plus d&#039;un an d&#039;exp\u00e9rience dans la vente \u00e0 la client\u00e8le d&#039;usine, avec certaines ressources et contacts\u00a0;<br \/>2. Faites 2 ans d&#039;intention de Bluetooth FAE pour augmenter les ventes, les clients de produits mobiles sont ind\u00e9pendamment responsables du d\u00e9veloppement de l&#039;exp\u00e9rience, Bluetooth, WIFI, contr\u00f4le intelligent de la lumi\u00e8re, prises intelligentes, ventes de programmes de modules de puces.<br \/>Une exp\u00e9rience de vente de programmes de modules de puces et de si\u00e8ges est pr\u00e9f\u00e9rable\u00a0;<br \/>3. Familier avec les produits li\u00e9s aux RF, BT\/BLE\/WIFI, etc.<\/p>\n\t\t\n<style>\n#text-1205012186 {\n  font-size: 1rem;\n  line-height: 1.8;\n}\n<\/style>\n\t<\/div>\n\t\n\t<div id=\"text-2550114130\" class=\"text\">\n\t\t\n<p><strong>R\u00e9mun\u00e9ration:<\/strong><br \/>Salaire + commission + bonus<br \/>Week-end double vacances, avantages vacances, constitution de groupes de voyages r\u00e9guliers.<\/p>\n\t\t\n<style>\n#text-2550114130 {\n  font-size: 1rem;\n  line-height: 1.8;\n}\n<\/style>\n\t<\/div>\n\t\n<p>\u00a0<\/p>\n<p>\u00a0<\/p>\n<p>\u00a0<\/p>\n<div>\u00a0<\/div>\n<div><strong>Connecte-toi avec nous:<\/strong><\/div>\n<div>Contact: Mademoiselle. Il<\/div>\n<div>T\u00e9l : 18923730328<\/div>\n<div>Courriel\u00a0:\u00a0hr2@huashu-tech.com<\/div>\n\t\t<\/div>\n\t\t\t\t\t<\/div>\n\n\t\n<\/div>\n\t\t<\/div>\n\n\t\t\n<style>\n#section_1814310102 {\n  padding-top: 30px;\n  padding-bottom: 30px;\n}\n#section_1814310102 .ux-shape-divider--top svg {\n  height: 150px;\n  --divider-top-width: 100%;\n}\n#section_1814310102 .ux-shape-divider--bottom svg {\n  height: 150px;\n  --divider-width: 100%;\n}\n<\/style>\n\t<\/section>","protected":false},"excerpt":{"rendered":"","protected":false},"author":1,"featured_media":0,"parent":1486,"menu_order":0,"comment_status":"closed","ping_status":"closed","template":"page-blank.php","meta":[],"acf":[],"_links":{"self":[{"href":"https:\/\/www.huashu-tech.com\/fr\/wp-json\/wp\/v2\/pages\/1835"}],"collection":[{"href":"https:\/\/www.huashu-tech.com\/fr\/wp-json\/wp\/v2\/pages"}],"about":[{"href":"https:\/\/www.huashu-tech.com\/fr\/wp-json\/wp\/v2\/types\/page"}],"author":[{"embeddable":true,"href":"https:\/\/www.huashu-tech.com\/fr\/wp-json\/wp\/v2\/users\/1"}],"replies":[{"embeddable":true,"href":"https:\/\/www.huashu-tech.com\/fr\/wp-json\/wp\/v2\/comments?post=1835"}],"version-history":[{"count":18,"href":"https:\/\/www.huashu-tech.com\/fr\/wp-json\/wp\/v2\/pages\/1835\/revisions"}],"predecessor-version":[{"id":8461,"href":"https:\/\/www.huashu-tech.com\/fr\/wp-json\/wp\/v2\/pages\/1835\/revisions\/8461"}],"up":[{"embeddable":true,"href":"https:\/\/www.huashu-tech.com\/fr\/wp-json\/wp\/v2\/pages\/1486"}],"wp:attachment":[{"href":"https:\/\/www.huashu-tech.com\/fr\/wp-json\/wp\/v2\/media?parent=1835"}],"curies":[{"name":"wp","href":"https:\/\/api.w.org\/{rel}","templated":true}]}}