{"id":1673,"date":"2023-01-13T12:36:31","date_gmt":"2023-01-13T04:36:31","guid":{"rendered":"https:\/\/www.huashu-tech.com\/?page_id=1673"},"modified":"2023-07-18T11:10:08","modified_gmt":"2023-07-18T03:10:08","slug":"hmi","status":"publish","type":"page","link":"https:\/\/www.huashu-tech.com\/fr\/solutions\/charging-pile\/hmi\/","title":{"rendered":"Module IHM de borne de recharge pour v\u00e9hicule \u00e9lectrique"},"content":{"rendered":"<div class=\"banner has-hover hide-for-small\" id=\"banner-1971577315\">\n          <div class=\"banner-inner fill\">\n        <div class=\"banner-bg fill\" >\n            <div class=\"bg fill bg-fill\"><\/div>\n                        <div class=\"overlay\"><\/div>            \n                    <\/div>\n\t\t\n        <div class=\"banner-layers container\">\n            <div class=\"fill banner-link\"><\/div>            \n\n\n        <\/div>\n      <\/div>\n\n            \n<style>\n#banner-1971577315 {\n  padding-top: 300px;\n}\n#banner-1971577315 .bg.bg-loaded {\n  background-image: url(https:\/\/www.huashu-tech.com\/wp-content\/uploads\/4-2-scaled.webp);\n}\n#banner-1971577315 .overlay {\n  background-color: rgba(19, 100, 181, 0.302);\n}\n#banner-1971577315 .ux-shape-divider--top svg {\n  height: 150px;\n  --divider-top-width: 100%;\n}\n#banner-1971577315 .ux-shape-divider--bottom svg {\n  height: 150px;\n  --divider-width: 100%;\n}\n<\/style>\n  <\/div>\n\n\n\n  <div class=\"banner has-hover show-for-small\" id=\"banner-1211893348\">\n          <div class=\"banner-inner fill\">\n        <div class=\"banner-bg fill\" >\n            <div class=\"bg fill bg-fill\"><\/div>\n                        <div class=\"overlay\"><\/div>            \n                    <\/div>\n\t\t\n        <div class=\"banner-layers container\">\n            <div class=\"fill banner-link\"><\/div>            \n\n   <div id=\"text-box-1213671875\" class=\"text-box banner-layer spec-banner x0 md-x0 lg-x0 y50 md-y50 lg-y50 res-text\">\n                                <div class=\"text-box-content text dark\">\n              \n              <div class=\"text-inner text-center\">\n                  \n\n\t<div id=\"text-871471686\" class=\"text spec\">\n\t\t\n\n<h3>\u00ab \u575a\u5b9a\u4e0d\u79fb\u5efa\u8bbe\u5236\u9020\u5f3a\u56fd\u3001\u8d28\u91cf\u5f3a\u56fd\u3001\u7f51\u7edc\u5f3a\u56fd\u3001\u6570\u5b57\u4e2d\u56fd\u201d<\/h3>\n\t\t\n<style>\n#text-871471686 {\n  font-size: 0.9rem;\n  text-align: left;\n}\n@media (min-width:550px) {\n  #text-871471686 {\n    font-size: 1.2rem;\n  }\n}\n<\/style>\n\t<\/div>\n\t\n\t<div id=\"text-2360254730\" class=\"text\">\n\t\t\n\n<p>\u6807\u5fd7\u7740\u672a\u67653\u5e74\u5c06\u662f\u4e2d\u56fd\u5de5\u4e1a\u4e92\u8054\u7f51\u5feb\u901f\u6210\u957f\u671f\u7684\u5173\u952e\u671f\u3002<\/p>\n\t\t\n<style>\n#text-2360254730 {\n  font-size: 0.9rem;\n  text-align: left;\n}\n<\/style>\n\t<\/div>\n\t\n\n              <\/div>\n           <\/div>\n                            \n<style>\n#text-box-1213671875 .text-box-content {\n  background-color: rgba(20, 99, 181, 0.703);\n  font-size: 100%;\n}\n#text-box-1213671875 .text-inner {\n  padding: 20px 20px 20px 20px;\n}\n#text-box-1213671875 {\n  width: 100%;\n}\n@media (min-width:550px) {\n  #text-box-1213671875 .text-inner {\n    padding: 30px 30px 30px 30px;\n  }\n  #text-box-1213671875 {\n    width: 51%;\n  }\n}\n<\/style>\n    <\/div>\n \n\n        <\/div>\n      <\/div>\n\n            \n<style>\n#banner-1211893348 {\n  padding-top: 300px;\n}\n#banner-1211893348 .bg.bg-loaded {\n  background-image: url(https:\/\/www.huashu-tech.com\/wp-content\/uploads\/4-2-scaled.webp);\n}\n#banner-1211893348 .overlay {\n  background-color: rgba(19, 100, 181, 0.302);\n}\n#banner-1211893348 .ux-shape-divider--top svg {\n  height: 150px;\n  --divider-top-width: 100%;\n}\n#banner-1211893348 .ux-shape-divider--bottom svg {\n  height: 150px;\n  --divider-width: 100%;\n}\n<\/style>\n  <\/div>\n\n\n\t<section class=\"section\" id=\"section_116481300\">\n\t\t<div class=\"bg section-bg fill bg-fill  bg-loaded\" >\n\n\t\t\t\n\t\t\t\n\t\t\t\n\n\t\t<\/div>\n\n\t\t\n\n\t\t<div class=\"section-content relative\">\n\t\t\t\n<div class=\"row\"  id=\"row-1199843107\">\n\n\t<div id=\"col-1184243432\" class=\"col medium-10 small-12 large-10\"  >\n\t\t\t\t<div class=\"col-inner\"  >\n\t\t\t\n\t\t\t\n\t<div id=\"text-781990814\" class=\"text\">\n\t\t\n<h2>Module IHM de borne de recharge pour v\u00e9hicule \u00e9lectrique<\/h2>\n\t\t\n<style>\n#text-781990814 {\n  font-size: 1.4rem;\n  text-align: left;\n}\n<\/style>\n\t<\/div>\n\t\n\t\t<\/div>\n\t\t\t\t\t<\/div>\n\n\t\n<\/div>\n<div class=\"row\"  id=\"row-523374479\">\n\n\t<div id=\"col-1828433533\" class=\"col medium-10 small-12 large-10\"  >\n\t\t\t\t<div class=\"col-inner\"  >\n\t\t\t\n\t\t\t\n\t<div id=\"text-422139537\" class=\"text\">\n\t\t\n<h4>Aper\u00e7u<\/h4>\n\t\t\n<style>\n#text-422139537 {\n  text-align: left;\n}\n<\/style>\n\t<\/div>\n\t\n\t<div id=\"text-3595958138\" class=\"text\">\n\t\t\n<p>Nos circuits int\u00e9gr\u00e9s et nos conceptions de r\u00e9f\u00e9rence peuvent vous aider \u00e0 cr\u00e9er une interface homme-machine (IHM) plus intelligente et conviviale, facilitant ainsi l&#039;interaction entre les v\u00e9hicules \u00e9lectriques (VE) et les bornes de recharge pour v\u00e9hicules \u00e9lectriques.<br \/>\n\t\t\n<style>\n#text-3595958138 {\n  line-height: 1.8;\n  text-align: left;\n}\n<\/style>\n\t<\/div>\n\t\n\t<div id=\"text-145545543\" class=\"text\">\n\t\t\n<h4>Exigence de conception<\/h4>\n\t\t\n<style>\n#text-145545543 {\n  text-align: left;\n}\n<\/style>\n\t<\/div>\n\t\n\t<div id=\"text-1843664659\" class=\"text\">\n\t\t\n<ul>\n<li>La conception du module HMI de la station de recharge EV n\u00e9cessite g\u00e9n\u00e9ralement\u00a0:<\/li>\n<li>Interface graphique riche pour une exp\u00e9rience utilisateur am\u00e9lior\u00e9e.<\/li>\n<li>Communication intelligente pour l&#039;acc\u00e8s et le contr\u00f4le \u00e0 distance.<\/li>\n<li>Prise en charge de l&#039;interface de passerelle de paiement et de surveillance.<\/li>\n<\/ul>\n\t\t\n<style>\n#text-1843664659 {\n  line-height: 1.8;\n  text-align: left;\n}\n<\/style>\n\t<\/div>\n\t\n\t\t<\/div>\n\t\t\t\t\t<\/div>\n\n\t\n\n\t<div id=\"col-725739278\" class=\"col small-12 large-12\"  >\n\t\t\t\t<div class=\"col-inner\"  >\n\t\t\t\n\t\t\t\n<div class=\"is-divider divider clearfix\" style=\"max-width:100%;height:1px;background-color:rgb(238, 238, 238);\"><\/div>\n\t\t<\/div>\n\t\t\t\t\t<\/div>\n\n\t\n\n\t<div id=\"col-494776343\" class=\"col small-12 large-12\"  >\n\t\t\t\t<div class=\"col-inner\"  >\n\t\t\t\n\t\t\t\n\t<div id=\"text-615393750\" class=\"text\">\n\t\t\n<h3>Syst\u00e8me d&#039;exploitation HMI<\/h3>\n\t\t\n<style>\n#text-615393750 {\n  font-size: 1.2rem;\n  text-align: left;\n}\n<\/style>\n\t<\/div>\n\t\n\t\t<\/div>\n\t\t\t\t\t<\/div>\n\n\t\n\n\t<div id=\"col-829186121\" class=\"col medium-6 small-12 large-6\"  >\n\t\t\t\t<div class=\"col-inner\"  >\n\t\t\t\n\t\t\t\n\t<div class=\"img has-hover x md-x lg-x y md-y lg-y\" id=\"image_1612988174\">\n\t\t\t\t\t\t\t\t<div class=\"img-inner dark\" >\n\t\t\t<img width=\"1020\" height=\"741\" src=\"https:\/\/www.huashu-tech.com\/wp-content\/uploads\/4-8.webp\" class=\"attachment-large size-large\" alt=\"\" loading=\"lazy\" \/>\t\t\t\t\t\t\n\t\t\t\t\t<\/div>\n\t\t\t\t\t\t\t\t\n<style>\n#image_1612988174 {\n  width: 100%;\n}\n<\/style>\n\t<\/div>\n\t\n\t\t<\/div>\n\t\t\t\t\t<\/div>\n\n\t\n\n\t<div id=\"col-1617461560\" class=\"col medium-6 small-12 large-6\"  >\n\t\t\t\t<div class=\"col-inner\"  >\n\t\t\t\n\t\t\t\n\t<div id=\"text-1328012982\" class=\"text\">\n\t\t\n<h4>D\u00e9velopper des documents<\/h4>\n\t\t\n<style>\n#text-1328012982 {\n  font-size: 1.1rem;\n  text-align: left;\n}\n<\/style>\n\t<\/div>\n\t\n\t<div id=\"text-57402997\" class=\"text bk-gray sjzn\">\n\t\t\n<ul>\n<li><a href=\"\/wp-content\/uploads\/solutions-1-en.pdf\" target=\"_blank\" rel=\"noopener\">Mise sous tension intelligente, la porte vers une utilisation efficace de l&#039;\u00e9nergie<\/a><\/li>\n<li><a href=\"\/wp-content\/uploads\/solutions-2-en.pdf\" target=\"_blank\" rel=\"noopener\">Tendance de d\u00e9veloppement de la technologie de recharge automobile<\/a><\/li>\n<li><a href=\"\/wp-content\/uploads\/solutions-3-en.pdf\" target=\"_blank\" rel=\"noopener\">Le courant de source de pointe et le courant de puits<\/a><\/li>\n<li><a href=\"\/wp-content\/uploads\/solutions-4-en.pdf\" target=\"_blank\" rel=\"noopener\">Structure d&#039;alimentation \u00e9lectrique de la station de recharge pour v\u00e9hicules \u00e9lectriques<\/a><\/li>\n<li><a href=\"\/wp-content\/uploads\/solutions-5-en.pdf\" target=\"_blank\" rel=\"noopener\">Comprendre le syst\u00e8me de recharge des v\u00e9hicules \u00e9lectriques du double point de vue du r\u00e9seau \u00e9lectrique des v\u00e9hicules<\/a><\/li>\n<\/ul>\n\t\t\n<style>\n#text-57402997 {\n  line-height: 1.8;\n  text-align: left;\n}\n<\/style>\n\t<\/div>\n\t\n\t\t<\/div>\n\t\t\t\t\t<\/div>\n\n\t\n<\/div>\n\t\t<\/div>\n\n\t\t\n<style>\n#section_116481300 {\n  padding-top: 90px;\n  padding-bottom: 90px;\n}\n#section_116481300 .ux-shape-divider--top svg {\n  height: 150px;\n  --divider-top-width: 100%;\n}\n#section_116481300 .ux-shape-divider--bottom svg {\n  height: 150px;\n  --divider-width: 100%;\n}\n<\/style>\n\t<\/section>","protected":false},"excerpt":{"rendered":"","protected":false},"author":1,"featured_media":0,"parent":1663,"menu_order":0,"comment_status":"closed","ping_status":"closed","template":"page-blank.php","meta":[],"acf":[],"_links":{"self":[{"href":"https:\/\/www.huashu-tech.com\/fr\/wp-json\/wp\/v2\/pages\/1673"}],"collection":[{"href":"https:\/\/www.huashu-tech.com\/fr\/wp-json\/wp\/v2\/pages"}],"about":[{"href":"https:\/\/www.huashu-tech.com\/fr\/wp-json\/wp\/v2\/types\/page"}],"author":[{"embeddable":true,"href":"https:\/\/www.huashu-tech.com\/fr\/wp-json\/wp\/v2\/users\/1"}],"replies":[{"embeddable":true,"href":"https:\/\/www.huashu-tech.com\/fr\/wp-json\/wp\/v2\/comments?post=1673"}],"version-history":[{"count":3,"href":"https:\/\/www.huashu-tech.com\/fr\/wp-json\/wp\/v2\/pages\/1673\/revisions"}],"predecessor-version":[{"id":8123,"href":"https:\/\/www.huashu-tech.com\/fr\/wp-json\/wp\/v2\/pages\/1673\/revisions\/8123"}],"up":[{"embeddable":true,"href":"https:\/\/www.huashu-tech.com\/fr\/wp-json\/wp\/v2\/pages\/1663"}],"wp:attachment":[{"href":"https:\/\/www.huashu-tech.com\/fr\/wp-json\/wp\/v2\/media?parent=1673"}],"curies":[{"name":"wp","href":"https:\/\/api.w.org\/{rel}","templated":true}]}}