{"id":1686,"date":"2023-01-13T13:09:58","date_gmt":"2023-01-13T05:09:58","guid":{"rendered":"https:\/\/www.huashu-tech.com\/?page_id=1686"},"modified":"2023-07-18T11:21:03","modified_gmt":"2023-07-18T03:21:03","slug":"power-equipment","status":"publish","type":"page","link":"https:\/\/www.huashu-tech.com\/es\/solutions\/charging-pile\/power-equipment\/","title":{"rendered":"Infraestructura el\u00e9ctrica"},"content":{"rendered":"<div class=\"banner has-hover hide-for-small\" id=\"banner-490631290\">\n          <div class=\"banner-inner fill\">\n        <div class=\"banner-bg fill\" >\n            <div class=\"bg fill bg-fill\"><\/div>\n                        <div class=\"overlay\"><\/div>            \n                    <\/div>\n\t\t\n        <div class=\"banner-layers container\">\n            <div class=\"fill banner-link\"><\/div>            \n\n\n        <\/div>\n      <\/div>\n\n            \n<style>\n#banner-490631290 {\n  padding-top: 300px;\n}\n#banner-490631290 .bg.bg-loaded {\n  background-image: url(https:\/\/www.huashu-tech.com\/wp-content\/uploads\/4-2-scaled.webp);\n}\n#banner-490631290 .overlay {\n  background-color: rgba(19, 100, 181, 0.302);\n}\n#banner-490631290 .ux-shape-divider--top svg {\n  height: 150px;\n  --divider-top-width: 100%;\n}\n#banner-490631290 .ux-shape-divider--bottom svg {\n  height: 150px;\n  --divider-width: 100%;\n}\n<\/style>\n  <\/div>\n\n\n\n  <div class=\"banner has-hover show-for-small\" id=\"banner-2097459481\">\n          <div class=\"banner-inner fill\">\n        <div class=\"banner-bg fill\" >\n            <div class=\"bg fill bg-fill\"><\/div>\n                        <div class=\"overlay\"><\/div>            \n                    <\/div>\n\t\t\n        <div class=\"banner-layers container\">\n            <div class=\"fill banner-link\"><\/div>            \n\n   <div id=\"text-box-1288455078\" class=\"text-box banner-layer spec-banner x0 md-x0 lg-x0 y50 md-y50 lg-y50 res-text\">\n                                <div class=\"text-box-content text dark\">\n              \n              <div class=\"text-inner text-center\">\n                  \n\n\t<div id=\"text-673059308\" class=\"text spec\">\n\t\t\n\n<h3>\u201c\u575a\u5b9a\u4e0d\u79fb\u5efa\u8bbe\u5236\u9020\u5f3a\u56fd\u3001\u8d28\u91cf\u5f3a\u56fd\u3001\u7f51\u7edc\u5f3a\u56fd\u3001\u6570\u5b57\u4e2d\u56fd\u201d<\/h3>\n\t\t\n<style>\n#text-673059308 {\n  font-size: 0.9rem;\n  text-align: left;\n}\n@media (min-width:550px) {\n  #text-673059308 {\n    font-size: 1.2rem;\n  }\n}\n<\/style>\n\t<\/div>\n\t\n\t<div id=\"text-2414150990\" class=\"text\">\n\t\t\n\n<p>\u6807\u5fd7\u7740\u672a\u67653\u5e74\u5c06\u662f\u4e2d\u56fd\u5de5\u4e1a\u4e92\u8054\u7f51\u5feb\u901f\u6210\u957f\u671f\u7684\u5173\u952e\u671f.<\/p>\n\t\t\n<style>\n#text-2414150990 {\n  font-size: 0.9rem;\n  text-align: left;\n}\n<\/style>\n\t<\/div>\n\t\n\n              <\/div>\n           <\/div>\n                            \n<style>\n#text-box-1288455078 .text-box-content {\n  background-color: rgba(20, 99, 181, 0.703);\n  font-size: 100%;\n}\n#text-box-1288455078 .text-inner {\n  padding: 20px 20px 20px 20px;\n}\n#text-box-1288455078 {\n  width: 100%;\n}\n@media (min-width:550px) {\n  #text-box-1288455078 .text-inner {\n    padding: 30px 30px 30px 30px;\n  }\n  #text-box-1288455078 {\n    width: 51%;\n  }\n}\n<\/style>\n    <\/div>\n \n\n        <\/div>\n      <\/div>\n\n            \n<style>\n#banner-2097459481 {\n  padding-top: 300px;\n}\n#banner-2097459481 .bg.bg-loaded {\n  background-image: url(https:\/\/www.huashu-tech.com\/wp-content\/uploads\/4-2-scaled.webp);\n}\n#banner-2097459481 .overlay {\n  background-color: rgba(19, 100, 181, 0.302);\n}\n#banner-2097459481 .ux-shape-divider--top svg {\n  height: 150px;\n  --divider-top-width: 100%;\n}\n#banner-2097459481 .ux-shape-divider--bottom svg {\n  height: 150px;\n  --divider-width: 100%;\n}\n<\/style>\n  <\/div>\n\n\n\t<section class=\"section\" id=\"section_1990811852\">\n\t\t<div class=\"bg section-bg fill bg-fill  bg-loaded\" >\n\n\t\t\t\n\t\t\t\n\t\t\t\n\n\t\t<\/div>\n\n\t\t\n\n\t\t<div class=\"section-content relative\">\n\t\t\t\n<div class=\"row row-collapse\"  id=\"row-1982511944\">\n\n\t<div id=\"col-335264339\" class=\"col small-12 large-12\"  >\n\t\t\t\t<div class=\"col-inner\"  >\n\t\t\t\n\t\t\t\n\t<div id=\"stack-211506393\" class=\"stack stack-row justify-center items-stretch\">\n\t\t\n<a href=\"https:\/\/www.huashu-tech.com\/es\/solutions\/bluetooth\/\" target=\"_self\" class=\"button primary is-link\"  >\n    <span>Soluciones de productos Bluetooth<\/span>\n  <\/a>\n\n<a href=\"https:\/\/www.huashu-tech.com\/es\/solutions\/infrastructure\/\" target=\"_self\" class=\"button primary is-link active\"  >\n    <span>Soluciones de componentes inteligentes<\/span>\n  <\/a>\n\n\t\t\n<style>\n#stack-211506393 > * {\n  --stack-gap: 5rem;\n}\n<\/style>\n\t<\/div>\n\t\n<div class=\"is-divider divider clearfix\" style=\"max-width:100%;height:1px;background-color:rgb(238, 238, 238);\"><\/div>\n\t\t<\/div>\n\t\t\t\t\t<\/div>\n\n\t\n<\/div>\n\t\t<\/div>\n\n\t\t\n<style>\n#section_1990811852 {\n  padding-top: 30px;\n  padding-bottom: 30px;\n}\n#section_1990811852 .ux-shape-divider--top svg {\n  height: 150px;\n  --divider-top-width: 100%;\n}\n#section_1990811852 .ux-shape-divider--bottom svg {\n  height: 150px;\n  --divider-width: 100%;\n}\n<\/style>\n\t<\/section>\n\t\n\t<section class=\"section\" id=\"section_2090822617\">\n\t\t<div class=\"bg section-bg fill bg-fill  bg-loaded\" >\n\n\t\t\t\n\t\t\t\n\t\t\t\n\n\t\t<\/div>\n\n\t\t\n\n\t\t<div class=\"section-content relative\">\n\t\t\t\n\t<div id=\"gap-734562908\" class=\"gap-element clearfix\" style=\"display:block; height:auto;\">\n\t\t\n<style>\n#gap-734562908 {\n  padding-top: 30px;\n}\n<\/style>\n\t<\/div>\n\t\n<div class=\"row\"  id=\"row-188712235\">\n\n\t<div id=\"col-51867674\" class=\"col small-12 large-12\"  >\n\t\t\t\t<div class=\"col-inner\"  >\n\t\t\t\n\t\t\t\n\t<div id=\"text-580479490\" class=\"text\">\n\t\t\n<h2>Infraestructura el\u00e9ctrica<br \/>\n<\/h2>\n\t\t\n<style>\n#text-580479490 {\n  font-size: 1.4rem;\n  text-align: center;\n}\n<\/style>\n\t<\/div>\n\t\n\t\t<\/div>\n\t\t\t\t\t<\/div>\n\n\t\n<\/div>\n<div class=\"row\"  id=\"row-999187233\">\n\n\t<div id=\"col-239675053\" class=\"col medium-7 small-12 large-7\"  >\n\t\t\t\t<div class=\"col-inner\"  >\n\t\t\t\n\t\t\t\n\t<div id=\"text-2658436942\" class=\"text indent\">\n\t\t\n<p>China tiene un vasto territorio, y el extremo de los recursos y la demanda de energ\u00eda de las energ\u00edas tradicionales y nuevas est\u00e1n geogr\u00e1ficamente separados de oeste a este. Al igual que el Proyecto de Transferencia de Agua de Sur a Norte, se requiere la transmisi\u00f3n de energ\u00eda de oeste a este. Por lo tanto, el modo de transmisi\u00f3n de energ\u00eda UHV, que cumple con los requisitos de gran escala, larga distancia y alta eficiencia, fue alguna vez uno de los representantes de la antigua infraestructura de China.<\/p>\n<p>Como su nombre lo indica, UHV es un voltaje muy alto, que se refiere a \u00b1 800 kV y m\u00e1s de CC y 1000 kV y m\u00e1s de CA. En cuanto al voltaje ultraalto, la gente sabe poco al respecto, excepto las l\u00edneas a\u00e9reas que cruzan el cielo. Sin embargo, en 2019, en el contexto de doble carbono del desarrollo de energ\u00edas limpias, el UHV recibi\u00f3 el atributo de nueva infraestructura y asumi\u00f3 nuevamente la misi\u00f3n estrat\u00e9gica de \u201cpilar nacional\u201d, convirti\u00e9ndose en el foco de atenci\u00f3n.<\/p>\n<p>Seg\u00fan datos del CCID, en 2020, la escala de inversi\u00f3n total impulsada por la industria de voltaje ultra alto de China y sus eslabones de apoyo ascendentes y descendentes en la cadena industrial superar\u00e1 los 300 mil millones de yuanes, incluidos casi 100 mil millones de yuanes de inversi\u00f3n en la industria de voltaje ultra alto y m\u00e1s de 200 mil millones de yuanes de inversi\u00f3n social. Para 2022, la escala de inversi\u00f3n total impulsada por la industria de voltaje ultraalto de China y sus eslabones de apoyo ascendentes y descendentes en la cadena industrial alcanzar\u00e1 los 414 mil millones de yuanes; Para 2025, la escala de inversi\u00f3n general de la industria UHV y sus industrias impulsadas alcanzar\u00e1 los 587 mil millones de yuanes. Estas cifras muestran que el UHV se ha convertido cada vez m\u00e1s en una infraestructura indispensable desde el sustento de las personas hasta la producci\u00f3n.<\/p>\n\t\t\n<style>\n#text-2658436942 {\n  line-height: 1.8;\n  text-align: left;\n}\n<\/style>\n\t<\/div>\n\t\n\t\t<\/div>\n\t\t\t\t\t<\/div>\n\n\t\n\n\t<div id=\"col-1501588809\" class=\"col medium-5 small-12 large-5\"  >\n\t\t\t\t<div class=\"col-inner\"  >\n\t\t\t\n\t\t\t\n\t<div class=\"img has-hover x md-x lg-x y md-y lg-y\" id=\"image_1893784704\">\n\t\t\t\t\t\t\t\t<div class=\"img-inner dark\" >\n\t\t\t<img width=\"864\" height=\"486\" src=\"https:\/\/www.huashu-tech.com\/wp-content\/uploads\/4-16.webp\" class=\"attachment-large size-large\" alt=\"\" loading=\"lazy\" \/>\t\t\t\t\t\t\n\t\t\t\t\t<\/div>\n\t\t\t\t\t\t\t\t\n<style>\n#image_1893784704 {\n  width: 100%;\n}\n<\/style>\n\t<\/div>\n\t\n\t\t<\/div>\n\t\t\t\t\t<\/div>\n\n\t\n<\/div>\n\t\t<\/div>\n\n\t\t\n<style>\n#section_2090822617 {\n  padding-top: 30px;\n  padding-bottom: 30px;\n}\n#section_2090822617 .ux-shape-divider--top svg {\n  height: 150px;\n  --divider-top-width: 100%;\n}\n#section_2090822617 .ux-shape-divider--bottom svg {\n  height: 150px;\n  --divider-width: 100%;\n}\n<\/style>\n\t<\/section>\n\t\n\t<section class=\"section sjzn\" id=\"section_1530553687\">\n\t\t<div class=\"bg section-bg fill bg-fill  bg-loaded\" >\n\n\t\t\t\n\t\t\t\n\t\t\t\n\n\t\t<\/div>\n\n\t\t\n\n\t\t<div class=\"section-content relative\">\n\t\t\t\n\t<div id=\"gap-1935095641\" class=\"gap-element clearfix\" style=\"display:block; height:auto;\">\n\t\t\n<style>\n#gap-1935095641 {\n  padding-top: 30px;\n}\n<\/style>\n\t<\/div>\n\t\n<div class=\"row\"  id=\"row-762979615\">\n\n\t<div id=\"col-258588719\" class=\"col small-12 large-12\"  >\n\t\t\t\t<div class=\"col-inner\"  >\n\t\t\t\n\t\t\t\n\t<div id=\"text-977977321\" class=\"text\">\n\t\t\n<h3>Referencia de dise\u00f1o<br \/>\n<\/h3>\n\t\t\n<style>\n#text-977977321 {\n  font-size: 1.2rem;\n  text-align: left;\n}\n<\/style>\n\t<\/div>\n\t\n\t\t<\/div>\n\t\t\t\t\t<\/div>\n\n\t\n\n\t<div id=\"col-56715783\" class=\"col medium-6 small-12 large-6\"  >\n\t\t\t\t<div class=\"col-inner\"  >\n\t\t\t\n\t\t\t\n\t<div id=\"text-2464934875\" class=\"text\">\n\t\t\n<p><a href=\"\/wp-content\/uploads\/solutions-18-en.pdf\" target=\"_blank\" rel=\"noopener\">Arquitectura HVDC y soluciones para control y protecci\u00f3n.<\/a><br \/><a href=\"\/wp-content\/uploads\/solutions-21-en.pdf\" target=\"_blank\" rel=\"noopener\">Implementar e integrar tecnolog\u00edas cableadas e inal\u00e1mbricas para la interoperabilidad de la red.<\/a><\/p>\n\t\t\n<style>\n#text-2464934875 {\n  line-height: 1.8;\n  text-align: left;\n}\n<\/style>\n\t<\/div>\n\t\n\t\t<\/div>\n\t\t\t\t\n<style>\n#col-56715783 > .col-inner {\n  padding: 0px 0px 0px 40px;\n}\n<\/style>\n\t<\/div>\n\n\t\n\n\t<div id=\"col-1171427798\" class=\"col medium-6 small-12 large-6\"  >\n\t\t\t\t<div class=\"col-inner\"  >\n\t\t\t\n\t\t\t\n\t<div id=\"text-3679336566\" class=\"text\">\n\t\t\n<p><a href=\"\/wp-content\/uploads\/solutions-19-en.pdf\" target=\"_blank\" rel=\"noopener\">Canales de entrada anal\u00f3gica para aplicaciones de red el\u00e9ctrica extendida<\/a><br \/><a href=\"\/wp-content\/uploads\/solutions-20-en.pdf\" target=\"_blank\" rel=\"noopener\">De la subestaci\u00f3n tradicional a la subestaci\u00f3n inteligente<\/a><\/p>\n\t\t\n<style>\n#text-3679336566 {\n  line-height: 1.8;\n  text-align: left;\n}\n<\/style>\n\t<\/div>\n\t\n\t\t<\/div>\n\t\t\t\t\t<\/div>\n\n\t\n<\/div>\n\t\t<\/div>\n\n\t\t\n<style>\n#section_1530553687 {\n  padding-top: 30px;\n  padding-bottom: 30px;\n  background-color: rgb(249, 249, 249);\n}\n#section_1530553687 .ux-shape-divider--top svg {\n  height: 150px;\n  --divider-top-width: 100%;\n}\n#section_1530553687 .ux-shape-divider--bottom svg {\n  height: 150px;\n  --divider-width: 100%;\n}\n<\/style>\n\t<\/section>\n\t\n\t<section class=\"section\" id=\"section_1109318852\">\n\t\t<div class=\"bg section-bg fill bg-fill  bg-loaded\" >\n\n\t\t\t\n\t\t\t\n\t\t\t\n\n\t\t<\/div>\n\n\t\t\n\n\t\t<div class=\"section-content relative\">\n\t\t\t\n<div class=\"row\"  id=\"row-347430892\">\n\n\t<div id=\"col-868789029\" class=\"col small-12 large-12\"  >\n\t\t\t\t<div class=\"col-inner\"  >\n\t\t\t\n\t\t\t\n\t<div id=\"text-3627592899\" class=\"text\">\n\t\t\n<h3>transmisi\u00f3n ultra alta<\/h3>\n\t\t\n<style>\n#text-3627592899 {\n  font-size: 1.2rem;\n}\n<\/style>\n\t<\/div>\n\t\n\t<div id=\"text-1718092510\" class=\"text indent\">\n\t\t\n<p>El sistema el\u00e9ctrico incluye cinco partes principales de \u201casignaci\u00f3n de generaci\u00f3n, transmisi\u00f3n y transformaci\u00f3n de energ\u00eda\u201d, y el UHV se compone principalmente de dos partes de \u201ctransmisi\u00f3n y transformaci\u00f3n de energ\u00eda\u201d. La estaci\u00f3n convertidora y la subestaci\u00f3n son el n\u00facleo y el equipamiento el\u00e9ctrico representa m\u00e1s de la mitad de la inversi\u00f3n total. Las ventajas de UHV se obtienen desde la conversi\u00f3n, protecci\u00f3n, control, detecci\u00f3n y otros aspectos. Ya sea una v\u00e1lvula convertidora de CC, un equipo de protecci\u00f3n y control de CC o un transformador GIS de CA, son inseparables del circuito integrado.<\/p>\n<p>Los sistemas de energ\u00eda complejos, desde componentes, sistemas a nivel de placa hasta equipos, tienen algunos requisitos especiales para garantizar los procesos de conversi\u00f3n, medici\u00f3n, control y protecci\u00f3n. La confiabilidad es el requisito m\u00e1s b\u00e1sico e importante del sistema el\u00e9ctrico. Una vez que ocurre una falla, afectar\u00e1 la producci\u00f3n y la vida de las personas; En segundo lugar, es necesario que sea en tiempo real. El voltaje y la corriente cambian todo el tiempo y deben ajustarse en tiempo real para garantizar la estabilidad; En tercer lugar, es una alta eficiencia, porque todo el enlace de transmisi\u00f3n implica una gran conversi\u00f3n de energ\u00eda y es necesario reducir las p\u00e9rdidas; El cuarto es antiinterferencia. El complejo entorno del sistema el\u00e9ctrico producir\u00e1 una gran cantidad de ruido electromagn\u00e9tico. Por lo tanto, la alta eficiencia, la confiabilidad, el tiempo real y la antiinterferencia son los puntos m\u00e1s dif\u00edciles en el dise\u00f1o de un sistema de energ\u00eda, y el sistema UHV tiene requisitos m\u00e1s altos debido a su particularidad.<\/p>\n<p>Adem\u00e1s, aunque China est\u00e1 muy por delante en tecnolog\u00eda de ultra alto voltaje, cada proyecto tiene nuevos requisitos y necesita innovar constantemente para intentar explorar nuevas tecnolog\u00edas. Al mismo tiempo, con la creciente complejidad de los sistemas de ultra alto voltaje, la demanda de integraci\u00f3n e inteligencia ha penetrado en cada subsistema. El chip es un medio para realizar estas innovaciones. \u00bfQu\u00e9 tipo de chip puede resolver muchos desaf\u00edos en un sistema de voltaje ultra alto?<\/p>\n\t\t\n<style>\n#text-1718092510 {\n  line-height: 1.8;\n}\n<\/style>\n\t<\/div>\n\t\n\t<div id=\"text-1512388345\" class=\"text\">\n\t\t\n<h3>Alta confiabilidad y tiempo real<\/h3>\n\t\t\n<style>\n#text-1512388345 {\n  font-size: 1.2rem;\n}\n<\/style>\n\t<\/div>\n\t\n\t<div id=\"text-3120554907\" class=\"text indent\">\n\t\t\n<p>De hecho, una alta confiabilidad reduce la tasa de fallas. Para controlar y proteger el sistema de transmisi\u00f3n, es necesario tener una perfecta capacidad de monitoreo. Naturalmente, esto es inseparable de la cadena de se\u00f1ales que conecta los puentes de dominio anal\u00f3gico y digital, en los que la detecci\u00f3n, recopilaci\u00f3n, conversi\u00f3n y transmisi\u00f3n de voltaje, corriente y otros par\u00e1metros al ADC del sistema es crucial. Para el sistema de potencia, suelen existir voltajes trif\u00e1sicos, corrientes trif\u00e1sicas y voltajes y corrientes de la l\u00ednea central. Existe una relaci\u00f3n de fase entre estas se\u00f1ales. Por lo tanto, adem\u00e1s de la informaci\u00f3n de amplitud, el sistema debe poder adquirir la relaci\u00f3n de fase en tiempo real y con precisi\u00f3n, para que el sistema pueda realizar protecci\u00f3n y control. Adem\u00e1s, el rango din\u00e1mico de las se\u00f1ales en el sistema de energ\u00eda, especialmente la se\u00f1al de corriente, es muy amplio y los requisitos para la precisi\u00f3n de la adquisici\u00f3n de la se\u00f1al son muy altos, de modo que la falla se pueda localizar con precisi\u00f3n.<\/p>\n<p>TI proporciona ADC de 16 bits especialmente dise\u00f1ado para sistemas de energ\u00eda, con muestreo s\u00edncrono multicanal, alta precisi\u00f3n y exactitud, amplio rango din\u00e1mico de hasta 90 dB y puede encontrar r\u00e1pidamente fallas de cortocircuito o circuito abierto. Estos dos ADC est\u00e1n integrados con amplificadores y tienen circuitos de calibraci\u00f3n precisos en su interior, por lo que no se requiere integraci\u00f3n o calibraci\u00f3n de cadena de se\u00f1al adicional. Tambi\u00e9n se integra un mecanismo de correcci\u00f3n de errores en la interfaz con la CPU para garantizar el proceso de comunicaci\u00f3n confiable transmitido al sistema de procesamiento a trav\u00e9s del mecanismo de monitoreo. En otras palabras, los productos ADC de TI tienen una alta confiabilidad desde el dominio anal\u00f3gico al dominio digital y luego a las interfaces.<\/p>\n<p>De hecho, la confiabilidad de todo el sistema se refleja a trav\u00e9s de la implementaci\u00f3n del chip y el esquema del sistema. Vale la pena mencionar que todos los productos de TI para aplicaciones de redes el\u00e9ctricas han pasado el estricto y profesional proceso de gesti\u00f3n de calidad en los enlaces de producci\u00f3n y prueba, para garantizar la alta confiabilidad de los productos. En todo el rango de temperatura, la variaci\u00f3n de temperatura es muy baja, lo que es muy adecuado para entornos complejos de redes el\u00e9ctricas.<\/p>\n\t\t\n<style>\n#text-3120554907 {\n  line-height: 1.8;\n}\n<\/style>\n\t<\/div>\n\t\n\t<div id=\"text-18448236\" class=\"text\">\n\t\t\n<h3>Alta eficiencia, antiinterferencias y alta integraci\u00f3n.<\/h3>\n\t\t\n<style>\n#text-18448236 {\n  font-size: 1.2rem;\n}\n<\/style>\n\t<\/div>\n\t\n\t<div id=\"text-4181080586\" class=\"text indent\">\n\t\t\n<p>La eficiencia del sistema el\u00e9ctrico se refiere a la eficiencia de conversi\u00f3n. Todo tipo de equipos, desde v\u00e1lvulas convertidoras hasta estaciones de transmisi\u00f3n, no pueden separarse de la conversi\u00f3n de energ\u00eda. Uno por uno, los tubos de potencia convierten y transmiten fuentes de energ\u00eda sin cesar. Ya sea que se requiera IGBT o SiC para la conversi\u00f3n de energ\u00eda, se requiere una unidad eficiente y confiable para controlar estos componentes principales.<\/p>\n<p>Debido a la falta de chips altamente integrados, los controladores IGBT se implementan tradicionalmente con m\u00f3dulos, lo cual resulta costoso. El \u00faltimo UCC5870-Q1 lanzado por TI es un controlador de puerta de un solo canal configurable y aislado. El ADC integrado internamente puede admitir una variedad de monitoreo de entradas anal\u00f3gicas y tambi\u00e9n integrar control de temperatura y otras funciones de protecci\u00f3n, admitiendo la configuraci\u00f3n de la interfaz SPI, para lograr funciones de conversi\u00f3n y detecci\u00f3n m\u00e1s eficientes, que son aplicables a cualquier SiC o IGBT. De esta manera, los clientes pueden reemplazar las funciones que se pueden realizar con dos m\u00f3dulos con un solo chip, simplificando as\u00ed el dise\u00f1o del sistema de accionamiento y reduciendo en gran medida el costo.<\/p>\n<p>Las caracter\u00edsticas electromagn\u00e9ticas de los dispositivos son de gran preocupaci\u00f3n para el sistema el\u00e9ctrico, que no s\u00f3lo debe reducir la radiaci\u00f3n generada por los dispositivos, sino tambi\u00e9n resistir las interferencias externas. Muchos dispositivos TI, como los amplificadores operacionales, tienen filtros integrados, que a\u00fan pueden mantener un procesamiento de se\u00f1ales de alta precisi\u00f3n bajo fuertes interferencias electromagn\u00e9ticas externas. La tecnolog\u00eda de aislamiento tambi\u00e9n es un m\u00e9todo antiinterferente importante. TI es uno de los primeros fabricantes de aislamiento capacitivo, que es muy superior al optoacoplador tradicional, al acoplador magn\u00e9tico y a otros competidores en t\u00e9rminos de capacidad antiinterferente. Por ejemplo, UCC5870-Q1 utiliza tecnolog\u00eda de aislamiento de di\u00f3xido de silicio para lograr dv\/dt de hasta 150 kV\/ns, que es muy superior a la de la competencia.<\/p>\n<p>Con el mayor desarrollo de la tecnolog\u00eda UHV, se est\u00e1n desarrollando r\u00e1pidamente una serie de tecnolog\u00edas avanzadas que incluyen la transmisi\u00f3n de CC flexible, desde el control, el accionamiento y la protecci\u00f3n hasta el funcionamiento y los requisitos de todo el sistema. Para las empresas de chips, esto significa m\u00e1s oportunidades, pero tambi\u00e9n mayores requisitos. Podemos ver que para hacer frente al cada vez m\u00e1s complejo sistema de red el\u00e9ctrica UHV, los productos de TI han estado acelerando su iteraci\u00f3n, proporcionando al mercado productos con alta confiabilidad y alta integraci\u00f3n para simplificar la aplicaci\u00f3n de los clientes.<\/p>\n\t\t\n<style>\n#text-4181080586 {\n  line-height: 1.8;\n  text-align: left;\n}\n<\/style>\n\t<\/div>\n\t\n\t\t<\/div>\n\t\t\t\t\t<\/div>\n\n\t\n<\/div>\n\t\t<\/div>\n\n\t\t\n<style>\n#section_1109318852 {\n  padding-top: 30px;\n  padding-bottom: 30px;\n}\n#section_1109318852 .ux-shape-divider--top svg {\n  height: 150px;\n  --divider-top-width: 100%;\n}\n#section_1109318852 .ux-shape-divider--bottom svg {\n  height: 150px;\n  --divider-width: 100%;\n}\n<\/style>\n\t<\/section>","protected":false},"excerpt":{"rendered":"","protected":false},"author":1,"featured_media":0,"parent":1663,"menu_order":0,"comment_status":"closed","ping_status":"closed","template":"page-blank.php","meta":[],"acf":[],"_links":{"self":[{"href":"https:\/\/www.huashu-tech.com\/es\/wp-json\/wp\/v2\/pages\/1686"}],"collection":[{"href":"https:\/\/www.huashu-tech.com\/es\/wp-json\/wp\/v2\/pages"}],"about":[{"href":"https:\/\/www.huashu-tech.com\/es\/wp-json\/wp\/v2\/types\/page"}],"author":[{"embeddable":true,"href":"https:\/\/www.huashu-tech.com\/es\/wp-json\/wp\/v2\/users\/1"}],"replies":[{"embeddable":true,"href":"https:\/\/www.huashu-tech.com\/es\/wp-json\/wp\/v2\/comments?post=1686"}],"version-history":[{"count":6,"href":"https:\/\/www.huashu-tech.com\/es\/wp-json\/wp\/v2\/pages\/1686\/revisions"}],"predecessor-version":[{"id":8131,"href":"https:\/\/www.huashu-tech.com\/es\/wp-json\/wp\/v2\/pages\/1686\/revisions\/8131"}],"up":[{"embeddable":true,"href":"https:\/\/www.huashu-tech.com\/es\/wp-json\/wp\/v2\/pages\/1663"}],"wp:attachment":[{"href":"https:\/\/www.huashu-tech.com\/es\/wp-json\/wp\/v2\/media?parent=1686"}],"curies":[{"name":"wp","href":"https:\/\/api.w.org\/{rel}","templated":true}]}}