{"id":1868,"date":"2023-02-14T14:57:47","date_gmt":"2023-02-14T06:57:47","guid":{"rendered":"https:\/\/www.huashu-tech.com\/?page_id=1868"},"modified":"2023-09-27T12:13:39","modified_gmt":"2023-09-27T04:13:39","slug":"blue-tooth","status":"publish","type":"page","link":"https:\/\/www.huashu-tech.com\/de\/about-hs\/business\/blue-tooth\/","title":{"rendered":"BLUETOOTH DEVELOPMENT"},"content":{"rendered":"<div class=\"banner has-hover hide-for-small\" id=\"banner-1992104179\">\n          <div class=\"banner-inner fill\">\n        <div class=\"banner-bg fill\" >\n            <div class=\"bg fill bg-fill\"><\/div>\n                                    \n                    <\/div>\n\t\t\n        <div class=\"banner-layers container\">\n            <div class=\"fill banner-link\"><\/div>            \n\n   <div id=\"text-box-1990480762\" class=\"text-box banner-layer x100 md-x100 lg-x100 y50 md-y50 lg-y50 res-text\">\n                                <div class=\"text-box-content text dark\">\n              \n              <div class=\"text-inner text-center\">\n                  \n\n\t<div id=\"text-2298278730\" class=\"text regular\">\n\t\t\n\n<h3>Technologie pr\u00e4gt die intelligente Zukunft<br \/>\n<\/h3>\n\t\t\n<style>\n#text-2298278730 {\n  font-size: 1rem;\n  text-align: left;\n}\n@media (min-width:550px) {\n  #text-2298278730 {\n    font-size: 1.2rem;\n  }\n}\n<\/style>\n\t<\/div>\n\t\n\t<div id=\"text-1383935636\" class=\"text regular\">\n\t\t\n\n<p>Die Lieferkette mit der unbegrenzten Vorstellungskraft intelligenter Technologie verbinden<\/p>\n\t\t\n<style>\n#text-1383935636 {\n  font-size: 0.95rem;\n  text-align: left;\n}\n<\/style>\n\t<\/div>\n\t\n\n              <\/div>\n           <\/div>\n                            \n<style>\n#text-box-1990480762 .text-box-content {\n  background-color: rgb(19, 100, 181);\n  font-size: 100%;\n}\n#text-box-1990480762 .text-inner {\n  padding: 22px 22px 22px 22px;\n}\n#text-box-1990480762 {\n  width: 100%;\n}\n@media (min-width:550px) {\n  #text-box-1990480762 .text-inner {\n    padding: 32px 32px 32px 32px;\n  }\n  #text-box-1990480762 {\n    width: 60%;\n  }\n}\n<\/style>\n    <\/div>\n \n\n        <\/div>\n      <\/div>\n\n            \n<style>\n#banner-1992104179 {\n  padding-top: 300px;\n}\n#banner-1992104179 .bg.bg-loaded {\n  background-image: url(https:\/\/www.huashu-tech.com\/wp-content\/uploads\/about-hs-banner-scaled.webp);\n}\n#banner-1992104179 .ux-shape-divider--top svg {\n  height: 150px;\n  --divider-top-width: 100%;\n}\n#banner-1992104179 .ux-shape-divider--bottom svg {\n  height: 150px;\n  --divider-width: 100%;\n}\n<\/style>\n  <\/div>\n\n\n\n  <div class=\"banner has-hover show-for-small\" id=\"banner-1583530038\">\n          <div class=\"banner-inner fill\">\n        <div class=\"banner-bg fill\" >\n            <div class=\"bg fill bg-fill\"><\/div>\n                                    \n                    <\/div>\n\t\t\n        <div class=\"banner-layers container\">\n            <div class=\"fill banner-link\"><\/div>            \n\n   <div id=\"text-box-50707034\" class=\"text-box banner-layer x100 md-x100 lg-x100 y50 md-y50 lg-y50 res-text\">\n                                <div class=\"text-box-content text dark\">\n              \n              <div class=\"text-inner text-center\">\n                  \n\n\t<div id=\"text-1042835678\" class=\"text regular\">\n\t\t\n\n<h3>Technologie pr\u00e4gt die intelligente Zukunft<br \/>\n<\/h3>\n\t\t\n<style>\n#text-1042835678 {\n  font-size: 1rem;\n  text-align: left;\n}\n@media (min-width:550px) {\n  #text-1042835678 {\n    font-size: 1.2rem;\n  }\n}\n<\/style>\n\t<\/div>\n\t\n\t<div id=\"text-1096181956\" class=\"text regular\">\n\t\t\n\n<p>Die Lieferkette mit der unbegrenzten Vorstellungskraft intelligenter Technologie verbinden<\/p>\n\t\t\n<style>\n#text-1096181956 {\n  font-size: 0.95rem;\n  text-align: left;\n}\n<\/style>\n\t<\/div>\n\t\n\n              <\/div>\n           <\/div>\n                            \n<style>\n#text-box-50707034 .text-box-content {\n  background-color: rgba(19, 100, 181, 0.622);\n  font-size: 100%;\n}\n#text-box-50707034 .text-inner {\n  padding: 22px 22px 22px 22px;\n}\n#text-box-50707034 {\n  width: 100%;\n}\n@media (min-width:550px) {\n  #text-box-50707034 .text-inner {\n    padding: 32px 32px 32px 32px;\n  }\n  #text-box-50707034 {\n    width: 52%;\n  }\n}\n<\/style>\n    <\/div>\n \n\n        <\/div>\n      <\/div>\n\n            \n<style>\n#banner-1583530038 {\n  padding-top: 280px;\n}\n#banner-1583530038 .bg.bg-loaded {\n  background-image: url(https:\/\/www.huashu-tech.com\/wp-content\/uploads\/about-hs-banner-scaled.webp);\n}\n#banner-1583530038 .ux-shape-divider--top svg {\n  height: 150px;\n  --divider-top-width: 100%;\n}\n#banner-1583530038 .ux-shape-divider--bottom svg {\n  height: 150px;\n  --divider-width: 100%;\n}\n@media (min-width:550px) {\n  #banner-1583530038 {\n    padding-top: 300px;\n  }\n}\n<\/style>\n  <\/div>\n\n\n\t<section class=\"section\" id=\"section_1204593334\">\n\t\t<div class=\"bg section-bg fill bg-fill  bg-loaded\" >\n\n\t\t\t\n\t\t\t\n\t\t\t\n\n\t\t<\/div>\n\n\t\t\n\n\t\t<div class=\"section-content relative\">\n\t\t\t\n<div class=\"row row-collapse\"  id=\"row-628897839\">\n\n\t<div id=\"col-377630468\" class=\"col small-12 large-12\"  >\n\t\t\t\t<div class=\"col-inner\"  >\n\t\t\t\n\t\t\t\n\t<div id=\"stack-1709590457\" class=\"stack stack-row justify-center items-stretch\">\n\t\t\n<a href=\"https:\/\/www.huashu-tech.com\/de\/about-hs\/\" target=\"_self\" class=\"button primary is-link\"  >\n    <span>\u00dcber HUASHU<\/span>\n  <\/a>\n\n<a href=\"https:\/\/www.huashu-tech.com\/de\/about-hs\/why-huashu\/\" target=\"_self\" class=\"button primary is-link\"  >\n    <span>Warum HUASHU<\/span>\n  <\/a>\n\n<a href=\"\/de\/about-hs\/ywfw\/\" target=\"_self\" class=\"button primary is-link active\"  >\n    <span>Gesch\u00e4ft<\/span>\n  <\/a>\n\n<a href=\"https:\/\/www.huashu-tech.com\/de\/about-hs\/quality\/\" target=\"_self\" class=\"button primary is-link\"  >\n    <span>QC-Management<\/span>\n  <\/a>\n\n<a href=\"https:\/\/www.huashu-tech.com\/de\/about-hs\/duty\/\" target=\"_self\" class=\"button primary is-link\"  >\n    <span>Unternehmensvision<\/span>\n  <\/a>\n\n\t\t\n<style>\n#stack-1709590457 > * {\n  --stack-gap: 5rem;\n}\n<\/style>\n\t<\/div>\n\t\n<div class=\"is-divider divider clearfix\" style=\"max-width:100%;height:1px;background-color:rgb(238, 238, 238);\"><\/div>\n\t\t<\/div>\n\t\t\t\t\t<\/div>\n\n\t\n<\/div>\n\t\t<\/div>\n\n\t\t\n<style>\n#section_1204593334 {\n  padding-top: 30px;\n  padding-bottom: 30px;\n}\n#section_1204593334 .ux-shape-divider--top svg {\n  height: 150px;\n  --divider-top-width: 100%;\n}\n#section_1204593334 .ux-shape-divider--bottom svg {\n  height: 150px;\n  --divider-width: 100%;\n}\n<\/style>\n\t<\/section>\n\t\n\t<section class=\"section\" id=\"section_1163471657\">\n\t\t<div class=\"bg section-bg fill bg-fill  bg-loaded\" >\n\n\t\t\t\n\t\t\t\n\t\t\t\n\n\t\t<\/div>\n\n\t\t\n\n\t\t<div class=\"section-content relative\">\n\t\t\t\n<div class=\"row\"  id=\"row-1982167995\">\n\n\t<div id=\"col-1906797300\" class=\"col small-12 large-12\"  >\n\t\t\t\t<div class=\"col-inner\"  >\n\t\t\t\n\t\t\t\n\t<div id=\"text-1148037591\" class=\"text\">\n\t\t\n<h1>Bluetooth-Produktl\u00f6sungen<\/h1>\n\t\t\n<style>\n#text-1148037591 {\n  font-size: 1.4rem;\n  text-align: center;\n}\n<\/style>\n\t<\/div>\n\t\n\t\t<\/div>\n\t\t\t\t\t<\/div>\n\n\t\n<\/div>\n<div class=\"row\"  id=\"row-824797599\">\n\n\t<div id=\"col-1924915150\" class=\"col small-12 large-12\"  >\n\t\t\t\t<div class=\"col-inner\"  >\n\t\t\t\n\t\t\t\n\t<div id=\"text-3525954057\" class=\"text indent\">\n\t\t\n<p>Huashu hat sich mit Peach Core Technology, dem urspr\u00fcnglichen Hersteller von Bluetooth-Chips, zusammengetan, um Kunden Produktdesign, Tests und technische Supportdienste auf der Grundlage von BLE-Bluetooth-\u00dcbertragungen mit geringem Stromverbrauch und IOT anzubieten. Das Unternehmen f\u00fchrt derzeit das Design und die Entwicklung von BLE5.0-, 5.1- und 5.3-SoC-Chips mit geringem Stromverbrauch auf Basis seines eigenen Bluetooth-Protokollstacks durch und kann auch komplette Referenzdesignl\u00f6sungen auf Basis seiner eigenen BLE-Chips anbieten. Zu den Anwendungsszenarien geh\u00f6ren haupts\u00e4chlich: Automobil-, Stromnetz-, Medizin-, Positionierungs-, High-End-Verbraucher- und andere panindustrielle Szenarien.<\/p>\n\t\t\n<style>\n#text-3525954057 {\n  line-height: 1.8;\n}\n<\/style>\n\t<\/div>\n\t\n\t<div id=\"text-4141656338\" class=\"text indent\">\n\t\t\n<p>Chips der ING918X-Serie, die Bluetooth 5.0 und 5.1 unterst\u00fctzen, werden haupts\u00e4chlich in Automobil-, Stromnetz-, Medizin-, Positionierungs-, High-End-Verbraucher- und anderen panindustriellen Szenarien eingesetzt. Chips der ING916-Serie, die Bluetooth 5.3 unterst\u00fctzen, decken mehr Verbraucherszenarien ab, darunter Wearable, Mesh, ESL, HID, AR, VR, Smart Home usw.<\/p>\n<p>Am 15. November 2022 gewann der Bluetooth-Kommunikationschip der Serie ING916X von Peachtree beim \u201eHardcore China Core Leadership Summit\u201c im Shenzhen International Convention and Exhibition Center die Auszeichnung \u201eBester Kommunikationschip des Jahres 2022\u201c. Der Chip ist mit einer Gleitkomma-MCU ausgestattet, die sich durch extrem niedrigen Stromverbrauch, Master-Slave-Mehrfachkonnektivit\u00e4t, Unterst\u00fctzung f\u00fcr Standard- und Nicht-Standard-AoA\/AoD, extrem hohe Durchsatzrate und Unterst\u00fctzung f\u00fcr umfangreiche Peripherieschnittstellen auszeichnet, z wie I2S, 14-Bit-ADC und USB usw.<\/p>\n<p>\u00dcber den ING916X-Chip:<\/p>\n<p>ING916X ist ein leistungsstarker, kosteng\u00fcnstiger, extrem stromsparender und hochintegrierter SoC-Kommunikationschip, der einen leistungsstarken 32-Bit-RISC-MCU mit DSP und FPU, 80 KB RAM, 512 KB Flash und einem geringen Stromverbrauch im Ruhezustand integriert 0,4 uA. Es verf\u00fcgt \u00fcber umfangreiche Peripherieschnittstellen, darunter: GPIO mit bis zu 42 Kan\u00e4len, 2 UARTs, 2 I2C, 2 bis zu 96 MHz QSPI, 3 Kan\u00e4le mit Impulserfassungs-PWM, 6 32-Bit-Timer, I2S-Unterst\u00fctzung PCM, PDM, KeyScan, QDEC, 8 Kan\u00e4le 14-Bit-ADC mit PGA, analoger Komparator mit geringem Stromverbrauch, USB 2.0 mit voller Geschwindigkeit, programmierbare periphere Trigger-Engine (PTE) usw.<\/p>\n\t\t\n<style>\n#text-4141656338 {\n  line-height: 1.8;\n}\n<\/style>\n\t<\/div>\n\t\n\t\t<\/div>\n\t\t\t\t\t<\/div>\n\n\t\n\n\t<div id=\"col-2023145718\" class=\"col small-12 large-12\"  >\n\t\t\t\t<div class=\"col-inner\"  >\n\t\t\t\n\t\t\t\n<a href=\"mailto:sales@huashu-tech.com\" target=\"_self\" class=\"button primary is-link\"  style=\"padding:0px 60px 0px 0px;\">\n    <span>Anfrage zum Entwicklungsdienst<\/span>\n  <\/a>\n\n<a href=\"\/de\/product-2\/bluetooth\/\" target=\"_self\" class=\"button primary is-link\"  >\n    <span>Erfahren Sie mehr \u00fcber Bluetooth-Chip-Produkte von Huashu<\/span>\n  <\/a>\n\n\t\t<\/div>\n\t\t\t\t\t<\/div>\n\n\t\n<\/div>\n\t\t<\/div>\n\n\t\t\n<style>\n#section_1163471657 {\n  padding-top: 30px;\n  padding-bottom: 30px;\n}\n#section_1163471657 .ux-shape-divider--top svg {\n  height: 150px;\n  --divider-top-width: 100%;\n}\n#section_1163471657 .ux-shape-divider--bottom svg {\n  height: 150px;\n  --divider-width: 100%;\n}\n<\/style>\n\t<\/section>","protected":false},"excerpt":{"rendered":"","protected":false},"author":1,"featured_media":0,"parent":1625,"menu_order":0,"comment_status":"closed","ping_status":"closed","template":"page-blank.php","meta":[],"acf":[],"_links":{"self":[{"href":"https:\/\/www.huashu-tech.com\/de\/wp-json\/wp\/v2\/pages\/1868"}],"collection":[{"href":"https:\/\/www.huashu-tech.com\/de\/wp-json\/wp\/v2\/pages"}],"about":[{"href":"https:\/\/www.huashu-tech.com\/de\/wp-json\/wp\/v2\/types\/page"}],"author":[{"embeddable":true,"href":"https:\/\/www.huashu-tech.com\/de\/wp-json\/wp\/v2\/users\/1"}],"replies":[{"embeddable":true,"href":"https:\/\/www.huashu-tech.com\/de\/wp-json\/wp\/v2\/comments?post=1868"}],"version-history":[{"count":14,"href":"https:\/\/www.huashu-tech.com\/de\/wp-json\/wp\/v2\/pages\/1868\/revisions"}],"predecessor-version":[{"id":8475,"href":"https:\/\/www.huashu-tech.com\/de\/wp-json\/wp\/v2\/pages\/1868\/revisions\/8475"}],"up":[{"embeddable":true,"href":"https:\/\/www.huashu-tech.com\/de\/wp-json\/wp\/v2\/pages\/1625"}],"wp:attachment":[{"href":"https:\/\/www.huashu-tech.com\/de\/wp-json\/wp\/v2\/media?parent=1868"}],"curies":[{"name":"wp","href":"https:\/\/api.w.org\/{rel}","templated":true}]}}