{"id":1663,"date":"2023-01-13T12:19:14","date_gmt":"2023-01-13T04:19:14","guid":{"rendered":"https:\/\/www.huashu-tech.com\/?page_id=1663"},"modified":"2023-07-03T12:43:37","modified_gmt":"2023-07-03T04:43:37","slug":"charging-pile","status":"publish","type":"page","link":"https:\/\/www.huashu-tech.com\/de\/solutions\/charging-pile\/","title":{"rendered":"Aufladen des Lithium-Akkus"},"content":{"rendered":"<div class=\"banner has-hover hide-for-small\" id=\"banner-1996487514\">\n          <div class=\"banner-inner fill\">\n        <div class=\"banner-bg fill\" >\n            <div class=\"bg fill bg-fill\"><\/div>\n                        <div class=\"overlay\"><\/div>            \n                    <\/div>\n\t\t\n        <div class=\"banner-layers container\">\n            <div class=\"fill banner-link\"><\/div>            \n\n\n        <\/div>\n      <\/div>\n\n            \n<style>\n#banner-1996487514 {\n  padding-top: 300px;\n}\n#banner-1996487514 .bg.bg-loaded {\n  background-image: url(https:\/\/www.huashu-tech.com\/wp-content\/uploads\/4-2-scaled.webp);\n}\n#banner-1996487514 .overlay {\n  background-color: rgba(19, 100, 181, 0.302);\n}\n#banner-1996487514 .ux-shape-divider--top svg {\n  height: 150px;\n  --divider-top-width: 100%;\n}\n#banner-1996487514 .ux-shape-divider--bottom svg {\n  height: 150px;\n  --divider-width: 100%;\n}\n<\/style>\n  <\/div>\n\n\n\n  <div class=\"banner has-hover show-for-small\" id=\"banner-27434563\">\n          <div class=\"banner-inner fill\">\n        <div class=\"banner-bg fill\" >\n            <div class=\"bg fill bg-fill\"><\/div>\n                        <div class=\"overlay\"><\/div>            \n                    <\/div>\n\t\t\n        <div class=\"banner-layers container\">\n            <div class=\"fill banner-link\"><\/div>            \n\n   <div id=\"text-box-1229926266\" class=\"text-box banner-layer spec-banner x0 md-x0 lg-x0 y50 md-y50 lg-y50 res-text\">\n                                <div class=\"text-box-content text dark\">\n              \n              <div class=\"text-inner text-center\">\n                  \n\n\t<div id=\"text-1938837366\" class=\"text spec\">\n\t\t\n\n<h3>\u201e\u575a\u5b9a\u4e0d\u79fb\u5efa\u8bbe\u5236\u9020\u5f3a\u56fd\u3001\u8d28\u91cf\u5f3a\u56fd\u3001\u7f51\u7edc\u5f3a\u56fd\u3001\u6570\u5b57\u4e2d\u56fd\u201c<\/h3>\n\t\t\n<style>\n#text-1938837366 {\n  font-size: 0.9rem;\n  text-align: left;\n}\n@media (min-width:550px) {\n  #text-1938837366 {\n    font-size: 1.2rem;\n  }\n}\n<\/style>\n\t<\/div>\n\t\n\t<div id=\"text-3085613907\" class=\"text\">\n\t\t\n\n<p>\u968f\u7740\u300a\u5de5\u4e1a\u4e92\u8054\u7f51\u521b\u65b0\u53d1\u5c55\u884c\u52a8\u8ba1\u5212\u300b (2021~2023)\u7684\u53d1\u5e03,\u6807\u5fd7\u7740\u672a\u67653\u5e74\u5c06\u662f\u4e2d\u56fd\u5de5\u4e1a\u4e92\u8054\u7f51\u5feb\u901f\u6210\u957f\u671f\u7684\u5173\u952e\u671f.<\/p>\n\t\t\n<style>\n#text-3085613907 {\n  font-size: 0.9rem;\n  text-align: left;\n}\n<\/style>\n\t<\/div>\n\t\n\n              <\/div>\n           <\/div>\n                            \n<style>\n#text-box-1229926266 .text-box-content {\n  background-color: rgba(20, 99, 181, 0.703);\n  font-size: 100%;\n}\n#text-box-1229926266 .text-inner {\n  padding: 20px 20px 20px 20px;\n}\n#text-box-1229926266 {\n  width: 100%;\n}\n@media (min-width:550px) {\n  #text-box-1229926266 .text-inner {\n    padding: 30px 30px 30px 30px;\n  }\n  #text-box-1229926266 {\n    width: 51%;\n  }\n}\n<\/style>\n    <\/div>\n \n\n        <\/div>\n      <\/div>\n\n            \n<style>\n#banner-27434563 {\n  padding-top: 300px;\n}\n#banner-27434563 .bg.bg-loaded {\n  background-image: url(https:\/\/www.huashu-tech.com\/wp-content\/uploads\/4-2-scaled.webp);\n}\n#banner-27434563 .overlay {\n  background-color: rgba(19, 100, 181, 0.302);\n}\n#banner-27434563 .ux-shape-divider--top svg {\n  height: 150px;\n  --divider-top-width: 100%;\n}\n#banner-27434563 .ux-shape-divider--bottom svg {\n  height: 150px;\n  --divider-width: 100%;\n}\n<\/style>\n  <\/div>\n\n\n\t<section class=\"section\" id=\"section_1957655082\">\n\t\t<div class=\"bg section-bg fill bg-fill  bg-loaded\" >\n\n\t\t\t\n\t\t\t\n\t\t\t\n\n\t\t<\/div>\n\n\t\t\n\n\t\t<div class=\"section-content relative\">\n\t\t\t\n<div class=\"row row-collapse\"  id=\"row-643392635\">\n\n\t<div id=\"col-1300380857\" class=\"col small-12 large-12\"  >\n\t\t\t\t<div class=\"col-inner\"  >\n\t\t\t\n\t\t\t\n\t<div id=\"stack-619860309\" class=\"stack stack-row justify-center items-stretch\">\n\t\t\n<a href=\"https:\/\/www.huashu-tech.com\/de\/solutions\/bluetooth\/\" target=\"_self\" class=\"button primary is-link\"  >\n    <span>Bluetooth-Produktl\u00f6sungen<\/span>\n  <\/a>\n\n<a href=\"https:\/\/www.huashu-tech.com\/de\/solutions\/infrastructure\/\" target=\"_self\" class=\"button primary is-link active\"  >\n    <span>Intelligente Komponentenl\u00f6sungen<\/span>\n  <\/a>\n\n\t\t\n<style>\n#stack-619860309 > * {\n  --stack-gap: 5rem;\n}\n<\/style>\n\t<\/div>\n\t\n<div class=\"is-divider divider clearfix\" style=\"max-width:100%;height:1px;background-color:rgb(238, 238, 238);\"><\/div>\n\t\t<\/div>\n\t\t\t\t\t<\/div>\n\n\t\n<\/div>\n\t\t<\/div>\n\n\t\t\n<style>\n#section_1957655082 {\n  padding-top: 30px;\n  padding-bottom: 30px;\n}\n#section_1957655082 .ux-shape-divider--top svg {\n  height: 150px;\n  --divider-top-width: 100%;\n}\n#section_1957655082 .ux-shape-divider--bottom svg {\n  height: 150px;\n  --divider-width: 100%;\n}\n<\/style>\n\t<\/section>\n\t\n\t<section class=\"section\" id=\"section_1168452217\">\n\t\t<div class=\"bg section-bg fill bg-fill  bg-loaded\" >\n\n\t\t\t\n\t\t\t\n\t\t\t\n\n\t\t<\/div>\n\n\t\t\n\n\t\t<div class=\"section-content relative\">\n\t\t\t\n<div class=\"row\"  id=\"row-206832949\">\n\n\t<div id=\"col-954665054\" class=\"col small-12 large-12\"  >\n\t\t\t\t<div class=\"col-inner\"  >\n\t\t\t\n\t\t\t\n\t<div id=\"text-3245421918\" class=\"text\">\n\t\t\n<h2>Aufladen des Lithium-Akkus<\/h2>\n\t\t\n<style>\n#text-3245421918 {\n  font-size: 1.4rem;\n  text-align: center;\n}\n<\/style>\n\t<\/div>\n\t\n\t\t<\/div>\n\t\t\t\t\t<\/div>\n\n\t\n<\/div>\n<div class=\"row row-large\"  id=\"row-1991288856\">\n\n\t<div id=\"col-1533552253\" class=\"col small-12 large-12\"  >\n\t\t\t\t<div class=\"col-inner\"  >\n\t\t\t\n\t\t\t\n\t<div id=\"text-3727281774\" class=\"text\">\n\t\t\n<h3>Erm\u00f6glichen Sie schneller, sicherer und intelligenter <span style=\"color: #1463b5;\">Laden von Elektrofahrzeugen<\/span><\/h3>\n\t\t\n<style>\n#text-3727281774 {\n  font-size: 1.2rem;\n  text-align: left;\n}\n<\/style>\n\t<\/div>\n\t\n\t<div id=\"text-3958334944\" class=\"text indent\">\n\t\t\n<p>Innovationen beim Laden von Elektrofahrzeugen sind ein wichtiger Bestandteil beim Aufbau neuer Infrastruktur in China. Mit den Simulations- und eingebetteten Verarbeitungsprodukten und der Systemkompetenz von TI k\u00f6nnen Sie fortschrittliche Superladestationen entwerfen, um Elektrofahrzeuge schneller, sicherer und intelligenter aufzuladen.<\/p>\n<p>Die mehrstufige Topologie mit h\u00f6herer Schaltfrequenz unterst\u00fctzt eine h\u00f6here Spannung, wodurch die Leistungsdichte verbessert und die Ladegeschwindigkeit beschleunigt wird. Der Galliumnitrid (GaN)-FET von TI verf\u00fcgt \u00fcber integrierte Treiber, Smart-Grid-Treiber und eine Stromerfassung auf Basis von Ableitern, um Ihnen bei der Verbesserung von Leistung und Effizienz zu helfen. Unsere Induktions- und Signalverarbeitungstechnologien erm\u00f6glichen eine intelligente Fehlervorhersage und machen das Laden sicherer.<\/p>\n<p>Bidirektionales Laden und Datenkommunikation werden auch das Laden von Elektrofahrzeugen intelligenter machen und die Vehicle-to-Grid-Funktion (V2G) realisieren. Unser Referenzdesign nutzt Echtzeit-Mikrocontroller und Konnektivit\u00e4tsprodukte und enth\u00e4lt Softwarebeispiele, die Ihnen dabei helfen, die Markteinf\u00fchrungszeit zu verk\u00fcrzen und die Gesamtleistung Ihres Systems zu verbessern. Dar\u00fcber hinaus kann eine flexible Infrastruktur mit Unterst\u00fctzung der Halbleitertechnologie die Produktion, Speicherung, \u00dcbertragung und Verteilung zus\u00e4tzlicher Energie realisieren, was f\u00fcr die Verwirklichung der Elektrifizierung von entscheidender Bedeutung ist.<br \/>\n\t\t\n<style>\n#text-3958334944 {\n  line-height: 1.8;\n  text-align: left;\n}\n<\/style>\n\t<\/div>\n\t\n\t\t<\/div>\n\t\t\t\t\t<\/div>\n\n\t\n\n\t<div id=\"col-858992774\" class=\"col medium-6 small-12 large-6\"  >\n\t\t\t\t<div class=\"col-inner\"  >\n\t\t\t\n\t\t\t\n\t<div class=\"img has-hover x md-x lg-x y md-y lg-y\" id=\"image_19499960\">\n\t\t\t\t\t\t\t\t<div class=\"img-inner dark\" >\n\t\t\t<img width=\"864\" height=\"486\" src=\"https:\/\/www.huashu-tech.com\/wp-content\/uploads\/4-19.webp\" class=\"attachment-large size-large\" alt=\"\" loading=\"lazy\" \/>\t\t\t\t\t\t\n\t\t\t\t\t<\/div>\n\t\t\t\t\t\t\t\t\n<style>\n#image_19499960 {\n  width: 100%;\n}\n<\/style>\n\t<\/div>\n\t\n\t\t<\/div>\n\t\t\t\t\t<\/div>\n\n\t\n\n\t<div id=\"col-850704261\" class=\"col medium-4 small-12 large-4\"  >\n\t\t\t\t<div class=\"col-inner\"  >\n\t\t\t\n\t\t\t\n\t<div id=\"text-2423606011\" class=\"text\">\n\t\t\n<h3>Endger\u00e4tel\u00f6sungen<\/h3>\n\t\t\n<style>\n#text-2423606011 {\n  font-size: 1.2rem;\n  text-align: left;\n}\n<\/style>\n\t<\/div>\n\t\n\t<div class=\"ux-menu stack stack-col justify-start ux-menu--divider-solid\">\n\t\t\n\t<div class=\"ux-menu-link flex menu-item\">\n\t\t<a class=\"ux-menu-link__link flex\" href=\"https:\/\/www.huashu-tech.com\/de\/solutions\/charging-pile\/ac-charging\/\"  >\n\t\t\t<i class=\"ux-menu-link__icon text-center icon-angle-right\" ><\/i>\t\t\t<span class=\"ux-menu-link__text\">\n\t\t\t\tAC-Ladestation (Stapel).\t\t\t<\/span>\n\t\t<\/a>\n\t<\/div>\n\t\n\t<div class=\"ux-menu-link flex menu-item\">\n\t\t<a class=\"ux-menu-link__link flex\" href=\"https:\/\/www.huashu-tech.com\/de\/solutions\/charging-pile\/dc-charging\/\"  >\n\t\t\t<i class=\"ux-menu-link__icon text-center icon-angle-right\" ><\/i>\t\t\t<span class=\"ux-menu-link__text\">\n\t\t\t\tGleichstrom-Ladestation\t\t\t<\/span>\n\t\t<\/a>\n\t<\/div>\n\t\n\t<div class=\"ux-menu-link flex menu-item\">\n\t\t<a class=\"ux-menu-link__link flex\" href=\"https:\/\/www.huashu-tech.com\/de\/solutions\/charging-pile\/hmi\/\"  >\n\t\t\t<i class=\"ux-menu-link__icon text-center icon-angle-right\" ><\/i>\t\t\t<span class=\"ux-menu-link__text\">\n\t\t\t\tHMI-Modul der Ladestation f\u00fcr Elektrofahrzeuge\t\t\t<\/span>\n\t\t<\/a>\n\t<\/div>\n\t\n\t<div class=\"ux-menu-link flex menu-item\">\n\t\t<a class=\"ux-menu-link__link flex\" href=\"https:\/\/www.huashu-tech.com\/de\/solutions\/charging-pile\/power-module\/\"  >\n\t\t\t<i class=\"ux-menu-link__icon text-center icon-angle-right\" ><\/i>\t\t\t<span class=\"ux-menu-link__text\">\n\t\t\t\tLeistungsmodul f\u00fcr Ladestationen f\u00fcr Elektrofahrzeuge\t\t\t<\/span>\n\t\t<\/a>\n\t<\/div>\n\t\n\t<div class=\"ux-menu-link flex menu-item\">\n\t\t<a class=\"ux-menu-link__link flex\" href=\"https:\/\/www.huashu-tech.com\/de\/solutions\/charging-pile\/electric-car\/\"  >\n\t\t\t<i class=\"ux-menu-link__icon text-center icon-angle-right\" ><\/i>\t\t\t<span class=\"ux-menu-link__text\">\n\t\t\t\tKabellose Ladestation f\u00fcr Elektrofahrzeuge\t\t\t<\/span>\n\t\t<\/a>\n\t<\/div>\n\t\n\t<\/div>\n\t\n\t\t<\/div>\n\t\t\t\t\t<\/div>\n\n\t\n<\/div>\n\t\t<\/div>\n\n\t\t\n<style>\n#section_1168452217 {\n  padding-top: 90px;\n  padding-bottom: 90px;\n}\n#section_1168452217 .ux-shape-divider--top svg {\n  height: 150px;\n  --divider-top-width: 100%;\n}\n#section_1168452217 .ux-shape-divider--bottom svg {\n  height: 150px;\n  --divider-width: 100%;\n}\n<\/style>\n\t<\/section>","protected":false},"excerpt":{"rendered":"","protected":false},"author":1,"featured_media":0,"parent":1659,"menu_order":0,"comment_status":"closed","ping_status":"closed","template":"page-blank.php","meta":[],"acf":[],"_links":{"self":[{"href":"https:\/\/www.huashu-tech.com\/de\/wp-json\/wp\/v2\/pages\/1663"}],"collection":[{"href":"https:\/\/www.huashu-tech.com\/de\/wp-json\/wp\/v2\/pages"}],"about":[{"href":"https:\/\/www.huashu-tech.com\/de\/wp-json\/wp\/v2\/types\/page"}],"author":[{"embeddable":true,"href":"https:\/\/www.huashu-tech.com\/de\/wp-json\/wp\/v2\/users\/1"}],"replies":[{"embeddable":true,"href":"https:\/\/www.huashu-tech.com\/de\/wp-json\/wp\/v2\/comments?post=1663"}],"version-history":[{"count":5,"href":"https:\/\/www.huashu-tech.com\/de\/wp-json\/wp\/v2\/pages\/1663\/revisions"}],"predecessor-version":[{"id":7888,"href":"https:\/\/www.huashu-tech.com\/de\/wp-json\/wp\/v2\/pages\/1663\/revisions\/7888"}],"up":[{"embeddable":true,"href":"https:\/\/www.huashu-tech.com\/de\/wp-json\/wp\/v2\/pages\/1659"}],"wp:attachment":[{"href":"https:\/\/www.huashu-tech.com\/de\/wp-json\/wp\/v2\/media?parent=1663"}],"curies":[{"name":"wp","href":"https:\/\/api.w.org\/{rel}","templated":true}]}}