{"id":1637,"date":"2023-01-13T03:36:41","date_gmt":"2023-01-12T19:36:41","guid":{"rendered":"https:\/\/www.huashu-tech.com\/?page_id=1637"},"modified":"2024-05-07T11:02:37","modified_gmt":"2024-05-07T03:02:37","slug":"lt","status":"publish","type":"page","link":"https:\/\/www.huashu-tech.com\/de\/about-hs\/business\/lt\/","title":{"rendered":"PRE-ORDER SCHEDULING"},"content":{"rendered":"<div class=\"banner has-hover hide-for-small\" id=\"banner-730283724\">\n          <div class=\"banner-inner fill\">\n        <div class=\"banner-bg fill\" >\n            <div class=\"bg fill bg-fill\"><\/div>\n                                    \n                    <\/div>\n\t\t\n        <div class=\"banner-layers container\">\n            <div class=\"fill banner-link\"><\/div>            \n\n   <div id=\"text-box-1588010275\" class=\"text-box banner-layer x100 md-x100 lg-x100 y50 md-y50 lg-y50 res-text\">\n                                <div class=\"text-box-content text dark\">\n              \n              <div class=\"text-inner text-center\">\n                  \n\n\t<div id=\"text-1069253958\" class=\"text regular\">\n\t\t\n\n<h3>Technologie pr\u00e4gt die intelligente Zukunft<br \/>\n<\/h3>\n\t\t\n<style>\n#text-1069253958 {\n  font-size: 1rem;\n  text-align: left;\n}\n@media (min-width:550px) {\n  #text-1069253958 {\n    font-size: 1.2rem;\n  }\n}\n<\/style>\n\t<\/div>\n\t\n\t<div id=\"text-3529953260\" class=\"text regular\">\n\t\t\n\n<p>Die Lieferkette mit der unbegrenzten Vorstellungskraft intelligenter Technologie verbinden<\/p>\n\t\t\n<style>\n#text-3529953260 {\n  font-size: 0.95rem;\n  text-align: left;\n}\n<\/style>\n\t<\/div>\n\t\n\n              <\/div>\n           <\/div>\n                            \n<style>\n#text-box-1588010275 .text-box-content {\n  background-color: rgb(19, 100, 181);\n  font-size: 100%;\n}\n#text-box-1588010275 .text-inner {\n  padding: 22px 22px 22px 22px;\n}\n#text-box-1588010275 {\n  width: 100%;\n}\n@media (min-width:550px) {\n  #text-box-1588010275 .text-inner {\n    padding: 32px 32px 32px 32px;\n  }\n  #text-box-1588010275 {\n    width: 60%;\n  }\n}\n<\/style>\n    <\/div>\n \n\n        <\/div>\n      <\/div>\n\n            \n<style>\n#banner-730283724 {\n  padding-top: 300px;\n}\n#banner-730283724 .bg.bg-loaded {\n  background-image: url(https:\/\/www.huashu-tech.com\/wp-content\/uploads\/about-hs-banner-scaled.webp);\n}\n#banner-730283724 .ux-shape-divider--top svg {\n  height: 150px;\n  --divider-top-width: 100%;\n}\n#banner-730283724 .ux-shape-divider--bottom svg {\n  height: 150px;\n  --divider-width: 100%;\n}\n<\/style>\n  <\/div>\n\n\n\n  <div class=\"banner has-hover show-for-small\" id=\"banner-564318542\">\n          <div class=\"banner-inner fill\">\n        <div class=\"banner-bg fill\" >\n            <div class=\"bg fill bg-fill\"><\/div>\n                                    \n                    <\/div>\n\t\t\n        <div class=\"banner-layers container\">\n            <div class=\"fill banner-link\"><\/div>            \n\n   <div id=\"text-box-1461026056\" class=\"text-box banner-layer x100 md-x100 lg-x100 y50 md-y50 lg-y50 res-text\">\n                                <div class=\"text-box-content text dark\">\n              \n              <div class=\"text-inner text-center\">\n                  \n\n\t<div id=\"text-373147847\" class=\"text regular\">\n\t\t\n\n<h3>Technologie pr\u00e4gt die intelligente Zukunft<br \/>\n<\/h3>\n\t\t\n<style>\n#text-373147847 {\n  font-size: 1rem;\n  text-align: left;\n}\n@media (min-width:550px) {\n  #text-373147847 {\n    font-size: 1.2rem;\n  }\n}\n<\/style>\n\t<\/div>\n\t\n\t<div id=\"text-3013295587\" class=\"text regular\">\n\t\t\n\n<p>Die Lieferkette mit der unbegrenzten Vorstellungskraft intelligenter Technologie verbinden<\/p>\n\t\t\n<style>\n#text-3013295587 {\n  font-size: 0.95rem;\n  text-align: left;\n}\n<\/style>\n\t<\/div>\n\t\n\n              <\/div>\n           <\/div>\n                            \n<style>\n#text-box-1461026056 .text-box-content {\n  background-color: rgba(19, 100, 181, 0.622);\n  font-size: 100%;\n}\n#text-box-1461026056 .text-inner {\n  padding: 22px 22px 22px 22px;\n}\n#text-box-1461026056 {\n  width: 100%;\n}\n@media (min-width:550px) {\n  #text-box-1461026056 .text-inner {\n    padding: 32px 32px 32px 32px;\n  }\n  #text-box-1461026056 {\n    width: 52%;\n  }\n}\n<\/style>\n    <\/div>\n \n\n        <\/div>\n      <\/div>\n\n            \n<style>\n#banner-564318542 {\n  padding-top: 280px;\n}\n#banner-564318542 .bg.bg-loaded {\n  background-image: url(https:\/\/www.huashu-tech.com\/wp-content\/uploads\/about-hs-banner-scaled.webp);\n}\n#banner-564318542 .ux-shape-divider--top svg {\n  height: 150px;\n  --divider-top-width: 100%;\n}\n#banner-564318542 .ux-shape-divider--bottom svg {\n  height: 150px;\n  --divider-width: 100%;\n}\n@media (min-width:550px) {\n  #banner-564318542 {\n    padding-top: 300px;\n  }\n}\n<\/style>\n  <\/div>\n\n\n\t<section class=\"section active\" id=\"section_239727294\">\n\t\t<div class=\"bg section-bg fill bg-fill  bg-loaded\" >\n\n\t\t\t\n\t\t\t\n\t\t\t\n\n\t\t<\/div>\n\n\t\t\n\n\t\t<div class=\"section-content relative\">\n\t\t\t\n<div class=\"row row-collapse\"  id=\"row-807051394\">\n\n\t<div id=\"col-2030762999\" class=\"col small-12 large-12\"  >\n\t\t\t\t<div class=\"col-inner\"  >\n\t\t\t\n\t\t\t\n\t<div id=\"stack-1484307189\" class=\"stack stack-row justify-center items-stretch\">\n\t\t\n<a href=\"https:\/\/www.huashu-tech.com\/de\/about-hs\/\" target=\"_self\" class=\"button primary is-link\"  >\n    <span>\u00dcber HUASHU<\/span>\n  <\/a>\n\n<a href=\"https:\/\/www.huashu-tech.com\/de\/about-hs\/why-huashu\/\" target=\"_self\" class=\"button primary is-link\"  >\n    <span>Warum HUASHU<\/span>\n  <\/a>\n\n<a href=\"https:\/\/www.huashu-tech.com\/de\/about-hs\/business\/\" target=\"_self\" class=\"button primary is-link active\"  >\n    <span>Gesch\u00e4ft<\/span>\n  <\/a>\n\n<a href=\"https:\/\/www.huashu-tech.com\/de\/about-hs\/quality\/\" target=\"_self\" class=\"button primary is-link\"  >\n    <span>QC-Management<\/span>\n  <\/a>\n\n<a href=\"https:\/\/www.huashu-tech.com\/de\/about-hs\/duty\/\" target=\"_self\" class=\"button primary is-link\"  >\n    <span>Unternehmensvision<\/span>\n  <\/a>\n\n\t\t\n<style>\n#stack-1484307189 > * {\n  --stack-gap: 5rem;\n}\n<\/style>\n\t<\/div>\n\t\n<div class=\"is-divider divider clearfix\" style=\"max-width:100%;height:1px;background-color:rgb(238, 238, 238);\"><\/div>\n\t\t<\/div>\n\t\t\t\t\t<\/div>\n\n\t\n<\/div>\n\t\t<\/div>\n\n\t\t\n<style>\n#section_239727294 {\n  padding-top: 30px;\n  padding-bottom: 30px;\n}\n#section_239727294 .ux-shape-divider--top svg {\n  height: 150px;\n  --divider-top-width: 100%;\n}\n#section_239727294 .ux-shape-divider--bottom svg {\n  height: 150px;\n  --divider-width: 100%;\n}\n<\/style>\n\t<\/section>\n\t\n\t<section class=\"section\" id=\"section_1519031249\">\n\t\t<div class=\"bg section-bg fill bg-fill  bg-loaded\" >\n\n\t\t\t\n\t\t\t\n\t\t\t\n\n\t\t<\/div>\n\n\t\t\n\n\t\t<div class=\"section-content relative\">\n\t\t\t\n<div class=\"row\"  id=\"row-91012315\">\n\n\t<div id=\"col-1728327520\" class=\"col small-12 large-12\"  >\n\t\t\t\t<div class=\"col-inner\"  >\n\t\t\t\n\t\t\t\n\t<div id=\"text-1569118648\" class=\"text\">\n\t\t\n<h1>VORLAUFZEIT KAUF<\/h1>\n\t\t\n<style>\n#text-1569118648 {\n  font-size: 1.4rem;\n  text-align: center;\n}\n<\/style>\n\t<\/div>\n\t\n\t\t<\/div>\n\t\t\t\t\t<\/div>\n\n\t\n<\/div>\n<div class=\"row\"  id=\"row-1658076161\">\n\n\t<div id=\"col-59077581\" class=\"col small-12 large-12\"  >\n\t\t\t\t<div class=\"col-inner\"  >\n\t\t\t\n\t\t\t\n\t<div id=\"text-317703305\" class=\"text indent\">\n\t\t\n<p>Huashu ist ein Channel-H\u00e4ndler f\u00fcr TI-Bestellungen, hat die Produktpalette um Bestellungen erweitert, bedient haupts\u00e4chlich EMS, ODM und andere Endkunden und unterst\u00fctzt seit mehr als zehn Jahren die Zusammenarbeit mit Handelskunden. Mit dem Aufschwung inl\u00e4ndischer Chips in den letzten zwei Jahren haben wir uns auch daf\u00fcr entschieden, als Vertreter von Peach Core Bluetooth-Chips zu fungieren, um inl\u00e4ndische Chips zu f\u00f6rdern und Endkunden eine Auswahl zu bieten sowie autorisierten H\u00e4ndlern die Unterst\u00fctzung lokaler Originalhersteller zu bieten nahm weiter zu. Daher \u00fcbernimmt Huashu das Gesch\u00e4ftsmodell der Auftrags-\/Lagerverteilung, autorisierten Vertreter und L\u00f6sungsentwicklung; Der Vertrieb elektronischer Komponenten legt Wert auf eine p\u00fcnktliche und garantierte Lieferung der Kundenbestellungen. Andererseits kann der technische Support den Kunden bevorzugte L\u00f6sungen anbieten. Das Angebot an elektronischen Komponenten und L\u00f6sungsdesign-Dienstleistungen erg\u00e4nzen sich gegenseitig und zielen auf eine schnelle Reaktion der Produktentwicklung und Massenproduktion bei Kunden ab;<\/p>\n\t\t\n<style>\n#text-317703305 {\n  line-height: 1.8;\n}\n<\/style>\n\t<\/div>\n\t\n\t\t<\/div>\n\t\t\t\t\t<\/div>\n\n\t\n<\/div>\n\t\t<\/div>\n\n\t\t\n<style>\n#section_1519031249 {\n  padding-top: 30px;\n  padding-bottom: 30px;\n}\n#section_1519031249 .ux-shape-divider--top svg {\n  height: 150px;\n  --divider-top-width: 100%;\n}\n#section_1519031249 .ux-shape-divider--bottom svg {\n  height: 150px;\n  --divider-width: 100%;\n}\n<\/style>\n\t<\/section>\n\t\n\t<section class=\"section\" id=\"section_121889798\">\n\t\t<div class=\"bg section-bg fill bg-fill  bg-loaded\" >\n\n\t\t\t\n\t\t\t\n\t\t\t\n\n\t\t<\/div>\n\n\t\t\n\n\t\t<div class=\"section-content relative\">\n\t\t\t\n\t<div id=\"gap-975524837\" class=\"gap-element clearfix\" style=\"display:block; height:auto;\">\n\t\t\n<style>\n#gap-975524837 {\n  padding-top: 30px;\n}\n<\/style>\n\t<\/div>\n\t\n<div class=\"row\"  id=\"row-365440911\">\n\n\t<div id=\"col-1476028891\" class=\"col medium-6 small-12 large-6\"  >\n\t\t\t\t<div class=\"col-inner\"  >\n\t\t\t\n\t\t\t\n\t<div class=\"img has-hover x md-x lg-x y md-y lg-y\" id=\"image_1308015964\">\n\t\t\t\t\t\t\t\t<div class=\"img-inner dark\" >\n\t\t\t<img width=\"1000\" height=\"562\" src=\"https:\/\/www.huashu-tech.com\/wp-content\/uploads\/2-9.webp\" class=\"attachment-large size-large\" alt=\"\" loading=\"lazy\" \/>\t\t\t\t\t\t\n\t\t\t\t\t<\/div>\n\t\t\t\t\t\t\t\t\n<style>\n#image_1308015964 {\n  width: 100%;\n}\n<\/style>\n\t<\/div>\n\t\n\t\t<\/div>\n\t\t\t\t\t<\/div>\n\n\t\n\n\t<div id=\"col-1724119941\" class=\"col medium-6 small-12 large-6\"  >\n\t\t\t\t<div class=\"col-inner\"  >\n\t\t\t\n\t\t\t\n\t<div id=\"text-2876590625\" class=\"text\">\n\t\t\n<h3>Der Grundsatz \u201eDer Kunde steht an erster Stelle des Dienstes\u201c.<\/h3>\n\t\t\n<style>\n#text-2876590625 {\n  font-size: 1.4rem;\n  text-align: left;\n}\n<\/style>\n\t<\/div>\n\t\n\t<div id=\"text-3841475498\" class=\"text\">\n\t\t\n<ul>\n<li>Wir h\u00f6ren auf die Bed\u00fcrfnisse der Endkunden und stellen in enger Zusammenarbeit ein Portfolio f\u00fcr die Ger\u00e4teversorgung zusammen.<\/li>\n<li>Wir bieten unseren Kunden lieferkettenseitige Beratung durch eingehende Marktforschung, um ihre Produktionsstabilit\u00e4t sicherzustellen;<\/li>\n<li>Wir helfen Kunden in der intelligenten Fertigungsindustrie und verbessern die Lieferkette der Branche mit elektronischen Ger\u00e4ten.<\/li>\n<\/ul>\n\t\t\n<style>\n#text-3841475498 {\n  line-height: 1.8;\n}\n<\/style>\n\t<\/div>\n\t\n\t\t<\/div>\n\t\t\t\t\t<\/div>\n\n\t\n<\/div>\n\t\t<\/div>\n\n\t\t\n<style>\n#section_121889798 {\n  padding-top: 40px;\n  padding-bottom: 40px;\n  background-color: rgb(247, 247, 247);\n}\n#section_121889798 .ux-shape-divider--top svg {\n  height: 150px;\n  --divider-top-width: 100%;\n}\n#section_121889798 .ux-shape-divider--bottom svg {\n  height: 150px;\n  --divider-width: 100%;\n}\n<\/style>\n\t<\/section>\n\t\n\t<section class=\"section\" id=\"section_417138982\">\n\t\t<div class=\"bg section-bg fill bg-fill  bg-loaded\" >\n\n\t\t\t\n\t\t\t\n\t\t\t\n\n\t\t<\/div>\n\n\t\t\n\n\t\t<div class=\"section-content relative\">\n\t\t\t\n\t<div id=\"gap-541433985\" class=\"gap-element clearfix\" style=\"display:block; height:auto;\">\n\t\t\n<style>\n#gap-541433985 {\n  padding-top: 30px;\n}\n<\/style>\n\t<\/div>\n\t\n<div class=\"row\"  id=\"row-650514091\">\n\n\t<div id=\"col-643224616\" class=\"col medium-6 small-12 large-6\"  >\n\t\t\t\t<div class=\"col-inner\"  >\n\t\t\t\n\t\t\t\n\t<div id=\"text-2216241683\" class=\"text\">\n\t\t\n<h3>Ergebnisorientierte Kanalunterst\u00fctzungsf\u00e4higkeit<\/h3>\n\t\t\n<style>\n#text-2216241683 {\n  font-size: 1.4rem;\n  text-align: left;\n}\n<\/style>\n\t<\/div>\n\t\n\t<div id=\"text-3233496650\" class=\"text\">\n\t\t\n<ul>\n<li>Kostenreduzierung. Wir bieten unseren Kunden den \u201ewettbewerbsf\u00e4higsten Preis\u201c, indem wir die Preise von H\u00e4ndlern in verschiedenen Regionen der Welt vergleichen;<\/li>\n<li>Direkte Lieferkan\u00e4le mit autorisierten Vertretern und gro\u00dfen globalen EMS-OEM-Kan\u00e4len;<\/li>\n<li>Annahme von FORECAST-Bestellungen von Kunden, JIT-Lieferung und Annahme von Bestell\u00e4nderungen von Kunden innerhalb von 4 Wochen;<\/li>\n<li>Leistungsstarkes, funktionierendes globales Lieferkettensystem und fortschrittliche E-Commerce-F\u00e4higkeit.<\/li>\n<\/ul>\n\t\t\n<style>\n#text-3233496650 {\n  line-height: 1.8;\n}\n<\/style>\n\t<\/div>\n\t\n\t\t<\/div>\n\t\t\t\t\t<\/div>\n\n\t\n\n\t<div id=\"col-1109311746\" class=\"col medium-6 small-12 large-6\"  >\n\t\t\t\t<div class=\"col-inner\"  >\n\t\t\t\n\t\t\t\n\t<div class=\"img has-hover x md-x lg-x y md-y lg-y\" id=\"image_1457538319\">\n\t\t\t\t\t\t\t\t<div class=\"img-inner dark\" >\n\t\t\t<img width=\"1000\" height=\"563\" src=\"https:\/\/www.huashu-tech.com\/wp-content\/uploads\/2-10.webp\" class=\"attachment-large size-large\" alt=\"\" loading=\"lazy\" \/>\t\t\t\t\t\t\n\t\t\t\t\t<\/div>\n\t\t\t\t\t\t\t\t\n<style>\n#image_1457538319 {\n  width: 100%;\n}\n<\/style>\n\t<\/div>\n\t\n\t\t<\/div>\n\t\t\t\t\t<\/div>\n\n\t\n<\/div>\n\t\t<\/div>\n\n\t\t\n<style>\n#section_417138982 {\n  padding-top: 40px;\n  padding-bottom: 40px;\n}\n#section_417138982 .ux-shape-divider--top svg {\n  height: 150px;\n  --divider-top-width: 100%;\n}\n#section_417138982 .ux-shape-divider--bottom svg {\n  height: 150px;\n  --divider-width: 100%;\n}\n<\/style>\n\t<\/section>\n\t\n\t<section class=\"section\" id=\"section_758952773\">\n\t\t<div class=\"bg section-bg fill bg-fill  bg-loaded\" >\n\n\t\t\t\n\t\t\t\n\t\t\t\n\n\t\t<\/div>\n\n\t\t\n\n\t\t<div class=\"section-content relative\">\n\t\t\t\n\t<div id=\"gap-524395627\" class=\"gap-element clearfix\" style=\"display:block; height:auto;\">\n\t\t\n<style>\n#gap-524395627 {\n  padding-top: 30px;\n}\n<\/style>\n\t<\/div>\n\t\n<div class=\"row\"  id=\"row-2050293499\">\n\n\t<div id=\"col-638156086\" class=\"col medium-6 small-12 large-6\"  >\n\t\t\t\t<div class=\"col-inner\"  >\n\t\t\t\n\t\t\t\n\t<div class=\"img has-hover x md-x lg-x y md-y lg-y\" id=\"image_506532343\">\n\t\t\t\t\t\t\t\t<div class=\"img-inner dark\" >\n\t\t\t<img width=\"1000\" height=\"562\" src=\"https:\/\/www.huashu-tech.com\/wp-content\/uploads\/2-7.webp\" class=\"attachment-large size-large\" alt=\"\" loading=\"lazy\" \/>\t\t\t\t\t\t\n\t\t\t\t\t<\/div>\n\t\t\t\t\t\t\t\t\n<style>\n#image_506532343 {\n  width: 100%;\n}\n<\/style>\n\t<\/div>\n\t\n\t\t<\/div>\n\t\t\t\t\t<\/div>\n\n\t\n\n\t<div id=\"col-1197793218\" class=\"col medium-6 small-12 large-6\"  >\n\t\t\t\t<div class=\"col-inner\"  >\n\t\t\t\n\t\t\t\n\t<div id=\"text-529930551\" class=\"text\">\n\t\t\n<h3>Original-Qualit\u00e4tsversprechen<\/h3>\n\t\t\n<style>\n#text-529930551 {\n  font-size: 1.4rem;\n  text-align: left;\n}\n<\/style>\n\t<\/div>\n\t\n\t<div id=\"text-3911684866\" class=\"text\">\n\t\t\n<ul>\n<li>Unsere Einhaltung der Arbeitsstandards des Qualit\u00e4tszertifizierungssystems ISO 9001;<\/li>\n<li>Unser Beharren auf 100%-Originalit\u00e4tsgarantie und 100%-R\u00fcckverfolgbarkeit der gelieferten Produkte;<\/li>\n<li>Wir bieten Produkte und Dienstleistungen, auf die sich unsere Kunden und Partner stets verlassen k\u00f6nnen;<\/li>\n<li>Wir setzen und erreichen hohe Qualit\u00e4ts- und Arbeitsstandards.<\/li>\n<\/ul>\n\t\t\n<style>\n#text-3911684866 {\n  line-height: 1.8;\n}\n<\/style>\n\t<\/div>\n\t\n\t\t<\/div>\n\t\t\t\t\t<\/div>\n\n\t\n<\/div>\n\t\t<\/div>\n\n\t\t\n<style>\n#section_758952773 {\n  padding-top: 40px;\n  padding-bottom: 40px;\n  background-color: rgb(247, 247, 247);\n}\n#section_758952773 .ux-shape-divider--top svg {\n  height: 150px;\n  --divider-top-width: 100%;\n}\n#section_758952773 .ux-shape-divider--bottom svg {\n  height: 150px;\n  --divider-width: 100%;\n}\n<\/style>\n\t<\/section>\n\t\n\t<section class=\"section\" id=\"section_891343346\">\n\t\t<div class=\"bg section-bg fill bg-fill  bg-loaded\" >\n\n\t\t\t\n\t\t\t<div class=\"section-bg-overlay absolute fill\"><\/div>\n\t\t\t\n\n\t\t<\/div>\n\n\t\t\n\n\t\t<div class=\"section-content relative\">\n\t\t\t\n\t<div id=\"gap-122837139\" class=\"gap-element clearfix\" style=\"display:block; height:auto;\">\n\t\t\n<style>\n#gap-122837139 {\n  padding-top: 30px;\n}\n<\/style>\n\t<\/div>\n\t\n<div class=\"row\"  id=\"row-1972694693\">\n\n\t<div id=\"col-1358767272\" class=\"col medium-6 small-12 large-6\"  >\n\t\t\t\t<div class=\"col-inner\"  >\n\t\t\t\n\t\t\t\n\t<div id=\"text-175662390\" class=\"text\">\n\t\t\n<h3>Stabile Lieferf\u00e4higkeit<\/h3>\n\t\t\n<style>\n#text-175662390 {\n  font-size: 1.4rem;\n  text-align: left;\n}\n<\/style>\n\t<\/div>\n\t\n\t<div id=\"text-3877273507\" class=\"text\">\n\t\t\n<ul>\n<li>Huashu Technology betont die F\u00e4higkeit einer stabilen Lieferung, insbesondere bei relativ volatilen Marktbedingungen, da die Lieferung der aufgegebenen Bestellungen vollst\u00e4ndig garantiert ist;<\/li>\n<li>Huashu integriert Ressourcen auf der Angebotsseite des Unternehmens mit einer angemessenen Bevorratung, um eine stabile Lieferung an die Kunden in Zeiten nicht vorr\u00e4tiger Lagerbest\u00e4nde sicherzustellen.<\/li>\n<\/ul>\n\t\t\n<style>\n#text-3877273507 {\n  line-height: 1.8;\n}\n<\/style>\n\t<\/div>\n\t\n\t\t<\/div>\n\t\t\t\t\t<\/div>\n\n\t\n\n\t<div id=\"col-1904025110\" class=\"col medium-6 small-12 large-6\"  >\n\t\t\t\t<div class=\"col-inner\"  >\n\t\t\t\n\t\t\t\n\t<div class=\"img has-hover x md-x lg-x y md-y lg-y\" id=\"image_1724360379\">\n\t\t\t\t\t\t\t\t<div class=\"img-inner dark\" >\n\t\t\t<img width=\"1020\" height=\"574\" src=\"https:\/\/www.huashu-tech.com\/wp-content\/uploads\/2-9-1.webp\" class=\"attachment-large size-large\" alt=\"\" loading=\"lazy\" \/>\t\t\t\t\t\t\n\t\t\t\t\t<\/div>\n\t\t\t\t\t\t\t\t\n<style>\n#image_1724360379 {\n  width: 100%;\n}\n<\/style>\n\t<\/div>\n\t\n\t\t<\/div>\n\t\t\t\t\t<\/div>\n\n\t\n<\/div>\n\t\t<\/div>\n\n\t\t\n<style>\n#section_891343346 {\n  padding-top: 40px;\n  padding-bottom: 40px;\n}\n#section_891343346 .section-bg-overlay {\n  background-color: rgb(247, 247, 247);\n}\n#section_891343346 .ux-shape-divider--top svg {\n  height: 150px;\n  --divider-top-width: 100%;\n}\n#section_891343346 .ux-shape-divider--bottom svg {\n  height: 150px;\n  --divider-width: 100%;\n}\n<\/style>\n\t<\/section>","protected":false},"excerpt":{"rendered":"","protected":false},"author":1,"featured_media":0,"parent":1625,"menu_order":0,"comment_status":"closed","ping_status":"closed","template":"page-blank.php","meta":[],"acf":[],"_links":{"self":[{"href":"https:\/\/www.huashu-tech.com\/de\/wp-json\/wp\/v2\/pages\/1637"}],"collection":[{"href":"https:\/\/www.huashu-tech.com\/de\/wp-json\/wp\/v2\/pages"}],"about":[{"href":"https:\/\/www.huashu-tech.com\/de\/wp-json\/wp\/v2\/types\/page"}],"author":[{"embeddable":true,"href":"https:\/\/www.huashu-tech.com\/de\/wp-json\/wp\/v2\/users\/1"}],"replies":[{"embeddable":true,"href":"https:\/\/www.huashu-tech.com\/de\/wp-json\/wp\/v2\/comments?post=1637"}],"version-history":[{"count":19,"href":"https:\/\/www.huashu-tech.com\/de\/wp-json\/wp\/v2\/pages\/1637\/revisions"}],"predecessor-version":[{"id":8803,"href":"https:\/\/www.huashu-tech.com\/de\/wp-json\/wp\/v2\/pages\/1637\/revisions\/8803"}],"up":[{"embeddable":true,"href":"https:\/\/www.huashu-tech.com\/de\/wp-json\/wp\/v2\/pages\/1625"}],"wp:attachment":[{"href":"https:\/\/www.huashu-tech.com\/de\/wp-json\/wp\/v2\/media?parent=1637"}],"curies":[{"name":"wp","href":"https:\/\/api.w.org\/{rel}","templated":true}]}}